{"id":995,"date":"2024-11-19T16:27:43","date_gmt":"2024-11-19T16:27:43","guid":{"rendered":"https:\/\/saccosystem.com\/?page_id=995"},"modified":"2026-02-02T17:16:35","modified_gmt":"2026-02-02T16:16:35","slug":"produits-de-boulangerie","status":"publish","type":"page","link":"https:\/\/saccosystem.com\/fr\/food\/produits-de-boulangerie\/","title":{"rendered":"Produits de boulangerie"},"content":{"rendered":"\n<div class=\"title-style-2 gradient-food\">\n            <div class=\"breadcrumbs style-2\">\n                <div class=\"container\">\n                    <div class=\"row\">\n                <div class=\"col\">\n                    <div class=\"pages\">\n                <span class=\"page parent\"><a href=\"https:\/\/saccosystem.com\/fr\/food\/\">Food<\/a><span class=\"separator\">&gt;<\/span><\/span><span class=\"page current\">Produits de boulangerie<\/span>                    <\/div>\n                <\/div>\n            <\/div>\n                <\/div>\n            <\/div>\n    <div class=\"container\">\n        <div class=\"row\">\n            <div class=\"col\">\n                <h1>\n                    Produits de boulangerie\n                <\/h1>\n            <\/div>\n        <\/div>\n    <\/div>\n<\/div>\n\n\n<div class=\"text-section\">\n    <div class=\"container\">\n            <div class=\"row\">\n            <div class=\"col-md-7 offset-md-1\">\n                <div class=\"intro-text\">\n                    <div class=\" push-down-20\">\n<p>Les ferments s\u00e9lectionn\u00e9s par Sacco System sont parfaits pour la fabrication de produits de boulangerie classiques tels que le\u00a0<strong>pain, la pizza, les fougasses\u00a0<\/strong>et les\u00a0<strong>produits de confiserie\u00a0<\/strong>mais aussi pour la fermentation de\u00a0<strong>produits sans gluten<\/strong>.<\/p>\n<\/div>\n                <\/div>\n            <\/div>\n        <\/div>\n            <div class=\"row\">\n            <div class=\"col-md-5 offset-md-1\">\n                <p>L\u2019utilisation de\u00a0<strong>ferments lactiques\u00a0<\/strong>dans la fabrication de\u00a0<strong>produits de boulangerie<\/strong>\u00a0permet de contr\u00f4ler et de standardiser le levain ou bien de faire \u00ab\u00a0lever\u00a0\u00bb les p\u00e2tes en rempla\u00e7ant totalement la levure de bi\u00e8re. Sacco System a s\u00e9lectionn\u00e9 uniquement les meilleurs\u00a0<strong>ferments lactiques\u00a0<\/strong>du levain pour cr\u00e9er le\u00a0<strong><em>Ferment P\u00e8re<\/em><\/strong>, qui permet la panification sans ajout de levure de bi\u00e8re.<\/p>\n            <\/div>\n            <div class=\"col-md-5\">\n                <h3>Pourquoi utiliser le\u00a0<em>Ferment P\u00e8re<\/em><\/h3>\n<p>Le\u00a0<em>Ferment P\u00e8re<\/em>\u00a0est\u00a0<strong>pratique \u00e0 utiliser\u00a0<\/strong>: il s\u2019applique dans la\u00a0<strong>panification directe<\/strong>, de mani\u00e8re analogue \u00e0 une levure instantan\u00e9e, en ne laissant la p\u00e2te lever que quelques heures. La panification avec le\u00a0<em>Ferment P\u00e8re<\/em>\u00a0est la v\u00e9ritable r\u00e9volution attendue par les\u00a0<strong>personnes intol\u00e9rantes \u00e0 la levure<\/strong>, mais encore plus par les fins gourmets, \u00e0 la recherche de produits nouveaux et app\u00e9tissants.<\/p>\n            <\/div>\n        <\/div>\n    <\/div>\n<\/div>\n\n<div class=\"applications applications-discover block\">\n    <div class=\"header\">        <div class=\"container\">\n            <div class=\"row\">\n                <div class=\"col-md-4\">\n                    <h3>                        D\u00e9couvrir les ingr\u00e9dients par application sp\u00e9cifique                    <\/h3>                <\/div>\n                <div class=\"col-md-8 text-end\">\n                <a href=\"https:\/\/saccosystem.com\/fr\/food\/ingredienti\/\" class=\"button large\">D\u00e9couvrir les ingr\u00e9dients<\/a>                <\/div>\n            <\/div>\n        <\/div>\n    <\/div>                            <div class=\"container\">\n                    <div class=\"row\">\n                        <div class=\"col\">\n                            <div class=\"items\">                                                                                        <div class=\"item\">\n                                    <div class=\"name\">\n                                        <a href=\"https:\/\/saccosystem.com\/fr\/food\/ingredienti\/?application-filter=prodotti-da-forno\">\n                                            Produits de boulangerie                                        <\/a>\n                                    <\/div>\n                                    <div class=\"description\">\n                                        <p>Ingredienti e soluzioni per Prodotti da Forno<\/p>\n                                    <\/div>\n                                <\/div>\n                                                                                    <\/div>                            <div>                        <\/div>\n                    <\/div>\n                <\/div>\n            <\/div>\n\n\n<p><\/p>\n","protected":false},"excerpt":{"rendered":"","protected":false},"author":1,"featured_media":0,"parent":152,"menu_order":0,"comment_status":"closed","ping_status":"closed","template":"","meta":{"_acf_changed":false,"footnotes":""},"class_list":["post-995","page","type-page","status-publish","hentry"],"acf":[],"_links":{"self":[{"href":"https:\/\/saccosystem.com\/fr\/wp-json\/wp\/v2\/pages\/995","targetHints":{"allow":["GET"]}}],"collection":[{"href":"https:\/\/saccosystem.com\/fr\/wp-json\/wp\/v2\/pages"}],"about":[{"href":"https:\/\/saccosystem.com\/fr\/wp-json\/wp\/v2\/types\/page"}],"author":[{"embeddable":true,"href":"https:\/\/saccosystem.com\/fr\/wp-json\/wp\/v2\/users\/1"}],"replies":[{"embeddable":true,"href":"https:\/\/saccosystem.com\/fr\/wp-json\/wp\/v2\/comments?post=995"}],"version-history":[{"count":1,"href":"https:\/\/saccosystem.com\/fr\/wp-json\/wp\/v2\/pages\/995\/revisions"}],"predecessor-version":[{"id":24087,"href":"https:\/\/saccosystem.com\/fr\/wp-json\/wp\/v2\/pages\/995\/revisions\/24087"}],"up":[{"embeddable":true,"href":"https:\/\/saccosystem.com\/fr\/wp-json\/wp\/v2\/pages\/152"}],"wp:attachment":[{"href":"https:\/\/saccosystem.com\/fr\/wp-json\/wp\/v2\/media?parent=995"}],"curies":[{"name":"wp","href":"https:\/\/api.w.org\/{rel}","templated":true}]}}