{"id":5510,"date":"2024-12-11T16:52:32","date_gmt":"2024-12-11T15:52:32","guid":{"rendered":"https:\/\/saccosystem.com\/?page_id=5510"},"modified":"2026-02-02T17:42:22","modified_gmt":"2026-02-02T16:42:22","slug":"solutions","status":"publish","type":"page","link":"https:\/\/saccosystem.com\/fr\/solutions\/","title":{"rendered":"Solutions"},"content":{"rendered":"\n<div class=\"title-style-2 gradient-agrovet\">\n            <div class=\"breadcrumbs style-2\">\n                <div class=\"container\">\n                    <div class=\"row\">\n                <div class=\"col\">\n                    <div class=\"pages\">\n                <span class=\"page parent\"><a href=\"https:\/\/saccosystem.com\/fr\/agro-vet\/\">Agro-Vet<\/a><span class=\"separator\">&gt;<\/span><\/span><span class=\"page current\">Solutions<\/span>                    <\/div>\n                <\/div>\n            <\/div>\n                <\/div>\n            <\/div>\n    <div class=\"container\">\n        <div class=\"row\">\n            <div class=\"col\">\n                <h1>\n                    Solutions                <\/h1>\n            <\/div>\n        <\/div>\n    <\/div>\n<\/div>\n\n\n<div class=\"text-section\">\n    <div class=\"container\">\n            <div class=\"row\">\n            <div class=\"col-md-7 offset-md-1\">\n                <div class=\"intro-text\">\n                    <p>Custom Fermentation Service<\/p>\n                <\/div>\n            <\/div>\n        <\/div>\n            <div class=\"row\">\n            <div class=\"col-md-5 offset-md-1\">\n                <p style=\"font-weight: 400;\">Nous proposons un service de fermentation aux entreprises poss\u00e9dant des souches propri\u00e9taires.<\/p>\n            <\/div>\n            <div class=\"col-md-5\">\n                <p>&nbsp;<\/p>\n<p>&nbsp;<\/p>\n            <\/div>\n        <\/div>\n    <\/div>\n<\/div>\n\n<div class=\"text-section\">\n    <div class=\"container\">\n            <div class=\"row\">\n            <div class=\"col-md-7 offset-md-1\">\n                <div class=\"intro-text\">\n                    <p>Solutions agro-v\u00e9t\u00e9rinaires d\u00e9di\u00e9es<\/p>\n                <\/div>\n            <\/div>\n        <\/div>\n            <div class=\"row\">\n            <div class=\"col-md-5 offset-md-1\">\n                <p>Nous proposons \u00e0 nos clients des solutions flexibles et sur mesure, le d\u00e9veloppement de nouveaux produits, des probiotiques et des postbiotiques.<\/p>\n            <\/div>\n            <div class=\"col-md-5\">\n                            <\/div>\n        <\/div>\n    <\/div>\n<\/div>\n\n<div class=\"cards-cta\">\n    <div class=\"container\">\n        <div class=\"row\">\n            <div class=\"col\">\n                <h2>\n                                    <\/h2>\n            <\/div>\n        <\/div>\n    <\/div>\n    <div class=\"card\" data-permalink=\"https:\/\/saccosystem.com\/fr\/agro-vet\/\">\n        <div class=\"text\">\n            <h3>\n                <a href=\"https:\/\/saccosystem.com\/fr\/agro-vet\/\" target=\"_self\">\n                    Agro-vet                <\/a>\n            <\/h3>\n            <div class=\"description\">\n                <p>Applications pour le secteur agro-v\u00e9t\u00e9rinaire<\/p>\n                <p><\/p>                \n                <div class=\"cta\">\n                    <a href=\"https:\/\/saccosystem.com\/fr\/agro-vet\/\" target=\"_self\">\n                        Explorer                    <\/a>\n                <\/div>\n            <\/div>\n        <\/div>\n        <div class=\"image\" style=\"background: rgba(0,0,0,1) url(https:\/\/saccosystem.com\/wp-content\/uploads\/2024\/11\/139-683008936-Insilati.jpg) no-repeat center center; background-size: cover;\">\n            &nbsp;\n        <\/div>\n    <\/div>\n<\/div>\n\n<div class=\"prefooter\" style=\"background-image: linear-gradient(180deg, rgba(0, 0, 0, 0.3) 23.08%, rgba(0, 0, 0, 0.21) 82.67%, rgba(0, 0, 0, 0) 107.87%), url(https:\/\/saccosystem.com\/wp-content\/uploads\/2024\/12\/mark-koch-KiRlN3jjVNU-unsplash-scaled.jpg); background-repeat: no-repeat, no-repeat; background-position: center center, center center; background-size: cover, cover;\">\n    <div class=\"container\">\n        <div class=\"row\">\n            <div class=\"col\">\n                <div class=\"text\">\n                    <h2>\n                        TRAVAILLE AVEC NOUS                    <\/h2>\n                    <h3>\n                        Aide-nous \u00e0 rendre le monde meilleur.                    <\/h3>\n                    <div class=\"read-more\">\n                        <a href=\"https:\/\/saccosystem.com\/fr\/carrieres\/\">\n                            D\u00c9COUVREZ LES OFFRES D&rsquo;EMPLOI DISPONIBLES.                        <\/a>\n                    <\/div>\n                <\/div>\n            <\/div>\n        <\/div>\n    <\/div>\n<\/div>","protected":false},"excerpt":{"rendered":"","protected":false},"author":1,"featured_media":0,"parent":0,"menu_order":0,"comment_status":"closed","ping_status":"closed","template":"","meta":{"_acf_changed":false,"footnotes":""},"class_list":["post-5510","page","type-page","status-publish","hentry"],"acf":[],"_links":{"self":[{"href":"https:\/\/saccosystem.com\/fr\/wp-json\/wp\/v2\/pages\/5510","targetHints":{"allow":["GET"]}}],"collection":[{"href":"https:\/\/saccosystem.com\/fr\/wp-json\/wp\/v2\/pages"}],"about":[{"href":"https:\/\/saccosystem.com\/fr\/wp-json\/wp\/v2\/types\/page"}],"author":[{"embeddable":true,"href":"https:\/\/saccosystem.com\/fr\/wp-json\/wp\/v2\/users\/1"}],"replies":[{"embeddable":true,"href":"https:\/\/saccosystem.com\/fr\/wp-json\/wp\/v2\/comments?post=5510"}],"version-history":[{"count":1,"href":"https:\/\/saccosystem.com\/fr\/wp-json\/wp\/v2\/pages\/5510\/revisions"}],"predecessor-version":[{"id":24139,"href":"https:\/\/saccosystem.com\/fr\/wp-json\/wp\/v2\/pages\/5510\/revisions\/24139"}],"wp:attachment":[{"href":"https:\/\/saccosystem.com\/fr\/wp-json\/wp\/v2\/media?parent=5510"}],"curies":[{"name":"wp","href":"https:\/\/api.w.org\/{rel}","templated":true}]}}