{"id":4661,"date":"2024-11-19T11:53:02","date_gmt":"2024-11-19T10:53:02","guid":{"rendered":"https:\/\/saccosystem.com\/?page_id=4661"},"modified":"2024-12-10T16:52:00","modified_gmt":"2024-12-10T15:52:00","slug":"probiotiques-pour-les-allergies","status":"publish","type":"page","link":"https:\/\/saccosystem.com\/fr\/active-ingredients\/probiotiques-pour-les-allergies\/","title":{"rendered":"Probiotiques pour les allergies"},"content":{"rendered":"<div class=\"breadcrumbs style-1 no-margin-top\"\">\n        <div class=\"container\">\n            <div class=\"row\">\n            <div class=\"col\">\n                <div class=\"pages\">\n            <span class=\"page parent\"><a href=\"https:\/\/saccosystem.com\/fr\/microbiome\/\">Microbiome<\/a><span class=\"separator\">&gt;<\/span><\/span><span class=\"page parent\"><a href=\"https:\/\/saccosystem.com\/fr\/active-ingredients\/\">Active Ingredients<\/a><span class=\"separator\">&gt;<\/span><\/span><span class=\"page current\">Probiotiques pour les allergies<\/span>                <\/div>\n            <\/div>\n        <\/div>\n        <\/div>\n    <\/div>\n\n<div class=\"ingredients-intro-text block\">\n    <div class=\"container\">\n        <div class=\"row\">\n                        <div class=\"col-md-10\">\n                <h1>\n                    Probiotiques pour les allergies                <\/h1>\n            <\/div>\n        <\/div>\n        <div class=\"row\">\n            <div class=\"col-md-7 offset-md-1\">\n                <div class=\"intro-text\">\n                                    <\/div>\n            <\/div>\n        <\/div>\n        <div class=\"row\">\n            <div class=\"col-lg-5 col-md-10 offset-md-1\">\n                <p>Les\u00a0<strong>bact\u00e9ries probiotiques\u00a0<\/strong>(du grec\u00a0<em>pro-bios<\/em>, \u00ab\u00a0en faveur de la vie\u00a0\u00bb) sont \u00e9galement connues sous le nom de\u00a0<strong>ferments lactiques vivants<\/strong>\u00a0et, selon la d\u00e9finition officielle de la FAO et de l\u2019OMS, \u00ab\u00a0lorsqu\u2019elles sont administr\u00e9es en quantit\u00e9s ad\u00e9quates, exercent une\u00a0<strong>action b\u00e9n\u00e9fique sur la sant\u00e9<\/strong>\u00a0de l\u2019h\u00f4te\u00a0\u00bb.<\/p>\n            <\/div>\n            <div class=\"col-lg-5 offset-lg-0 col-md-10 offset-md-1\">\n                <p>Sacco System produit et commercialise une vaste gamme de<strong>\u00a0ferments probiotiques\u00a0<\/strong>\u00e9tudi\u00e9s sp\u00e9cialement pour lutter contre les\u00a0<strong>allergies et les sympt\u00f4mes associ\u00e9s<\/strong>, en particulier contre l\u2019allergie \u00e0 la poussi\u00e8re domestique.<\/p>\n            <\/div>\n        <\/div>\n    <\/div>\n<\/div>\n\n<div class=\"active-ingredients-list-posts block\"\">\n    <div class=\"container\">\n        <div class=\"row\">\n            <div class=\"col-md-10 offset-md-1\">\n                                <div class=\"title\">\n                    <h3>\n                        Les ferments probiotiques Sacco System pour les allergies                    <\/h3>\n                <\/div>\n                                                <div class=\"description\">\n                    <p>La gamme de cultures probiotiques Sacco System comprend \u00e0 la fois des\u00a0<strong>souches simples<\/strong>\u00a0et des\u00a0<strong>m\u00e9langes<\/strong>\u00a0complexes de ferments lactiques\u00a0<strong>probiotiques pour les allergies<\/strong>\u00a0\u00e9tudi\u00e9s cliniquement et en mesure de r\u00e9pondre au mieux \u00e0 n\u2019importe quelle exigence du march\u00e9.<\/p>\n                <\/div>\n                                <div class=\"list-items\">\n                            <div class=\"list-item\">\n                        <div class=\"list-item-title\">\n                            SYNBIO\u00ae                        <\/div>\n            <div class=\"list-item-description\"><p>Les allergies apparaissent lorsque le syst\u00e8me immunitaire r\u00e9agit de mani\u00e8re excessive \u00e0 des facteurs environnementaux qui sont inoffensifs pour la majeure partie des individus. SYNBIO\u00ae est un produit probiotique \u00e0 l\u2019efficacit\u00e9 prouv\u00e9e dans la lutte contre les principaux sympt\u00f4mes associ\u00e9s \u00e0 l\u2019allergie \u00e0 la poussi\u00e8re tels que les conjonctivites, les yeux qui br\u00fblent, les rhumes, le larmoiement, et ce n\u2019est pas tout.<\/p>\n<\/div>                            <div class=\"list\">\n                                                <div class=\"item\">\n                                    <a href=\"https:\/\/saccosystem.com\/wp-content\/uploads\/2024\/11\/Synbio-Gut_eng.pdf\" target=\"_blank\">\n                                        <span class=\"title\">\n                                            <span class=\"icon\">\n                                            <svg width=\"32\" height=\"32\" viewBox=\"0 0 32 32\" fill=\"none\" xmlns=\"http:\/\/www.w3.org\/2000\/svg\"><mask id=\"mask0_1261_3218\" style=\"mask-type:alpha\" maskUnits=\"userSpaceOnUse\" x=\"0\" y=\"0\" width=\"32\" height=\"32\"><rect width=\"32\" height=\"32\" fill=\"#D9D9D9\"><\/rect><\/mask><g mask=\"url(#mask0_1261_3218)\"><path d=\"M10.923 14.9232H18.923V8.2565H10.923V14.9232ZM26 26.2565C26 26.9301 25.7667 27.5002 25.3 27.9668C24.8333 28.4335 24.2632 28.6668 23.5897 28.6668H8.41033C7.73678 28.6668 7.16667 28.4335 6.7 27.9668C6.23333 27.5002 6 26.9301 6 26.2565V5.74383C6 5.07027 6.23333 4.50016 6.7 4.0335C7.16667 3.56683 7.73678 3.3335 8.41033 3.3335H23.5897C24.2632 3.3335 24.8333 3.56683 25.3 4.0335C25.7667 4.50016 26 5.07027 26 5.74383V26.2565ZM24 26.2565V5.74383C24 5.64116 23.9572 5.54716 23.8717 5.46183C23.7863 5.37627 23.6923 5.3335 23.5897 5.3335H8.41033C8.30767 5.3335 8.21367 5.37627 8.12833 5.46183C8.04278 5.54716 8 5.64116 8 5.74383V26.2565C8 26.3592 8.04278 26.4532 8.12833 26.5385C8.21367 26.6241 8.30767 26.6668 8.41033 26.6668H23.5897C23.6923 26.6668 23.7863 26.6241 23.8717 26.5385C23.9572 26.4532 24 26.3592 24 26.2565Z\" fill=\"#FAFAFC\"><\/path><\/g><\/svg>                                            <\/span>\n                                            <span class=\"text\">\n                                                                                                <span class=\"description\">\n                                                    SYNBIO\u00ae &#8211; Gut Health                                                <\/span>\n                                            <\/span>\n                                        <\/span>\n                                        <span class=\"action\">\n                                                                                        <span class=\"icon\">\n                                                <svg width=\"24\" height=\"24\" viewBox=\"0 0 24 24\" fill=\"none\" xmlns=\"http:\/\/www.w3.org\/2000\/svg\">\n                                                    <mask id=\"mask0_1261_3199\" style=\"mask-type:alpha\" maskUnits=\"userSpaceOnUse\" x=\"0\" y=\"0\" width=\"24\" height=\"24\">\n                                                        <rect width=\"24\" height=\"24\" fill=\"#D9D9D9\"><\/rect>\n                                                    <\/mask>\n                                                    <g mask=\"url(#mask0_1261_3199)\">\n                                                        <path d=\"M12 15.7885L7.73075 11.5192L8.78475 10.4348L11.25 12.9V4.5H12.75V12.9L15.2153 10.4348L16.2693 11.5192L12 15.7885ZM6.30775 19.5C5.80258 19.5 5.375 19.325 5.025 18.975C4.675 18.625 4.5 18.1974 4.5 17.6923V14.9808H6V17.6923C6 17.7692 6.03208 17.8398 6.09625 17.9038C6.16025 17.9679 6.23075 18 6.30775 18H17.6923C17.7692 18 17.8398 17.9679 17.9038 17.9038C17.9679 17.8398 18 17.7692 18 17.6923V14.9808H19.5V17.6923C19.5 18.1974 19.325 18.625 18.975 18.975C18.625 19.325 18.1974 19.5 17.6923 19.5H6.30775Z\" fill=\"#FAFAFC\"><\/path>\n                                                    <\/g>\n                                                <\/svg>\n                                            <\/span>\n                                            Download                                                                                    <\/span>\n                                    <\/a>\n                                <\/div>\n                                            <\/div>\n                                    <\/div>\n                            <\/div>\n                    <\/div>\n        <\/div>\n    <\/div>\n<\/div>\n\n<div class=\"applications applications-active-ingredients block\">\n    <div class=\"container\">\n        <div class=\"row\">\n            <h2>\n                Applications pour le bien-\u00eatre humain            <\/h2>\n        <\/div>\n    <\/div>\n            <div class=\"animating-background\">\n            <div class=\"changing-backgrounds\">\n                <div>\n                                    <div class=\"background background-1\" style=\"background: linear-gradient(90deg, rgba(0,0,0,0.20), rgba(0,0,0,0.20)), url() no-repeat center center; background-size: cover;\"><\/div>\n                                    <div class=\"background background-2\" style=\"background: linear-gradient(90deg, rgba(0,0,0,0.20), rgba(0,0,0,0.20)), url() no-repeat center center; background-size: cover;\"><\/div>\n                                    <div class=\"background background-3\" style=\"background: linear-gradient(90deg, rgba(0,0,0,0.20), rgba(0,0,0,0.20)), url() no-repeat center center; background-size: cover;\"><\/div>\n                                    <div class=\"background background-4\" style=\"background: linear-gradient(90deg, rgba(0,0,0,0.20), rgba(0,0,0,0.20)), url() no-repeat center center; background-size: cover;\"><\/div>\n                                    <div class=\"background background-5\" style=\"background: linear-gradient(90deg, rgba(0,0,0,0.20), rgba(0,0,0,0.20)), url() no-repeat center center; background-size: cover;\"><\/div>\n                                    <div class=\"background background-6\" style=\"background: linear-gradient(90deg, rgba(0,0,0,0.20), rgba(0,0,0,0.20)), url() no-repeat center center; background-size: cover;\"><\/div>\n                                    <div class=\"background background-7\" style=\"background: linear-gradient(90deg, rgba(0,0,0,0.20), rgba(0,0,0,0.20)), url() no-repeat center center; background-size: cover;\"><\/div>\n                                <\/div>\n                <div class=\"container\">\n                    <div class=\"row\">\n                        <div class=\"col\">\n                            <ul>\n                                                            <li>\n                                    <a href=\"https:\/\/saccosystem.com\/fr\/active-ingredients\/probiotiques-intestinaux\/\">\n                                        Sant\u00e9 intestinale                                    <\/a>\n                                <\/li>\n                                                            <li>\n                                    <a href=\"https:\/\/saccosystem.com\/fr\/active-ingredients\/probiotiques-pour-le-systeme-immunitaire\/\">\n                                        Syst\u00e8me immunitaire                                    <\/a>\n                                <\/li>\n                                                            <li>\n                                    <a href=\"https:\/\/saccosystem.com\/fr\/active-ingredients\/probiotiques-pour-la-sante-de-la-peau\/\">\n                                        Sant\u00e9 de la peau                                    <\/a>\n                                <\/li>\n                                                            <li>\n                                    <a href=\"https:\/\/saccosystem.com\/fr\/active-ingredients\/probiotiques-pour-la-sante-des-femmes\/\">\n                                        Sant\u00e9 des femmes                                    <\/a>\n                                <\/li>\n                                                            <li>\n                                    <a href=\"https:\/\/saccosystem.com\/fr\/active-ingredients\/probiotiques-pour-enfants-et-nouveaux-nes\/\">\n                                        Enfants et nouveaux-n\u00e9s                                    <\/a>\n                                <\/li>\n                                                            <li>\n                                    <a href=\"https:\/\/saccosystem.com\/fr\/active-ingredients\/probiotiques-pour-la-sante-de-la-cavite-buccale\/\">\n                                        Cavit\u00e9 buccale                                    <\/a>\n                                <\/li>\n                                                            <li>\n                                    <a href=\"https:\/\/saccosystem.com\/fr\/active-ingredients\/probiotiques-pour-le-sport\/\">\n                                        Sport                                    <\/a>\n                                <\/li>\n                                                        <\/ul>\n                        <\/div>\n                    <\/div>\n                <\/div>\n            <\/div>\n            <\/div>\n<\/div>","protected":false},"excerpt":{"rendered":"","protected":false},"author":1,"featured_media":0,"parent":4641,"menu_order":1,"comment_status":"closed","ping_status":"closed","template":"","meta":{"_acf_changed":false,"footnotes":""},"class_list":["post-4661","page","type-page","status-publish","hentry"],"acf":[],"_links":{"self":[{"href":"https:\/\/saccosystem.com\/fr\/wp-json\/wp\/v2\/pages\/4661","targetHints":{"allow":["GET"]}}],"collection":[{"href":"https:\/\/saccosystem.com\/fr\/wp-json\/wp\/v2\/pages"}],"about":[{"href":"https:\/\/saccosystem.com\/fr\/wp-json\/wp\/v2\/types\/page"}],"author":[{"embeddable":true,"href":"https:\/\/saccosystem.com\/fr\/wp-json\/wp\/v2\/users\/1"}],"replies":[{"embeddable":true,"href":"https:\/\/saccosystem.com\/fr\/wp-json\/wp\/v2\/comments?post=4661"}],"version-history":[{"count":0,"href":"https:\/\/saccosystem.com\/fr\/wp-json\/wp\/v2\/pages\/4661\/revisions"}],"up":[{"embeddable":true,"href":"https:\/\/saccosystem.com\/fr\/wp-json\/wp\/v2\/pages\/4641"}],"wp:attachment":[{"href":"https:\/\/saccosystem.com\/fr\/wp-json\/wp\/v2\/media?parent=4661"}],"curies":[{"name":"wp","href":"https:\/\/api.w.org\/{rel}","templated":true}]}}