{"id":4641,"date":"2024-11-10T23:02:26","date_gmt":"2024-11-10T22:02:26","guid":{"rendered":"https:\/\/saccosystem.com\/?page_id=4641"},"modified":"2026-03-17T16:47:00","modified_gmt":"2026-03-17T15:47:00","slug":"active-ingredients","status":"publish","type":"page","link":"https:\/\/saccosystem.com\/fr\/active-ingredients\/","title":{"rendered":"Active Ingredients"},"content":{"rendered":"\n<div class=\"title-style-2 gradient-microbiome\">\n            <div class=\"breadcrumbs style-2\">\n                <div class=\"container\">\n                    <div class=\"row\">\n                <div class=\"col\">\n                    <div class=\"pages\">\n                <span class=\"page parent\"><a href=\"https:\/\/saccosystem.com\/fr\/microbiome\/\">Microbiome<\/a><span class=\"separator\">&gt;<\/span><\/span><span class=\"page current\">Active Ingredients<\/span>                    <\/div>\n                <\/div>\n            <\/div>\n                <\/div>\n            <\/div>\n    <div class=\"container\">\n        <div class=\"row\">\n            <div class=\"col\">\n                <h1>\n                    Active Ingredients                <\/h1>\n            <\/div>\n        <\/div>\n    <\/div>\n<\/div>\n\n\n<div class=\"text-section\">\n    <div class=\"container\">\n            <div class=\"row\">\n            <div class=\"col-md-7 offset-md-1\">\n                <div class=\"intro-text\">\n                    <p>Culture Science<\/p>\n                <\/div>\n            <\/div>\n        <\/div>\n            <div class=\"row\">\n            <div class=\"col-md-5 offset-md-1\">\n                <p>Les\u00a0<strong>probiotiques\u00a0<\/strong>(du grec\u00a0<em>pro-bios<\/em>, \u00ab\u00a0en faveur de la vie\u00a0\u00bb) sont des micro-organismes (souvent des bact\u00e9ries) \u00e9galement connus sous le nom de\u00a0<strong>ferments lactiques vivants<\/strong>. La FAO et l\u2019OMS les d\u00e9finissent de la mani\u00e8re suivante\u00a0: \u00ab<em>\u00a0lorsqu\u2019ils sont administr\u00e9s en quantit\u00e9s ad\u00e9quates, exercent une\u00a0<\/em><strong><em>action b\u00e9n\u00e9fique sur la sant\u00e9 de l\u2019h\u00f4te<\/em><\/strong>\u00a0\u00bb.<\/p>\n            <\/div>\n            <div class=\"col-md-5\">\n                <p>Les probiotiques agissent principalement au niveau intestinal, mais leurs<strong>\u00a0effets b\u00e9n\u00e9fiques s\u2019\u00e9tendent \u00e0 tout l\u2019organisme<\/strong>. En particulier, ils agissent l\u00e0 o\u00f9 il y a une\u00a0<strong>plus grande charge bact\u00e9rienne<\/strong>\u00a0chez les individus et donc, en plus de l\u2019<strong>intestin<\/strong>, aussi \u00e0 l\u2019int\u00e9rieur de la\u00a0<strong>cavit\u00e9 buccale<\/strong>, sur la\u00a0<strong>peau<\/strong>\u00a0et dans la\u00a0<strong>zone vaginale<\/strong>.<\/p>\n            <\/div>\n        <\/div>\n    <\/div>\n<\/div>\n\n<div class=\"applications applications-active-ingredients block\">\n    <div class=\"container\">\n        <div class=\"row\">\n            <h2>\n                Applications pour le bien-\u00eatre humain            <\/h2>\n        <\/div>\n    <\/div>\n            <div class=\"animating-background\">\n            <div class=\"changing-backgrounds\">\n                <div>\n                                    <div class=\"background background-1\" style=\"background: linear-gradient(90deg, rgba(0,0,0,0.20), rgba(0,0,0,0.20)), url(https:\/\/saccosystem.com\/wp-content\/uploads\/2024\/11\/128-1260526098-_0005_SaluteIntestinale.jpg) no-repeat center center; background-size: cover;\"><\/div>\n                                    <div class=\"background background-2\" style=\"background: linear-gradient(90deg, rgba(0,0,0,0.20), rgba(0,0,0,0.20)), url(https:\/\/saccosystem.com\/wp-content\/uploads\/2024\/11\/132-514390599-_0006_Immunehealth.jpg) no-repeat center center; background-size: cover;\"><\/div>\n                                    <div class=\"background background-3\" style=\"background: linear-gradient(90deg, rgba(0,0,0,0.20), rgba(0,0,0,0.20)), url(https:\/\/saccosystem.com\/wp-content\/uploads\/2024\/11\/130-498315294-_0000_Salutedellapelle.jpg) no-repeat center center; background-size: cover;\"><\/div>\n                                    <div class=\"background background-4\" style=\"background: linear-gradient(90deg, rgba(0,0,0,0.20), rgba(0,0,0,0.20)), url(https:\/\/saccosystem.com\/wp-content\/uploads\/2024\/11\/131-234178026-_0001_Salutedelledonne.jpg) no-repeat center center; background-size: cover;\"><\/div>\n                                    <div class=\"background background-5\" style=\"background: linear-gradient(90deg, rgba(0,0,0,0.20), rgba(0,0,0,0.20)), url(https:\/\/saccosystem.com\/wp-content\/uploads\/2024\/11\/136-1184766885-_0004_BambiniNeonati.jpg) no-repeat center center; background-size: cover;\"><\/div>\n                                    <div class=\"background background-6\" style=\"background: linear-gradient(90deg, rgba(0,0,0,0.20), rgba(0,0,0,0.20)), url(https:\/\/saccosystem.com\/wp-content\/uploads\/2024\/11\/135-194652234-_0009_Allergies.jpg) no-repeat center center; background-size: cover;\"><\/div>\n                                    <div class=\"background background-7\" style=\"background: linear-gradient(90deg, rgba(0,0,0,0.20), rgba(0,0,0,0.20)), url(https:\/\/saccosystem.com\/wp-content\/uploads\/2024\/11\/129-20199651-_0008_Salutedelcavoorale.jpg) no-repeat center center; background-size: cover;\"><\/div>\n                                    <div class=\"background background-8\" style=\"background: linear-gradient(90deg, rgba(0,0,0,0.20), rgba(0,0,0,0.20)), url(https:\/\/saccosystem.com\/wp-content\/uploads\/2024\/11\/134-1281545275-_0003_Sport.jpg) no-repeat center center; background-size: cover;\"><\/div>\n                                <\/div>\n                <div class=\"container\">\n                    <div class=\"row\">\n                        <div class=\"col\">\n                            <ul>\n                                                            <li data-item=\"background-1\" data-bkg=\"https:\/\/saccosystem.com\/wp-content\/uploads\/2024\/11\/128-1260526098-_0005_SaluteIntestinale.jpg\">\n                                    <a href=\"https:\/\/saccosystem.com\/fr\/active-ingredients\/probiotiques-intestinaux\/\">\n                                        Sant\u00e9 intestinale                                    <\/a>\n                                <\/li>\n                                                            <li data-item=\"background-2\" data-bkg=\"https:\/\/saccosystem.com\/wp-content\/uploads\/2024\/11\/132-514390599-_0006_Immunehealth.jpg\">\n                                    <a href=\"https:\/\/saccosystem.com\/fr\/active-ingredients\/probiotiques-pour-le-systeme-immunitaire\/\">\n                                        Syst\u00e8me immunitaire                                    <\/a>\n                                <\/li>\n                                                            <li data-item=\"background-3\" data-bkg=\"https:\/\/saccosystem.com\/wp-content\/uploads\/2024\/11\/130-498315294-_0000_Salutedellapelle.jpg\">\n                                    <a href=\"https:\/\/saccosystem.com\/fr\/active-ingredients\/probiotiques-pour-la-sante-de-la-peau\/\">\n                                        Sant\u00e9 de la peau                                    <\/a>\n                                <\/li>\n                                                            <li data-item=\"background-4\" data-bkg=\"https:\/\/saccosystem.com\/wp-content\/uploads\/2024\/11\/131-234178026-_0001_Salutedelledonne.jpg\">\n                                    <a href=\"https:\/\/saccosystem.com\/fr\/active-ingredients\/probiotiques-pour-la-sante-des-femmes\/\">\n                                        Sant\u00e9 des femmes                                    <\/a>\n                                <\/li>\n                                                            <li data-item=\"background-5\" data-bkg=\"https:\/\/saccosystem.com\/wp-content\/uploads\/2024\/11\/136-1184766885-_0004_BambiniNeonati.jpg\">\n                                    <a href=\"https:\/\/saccosystem.com\/fr\/active-ingredients\/probiotiques-pour-enfants-et-nouveaux-nes\/\">\n                                        Enfants et nouveaux-n\u00e9s                                    <\/a>\n                                <\/li>\n                                                            <li data-item=\"background-6\" data-bkg=\"https:\/\/saccosystem.com\/wp-content\/uploads\/2024\/11\/135-194652234-_0009_Allergies.jpg\">\n                                    <a href=\"https:\/\/saccosystem.com\/fr\/active-ingredients\/probiotiques-pour-les-allergies\/\">\n                                        Allergies                                    <\/a>\n                                <\/li>\n                                                            <li data-item=\"background-7\" data-bkg=\"https:\/\/saccosystem.com\/wp-content\/uploads\/2024\/11\/129-20199651-_0008_Salutedelcavoorale.jpg\">\n                                    <a href=\"https:\/\/saccosystem.com\/fr\/active-ingredients\/probiotiques-pour-la-sante-de-la-cavite-buccale\/\">\n                                        Cavit\u00e9 buccale                                    <\/a>\n                                <\/li>\n                                                            <li data-item=\"background-8\" data-bkg=\"https:\/\/saccosystem.com\/wp-content\/uploads\/2024\/11\/134-1281545275-_0003_Sport.jpg\">\n                                    <a href=\"https:\/\/saccosystem.com\/fr\/active-ingredients\/probiotiques-pour-le-sport\/\">\n                                        Sport                                    <\/a>\n                                <\/li>\n                                                        <\/ul>\n                        <\/div>\n                    <\/div>\n                <\/div>\n            <\/div>\n            <\/div>\n<\/div>\n\n\n<div class=\"wp-block-group active-ingredients gradient-milk padding-top padding-bottom\"><div class=\"wp-block-group__inner-container is-layout-constrained wp-block-group-is-layout-constrained\"><div class=\"text-section no-margin-top no-margin-bottom\">\n    <div class=\"container\">\n            <div class=\"row\">\n            <div class=\"col-md-7 offset-md-1\">\n                <div class=\"intro-text\">\n                    <p>Culture Select<\/p>\n                <\/div>\n            <\/div>\n        <\/div>\n            <div class=\"row\">\n            <div class=\"col-md-5 offset-md-1\">\n                <p>La\u00a0gamma CultureSelect\u00a0offre un&rsquo;ampia selezione di\u00a0ceppi probiotici ben caratterizzati,\u00a0di comprovata sicurezza e prodotti secondo i pi\u00f9 elevati standard di qualit\u00e0 per soddisfare\u00a0ogni tua esigenza.<\/p>\n            <\/div>\n            <div class=\"col-md-5\">\n                <p>CultureSelect \u00e8 una soluzione flessibile\u00a0che permette di creare formulazioni uniche. Ogni principio attivo \u00e8 disponibile come\u00a0ceppo singolo\u00a0o come\u00a0miscela personalizzata.<\/p>\n            <\/div>\n        <\/div>\n    <\/div>\n<\/div>\n\n\n<div class=\"wp-block-group container\"><div class=\"wp-block-group__inner-container is-layout-constrained wp-block-group-is-layout-constrained\">\n<div class=\"wp-block-group row\"><div class=\"wp-block-group__inner-container is-layout-constrained wp-block-group-is-layout-constrained\">\n<div class=\"wp-block-group col-md-10 offset-md-1\"><div class=\"wp-block-group__inner-container is-layout-constrained wp-block-group-is-layout-constrained\"><div class=\"table-alt no-margin-top no-margin-bottom\"\">\n    <div class=\"columns number-of-columns-2\">\n            <div class=\"column\">\n                            <div class=\"name\">\n                    Bi1                <\/div>\n                <div class=\"value\">\n                    Bifidobacterium animalis subsp. lactis                <\/div>\n                            <div class=\"name\">\n                    BLC1                <\/div>\n                <div class=\"value\">\n                    Bifidobacterium animalis subsp. lactis                <\/div>\n                            <div class=\"name\">\n                    SP 9                <\/div>\n                <div class=\"value\">\n                    Bifidobacterium bifidum                <\/div>\n                            <div class=\"name\">\n                    Bbr8                <\/div>\n                <div class=\"value\">\n                    Bifidobacterium breve                <\/div>\n                            <div class=\"name\">\n                    BL10                <\/div>\n                <div class=\"value\">\n                    Bifidobacterium breve                <\/div>\n                            <div class=\"name\">\n                    SP 37                <\/div>\n                <div class=\"value\">\n                    Bifidobacterium infantis                <\/div>\n                            <div class=\"name\">\n                    SP 54                <\/div>\n                <div class=\"value\">\n                    Bifidobacterium longum                <\/div>\n                            <div class=\"name\">\n                    SF95                <\/div>\n                <div class=\"value\">\n                    Enterococcus faecium                <\/div>\n                            <div class=\"name\">\n                    LA3                <\/div>\n                <div class=\"value\">\n                    Lactobacillus acidophilus                <\/div>\n                            <div class=\"name\">\n                    LA1                <\/div>\n                <div class=\"value\">\n                    Lactobacillus acidophilus                <\/div>\n                            <div class=\"name\">\n                    SP 48                <\/div>\n                <div class=\"value\">\n                    Lactobacillus brevis                <\/div>\n                            <div class=\"name\">\n                    LB2                <\/div>\n                <div class=\"value\">\n                    Lactobacillus bulgaricus                <\/div>\n                            <div class=\"name\">\n                    BGP93                <\/div>\n                <div class=\"value\">\n                    Lactobacillus casei                <\/div>\n                            <div class=\"name\">\n                    SP 28                <\/div>\n                <div class=\"value\">\n                    Lactobacillus crispatus                <\/div>\n                            <div class=\"name\">\n                    SP 60                <\/div>\n                <div class=\"value\">\n                    Lactobacillus crispatus                <\/div>\n                    <\/div>\n                <div class=\"column\">\n                            <div class=\"name\">\n                    CS57                <\/div>\n                <div class=\"value\">\n                    Lactobacillus fermentum                <\/div>\n                            <div class=\"name\">\n                    LF2                <\/div>\n                <div class=\"value\">\n                    Lactobacillus fermentum                <\/div>\n                            <div class=\"name\">\n                    SP 33                <\/div>\n                <div class=\"value\">\n                    Lactobacillus gasseri                <\/div>\n                            <div class=\"name\">\n                    SP 56                <\/div>\n                <div class=\"value\">\n                    Lactobacillus gasseri                <\/div>\n                            <div class=\"name\">\n                    SP 27                <\/div>\n                <div class=\"value\">\n                    Lactobacillus helveticus                <\/div>\n                            <div class=\"name\">\n                    LL 82                <\/div>\n                <div class=\"value\">\n                    Lactobacillus lactis                <\/div>\n                            <div class=\"name\">\n                    101\/37                <\/div>\n                <div class=\"value\">\n                    Lactobacillus paracasei                <\/div>\n                            <div class=\"name\">\n                    BGP 2                <\/div>\n                <div class=\"value\">\n                    Lactobacillus paracasei                <\/div>\n                            <div class=\"name\">\n                    14D                <\/div>\n                <div class=\"value\">\n                    Lactobacillus plantarum                <\/div>\n                            <div class=\"name\">\n                    LB931                <\/div>\n                <div class=\"value\">\n                    Lactobacillus plantarum                <\/div>\n                            <div class=\"name\">\n                    BG 112                <\/div>\n                <div class=\"value\">\n                    Lactobacillus plantarum                <\/div>\n                            <div class=\"name\">\n                    SP 2                <\/div>\n                <div class=\"value\">\n                    Lactobacillus salivarius                <\/div>\n                            <div class=\"name\">\n                    SP 38                <\/div>\n                <div class=\"value\">\n                    Lactococcus lactis                <\/div>\n                            <div class=\"name\">\n                    Z57                <\/div>\n                <div class=\"value\">\n                    Streptococcus thermophilus                <\/div>\n                            <div class=\"name\">\n                    SP 4                <\/div>\n                <div class=\"value\">\n                    Streptococcus thermophilus                <\/div>\n                    <\/div>\n        <\/div>\n<\/div><\/div><\/div>\n<\/div><\/div>\n<\/div><\/div>\n<\/div><\/div>\n","protected":false},"excerpt":{"rendered":"","protected":false},"author":1,"featured_media":0,"parent":0,"menu_order":0,"comment_status":"closed","ping_status":"closed","template":"","meta":{"_acf_changed":false,"footnotes":""},"class_list":["post-4641","page","type-page","status-publish","hentry"],"acf":[],"_links":{"self":[{"href":"https:\/\/saccosystem.com\/fr\/wp-json\/wp\/v2\/pages\/4641","targetHints":{"allow":["GET"]}}],"collection":[{"href":"https:\/\/saccosystem.com\/fr\/wp-json\/wp\/v2\/pages"}],"about":[{"href":"https:\/\/saccosystem.com\/fr\/wp-json\/wp\/v2\/types\/page"}],"author":[{"embeddable":true,"href":"https:\/\/saccosystem.com\/fr\/wp-json\/wp\/v2\/users\/1"}],"replies":[{"embeddable":true,"href":"https:\/\/saccosystem.com\/fr\/wp-json\/wp\/v2\/comments?post=4641"}],"version-history":[{"count":2,"href":"https:\/\/saccosystem.com\/fr\/wp-json\/wp\/v2\/pages\/4641\/revisions"}],"predecessor-version":[{"id":24894,"href":"https:\/\/saccosystem.com\/fr\/wp-json\/wp\/v2\/pages\/4641\/revisions\/24894"}],"wp:attachment":[{"href":"https:\/\/saccosystem.com\/fr\/wp-json\/wp\/v2\/media?parent=4641"}],"curies":[{"name":"wp","href":"https:\/\/api.w.org\/{rel}","templated":true}]}}