{"id":4597,"date":"2024-11-21T09:43:46","date_gmt":"2024-11-21T08:43:46","guid":{"rendered":"https:\/\/saccosystem.com\/?page_id=4597"},"modified":"2024-12-11T04:20:30","modified_gmt":"2024-12-11T03:20:30","slug":"probiotiques-pour-volailles","status":"publish","type":"page","link":"https:\/\/saccosystem.com\/fr\/active-ingredients\/probiotiques-pour-volailles\/","title":{"rendered":"Probiotiques pour volailles"},"content":{"rendered":"<div class=\"breadcrumbs style-1 no-margin-top\"\">\n        <div class=\"container\">\n            <div class=\"row\">\n            <div class=\"col\">\n                <div class=\"pages\">\n            <span class=\"page parent\"><a href=\"https:\/\/saccosystem.com\/fr\/agro-vet\/\">Agro-Vet<\/a><span class=\"separator\">&gt;<\/span><\/span><span class=\"page current\">Probiotiques pour volailles<\/span>                <\/div>\n            <\/div>\n        <\/div>\n        <\/div>\n    <\/div>\n\n<div class=\"ingredients-intro-text block\">\n    <div class=\"container\">\n        <div class=\"row\">\n                        <div class=\"col-md-10\">\n                <h1>\n                    Probiotiques pour volailles                <\/h1>\n            <\/div>\n        <\/div>\n        <div class=\"row\">\n            <div class=\"col-md-7 offset-md-1\">\n                <div class=\"intro-text\">\n                    <p>Les<strong>\u00a0volailles \u00e9lev\u00e9es\u00a0<\/strong>sont constamment sujets aux\u00a0<strong>dysbact\u00e9rioses intestinales<\/strong>, qui peuvent mener \u00e0 de v\u00e9ritables pathologies (inflammations aig\u00fces) ou \u00e0 des manifestations subcliniques mises en \u00e9vidence par un\u00a0<strong>mauvais rendement\u00a0<\/strong>(croissance, ponte, IC) et par la\u00a0<strong>mauvaise qualit\u00e9<\/strong>\u00a0de la production (non-uniformit\u00e9 de la croissance, \u0153ufs fragiles, etc.).<\/p>\n                <\/div>\n            <\/div>\n        <\/div>\n        <div class=\"row\">\n            <div class=\"col-lg-5 col-md-10 offset-md-1\">\n                <p>Ces conditions de d\u00e9s\u00e9quilibre du microbiote, en outre,\u00a0<strong>r\u00e9duisent la qualit\u00e9 de l\u2019environnement<\/strong>\u00a0d\u2019\u00e9levage (augmentation de l\u2019humidit\u00e9, ammoniaque et germes pathog\u00e8nes d\u2019origine f\u00e9cale) et diminuent la s\u00e9curit\u00e9 hygi\u00e9nique et sanitaire des\u00a0<strong>viandes<\/strong>\u00a0et des\u00a0<strong>\u0153ufs<\/strong>.<\/p>\n<p>L\u2019utilisation constante de\u00a0<strong>probiotiques<\/strong>, \u00e0 employer dans l\u2019<strong>eau<\/strong>\u00a0et dans la\u00a0<strong>nourriture\u00a0<\/strong>des\u00a0<strong>poulets et des poules<\/strong>, est en mesure d\u2019am\u00e9liorer la sant\u00e9 et le rendement des esp\u00e8ces avicoles.<\/p>\n            <\/div>\n            <div class=\"col-lg-5 offset-lg-0 col-md-10 offset-md-1\">\n                <p>Sacco System a men\u00e9 une activit\u00e9 rigoureuse de s\u00e9lection de souches de\u00a0<strong>bact\u00e9ries lactiques probiotiques autochtones<\/strong>\u00a0(c\u2019est \u00e0 dire s\u00e9lectionn\u00e9es \u00e0 partir de l\u2019intestin de poulets et de poules), capables de reconstituer de mani\u00e8re totalement naturelle l\u2019\u00e9quilibre microbien intestinal des volailles.<\/p>\n            <\/div>\n        <\/div>\n    <\/div>\n<\/div>\n\n<div class=\"active-ingredients-list-posts block\"\">\n    <div class=\"container\">\n        <div class=\"row\">\n            <div class=\"col-md-10 offset-md-1\">\n                                <div class=\"title\">\n                    <h3>\n                        Probiotique pour Poulets, Poules et tout les autres volailles                    <\/h3>\n                <\/div>\n                                                <div class=\"list-items\">\n                            <div class=\"list-item\">\n                        <div class=\"list-item-title\">\n                            Lactobacillus acidophilus\u00a0D2\/CSL (CECT 4529)                        <\/div>\n            <div class=\"list-item-description\"><p><em>Lactobacillus acidophilus<\/em>&nbsp;D2\/CSL (CECT 4529) est un lactobacille&nbsp;<strong>probiotique<\/strong>&nbsp;isol\u00e9 \u00e0 partir de l\u2019<strong>intestin du poulet&nbsp;<\/strong>et il repr\u00e9sente la solution naturelle pour pr\u00e9venir la dysbiose intestinale chez les poules pondeuses et les poulets \u00e0 viande.<\/p>\n<ul>\n<li><strong>am\u00e9liore la sant\u00e9 et la productivit\u00e9 animale<\/strong>, en termes quantitatifs et qualitatifs (plus grande solidit\u00e9 de la coquille de l\u2019\u0153uf, plus grande viscosit\u00e9 du blanc)<\/li>\n<li><strong>colonise naturellement l\u2019habitat gastro-intestinal du poulet&nbsp;<\/strong>et vit en symbiose avec le volatile, stimulant son syst\u00e8me immunitaire et l\u2019installation du microbiote autochtone dans le poussin<\/li>\n<li><strong>am\u00e9liore les fonctions digestives&nbsp;<\/strong>en faisant fermenter les glucides et en produisant de l\u2019acide lactique, qui constitue une source d\u2019\u00e9nergie r\u00e9cup\u00e9rable suppl\u00e9mentaire pour l\u2019h\u00f4te<\/li>\n<li><strong>lutte contre les bact\u00e9ries de putr\u00e9faction<\/strong>, pro-inflammatoires et pathog\u00e8nes (en particulier coliformes et clostridium) et est donc en mesure de pr\u00e9venir la dysbiose intestinale, la diarrh\u00e9e et ses cons\u00e9quences dans l\u2019\u00e9levage<\/li>\n<li><strong>permet de r\u00e9duire l\u2019utilisation d\u2019antibiotiques<\/strong>, en harmonie avec les techniques d\u2019\u00e9levage modernes \u00abantibiotic-free\u00bb<\/li>\n<\/ul>\n<\/div>                            <div class=\"list\">\n                                                <div class=\"item\">\n                                    <a href=\"https:\/\/saccosystem.com\/wp-content\/uploads\/2024\/11\/D2_birds_eng-1.pdf\" target=\"_blank\">\n                                        <span class=\"title\">\n                                            <span class=\"icon\">\n                                            <svg width=\"32\" height=\"32\" viewBox=\"0 0 32 32\" fill=\"none\" xmlns=\"http:\/\/www.w3.org\/2000\/svg\"><mask id=\"mask0_1261_3218\" style=\"mask-type:alpha\" maskUnits=\"userSpaceOnUse\" x=\"0\" y=\"0\" width=\"32\" height=\"32\"><rect width=\"32\" height=\"32\" fill=\"#D9D9D9\"><\/rect><\/mask><g mask=\"url(#mask0_1261_3218)\"><path d=\"M10.923 14.9232H18.923V8.2565H10.923V14.9232ZM26 26.2565C26 26.9301 25.7667 27.5002 25.3 27.9668C24.8333 28.4335 24.2632 28.6668 23.5897 28.6668H8.41033C7.73678 28.6668 7.16667 28.4335 6.7 27.9668C6.23333 27.5002 6 26.9301 6 26.2565V5.74383C6 5.07027 6.23333 4.50016 6.7 4.0335C7.16667 3.56683 7.73678 3.3335 8.41033 3.3335H23.5897C24.2632 3.3335 24.8333 3.56683 25.3 4.0335C25.7667 4.50016 26 5.07027 26 5.74383V26.2565ZM24 26.2565V5.74383C24 5.64116 23.9572 5.54716 23.8717 5.46183C23.7863 5.37627 23.6923 5.3335 23.5897 5.3335H8.41033C8.30767 5.3335 8.21367 5.37627 8.12833 5.46183C8.04278 5.54716 8 5.64116 8 5.74383V26.2565C8 26.3592 8.04278 26.4532 8.12833 26.5385C8.21367 26.6241 8.30767 26.6668 8.41033 26.6668H23.5897C23.6923 26.6668 23.7863 26.6241 23.8717 26.5385C23.9572 26.4532 24 26.3592 24 26.2565Z\" fill=\"#FAFAFC\"><\/path><\/g><\/svg>                                            <\/span>\n                                            <span class=\"text\">\n                                                                                                <span class=\"description\">\n                                                    D2 Birds                                                <\/span>\n                                            <\/span>\n                                        <\/span>\n                                        <span class=\"action\">\n                                                                                        <span class=\"icon\">\n                                                <svg width=\"24\" height=\"24\" viewBox=\"0 0 24 24\" fill=\"none\" xmlns=\"http:\/\/www.w3.org\/2000\/svg\">\n                                                    <mask id=\"mask0_1261_3199\" style=\"mask-type:alpha\" maskUnits=\"userSpaceOnUse\" x=\"0\" y=\"0\" width=\"24\" height=\"24\">\n                                                        <rect width=\"24\" height=\"24\" fill=\"#D9D9D9\"><\/rect>\n                                                    <\/mask>\n                                                    <g mask=\"url(#mask0_1261_3199)\">\n                                                        <path d=\"M12 15.7885L7.73075 11.5192L8.78475 10.4348L11.25 12.9V4.5H12.75V12.9L15.2153 10.4348L16.2693 11.5192L12 15.7885ZM6.30775 19.5C5.80258 19.5 5.375 19.325 5.025 18.975C4.675 18.625 4.5 18.1974 4.5 17.6923V14.9808H6V17.6923C6 17.7692 6.03208 17.8398 6.09625 17.9038C6.16025 17.9679 6.23075 18 6.30775 18H17.6923C17.7692 18 17.8398 17.9679 17.9038 17.9038C17.9679 17.8398 18 17.7692 18 17.6923V14.9808H19.5V17.6923C19.5 18.1974 19.325 18.625 18.975 18.975C18.625 19.325 18.1974 19.5 17.6923 19.5H6.30775Z\" fill=\"#FAFAFC\"><\/path>\n                                                    <\/g>\n                                                <\/svg>\n                                            <\/span>\n                                            Download                                                                                    <\/span>\n                                    <\/a>\n                                <\/div>\n                                            <\/div>\n                                    <\/div>\n                            <\/div>\n                    <\/div>\n        <\/div>\n    <\/div>\n<\/div>\n\n<div class=\"applications applications-agro-vet-ingredients block\">\n    <div class=\"container\">\n        <div class=\"row\">\n            <h2>\n                Autres applications pour le secteur agro-v\u00e9t\u00e9rinaire            <\/h2>\n        <\/div>\n    <\/div>\n            <div class=\"animating-background\">\n            <div class=\"changing-backgrounds\">\n                <div>\n                                        <div class=\"background background-1\" style=\"background: linear-gradient(90deg, rgba(0,0,0,0.20), rgba(0,0,0,0.20)), url() no-repeat center center; background-size: cover;\"><\/div>\n                                        <div class=\"background background-2\" style=\"background: linear-gradient(90deg, rgba(0,0,0,0.20), rgba(0,0,0,0.20)), url() no-repeat center center; background-size: cover;\"><\/div>\n                                        <div class=\"background background-3\" style=\"background: linear-gradient(90deg, rgba(0,0,0,0.20), rgba(0,0,0,0.20)), url() no-repeat center center; background-size: cover;\"><\/div>\n                                    <\/div>\n                <div class=\"container\">\n                    <div class=\"row\">\n                        <div class=\"col\">\n                            <ul>\n                                                                <li>\n                                    <a href=\"https:\/\/saccosystem.com\/fr\/active-ingredients\/probiotiques-pour-chiens-et-chats\/\">\n                                        Probiotiques pour chiens et chats                                    <\/a>\n                                <\/li>\n                                                            <li>\n                                    <a href=\"https:\/\/saccosystem.com\/fr\/active-ingredients\/probiotiques-pour-les-plantes-et-lagriculture\/\">\n                                        Probiotiques pour plantes et agriculture                                    <\/a>\n                                <\/li>\n                                                            <li>\n                                    <a href=\"https:\/\/saccosystem.com\/fr\/active-ingredients\/ferments-pour-ensilages\/\">\n                                        Ferments pour ensilage                                    <\/a>\n                                <\/li>\n                                                        <\/ul>\n                        <\/div>\n                    <\/div>\n                <\/div>\n            <\/div>\n            <\/div>\n<\/div>","protected":false},"excerpt":{"rendered":"","protected":false},"author":1,"featured_media":0,"parent":4641,"menu_order":1,"comment_status":"closed","ping_status":"closed","template":"","meta":{"_acf_changed":false,"footnotes":""},"class_list":["post-4597","page","type-page","status-publish","hentry"],"acf":[],"_links":{"self":[{"href":"https:\/\/saccosystem.com\/fr\/wp-json\/wp\/v2\/pages\/4597","targetHints":{"allow":["GET"]}}],"collection":[{"href":"https:\/\/saccosystem.com\/fr\/wp-json\/wp\/v2\/pages"}],"about":[{"href":"https:\/\/saccosystem.com\/fr\/wp-json\/wp\/v2\/types\/page"}],"author":[{"embeddable":true,"href":"https:\/\/saccosystem.com\/fr\/wp-json\/wp\/v2\/users\/1"}],"replies":[{"embeddable":true,"href":"https:\/\/saccosystem.com\/fr\/wp-json\/wp\/v2\/comments?post=4597"}],"version-history":[{"count":0,"href":"https:\/\/saccosystem.com\/fr\/wp-json\/wp\/v2\/pages\/4597\/revisions"}],"up":[{"embeddable":true,"href":"https:\/\/saccosystem.com\/fr\/wp-json\/wp\/v2\/pages\/4641"}],"wp:attachment":[{"href":"https:\/\/saccosystem.com\/fr\/wp-json\/wp\/v2\/media?parent=4597"}],"curies":[{"name":"wp","href":"https:\/\/api.w.org\/{rel}","templated":true}]}}