{"id":4540,"date":"2024-11-10T23:09:43","date_gmt":"2024-11-10T22:09:43","guid":{"rendered":"https:\/\/saccosystem.com\/?page_id=4540"},"modified":"2026-03-17T17:04:54","modified_gmt":"2026-03-17T16:04:54","slug":"active-services","status":"publish","type":"page","link":"https:\/\/saccosystem.com\/fr\/active-services\/","title":{"rendered":"Active Services"},"content":{"rendered":"\n<div class=\"title-style-2 gradient-microbiome no-margin-bottom\">\n            <div class=\"breadcrumbs style-2\">\n                <div class=\"container\">\n                    <div class=\"row\">\n                <div class=\"col\">\n                    <div class=\"pages\">\n                <span class=\"page parent\"><a href=\"https:\/\/saccosystem.com\/fr\/microbiome\/\">Microbiome<\/a><span class=\"separator\">&gt;<\/span><\/span><span class=\"page current\">Active Services<\/span>                    <\/div>\n                <\/div>\n            <\/div>\n                <\/div>\n            <\/div>\n    <div class=\"container\">\n        <div class=\"row\">\n            <div class=\"col\">\n                <h1>\n                    Active Services                <\/h1>\n            <\/div>\n        <\/div>\n    <\/div>\n<\/div>\n\n\n<div class=\"table-section block no-margin-top no-margin-bottom\"\">\n    <div class=\"container\">\n                <div class=\"row\">\n            <div class=\"col-md-7 offset-md-1\">\n                <h3>\n                    Made for You                <\/h3>\n            <\/div>\n        <\/div>\n                        <div class=\"row\">\n            <div class=\"col-md-5 offset-md-1\">\n                <div class=\"description\">\n                    <p>Sacco System est le partenaire de r\u00e9f\u00e9rence pour tous vos besoins : tandis que nous nous chargeons de la recherche et de la production, vous pouvez vous concentrer sur votre activit\u00e9.<\/p>\n                <\/div>\n            <\/div>\n        <\/div>\n                            <div class=\"row\">\n                <div class=\"col-md-10 offset-md-1\">\n                    <div class=\"table-rows\">\n                                        <div class=\"item\">\n                        <div class=\"title\">\n                            D\u00e9veloppement du processus et fermentation                        <\/div>\n                        <div class=\"description\">\n                            <p>Sacco System offre une gamme compl\u00e8te de services pour le d\u00e9veloppement et la production \u00e0 grande \u00e9chelle de probiotiques, postbiotiques et th\u00e9rapies microbiennes pour les entreprises produisant des compl\u00e9ments alimentaires, des biotechnologies et des produits pharmaceutiques.<\/p>\n<p>Nos comp\u00e9tences incluent le d\u00e9veloppement de processus et de dossiers pour les souches a\u00e9robies et ana\u00e9robies :<\/p>\n<ul>\n<li>Screening et optimisation des milieux de culture<\/li>\n<li>D\u00e9veloppement et validation des m\u00e9thodes analytiques<\/li>\n<li>Pr\u00e9paration et validation des banques cellulaires (RCB, MCB et WCB)<\/li>\n<li>D\u00e9veloppement du processus et passage \u00e0 l\u2019\u00e9chelle industrielle<\/li>\n<li>Lyophilisation<\/li>\n<li>Production en GMP, de la dimension clinique \u00e0 l\u2019\u00e9chelle industrielle<\/li>\n<li>\u00c9tudes de stabilit\u00e9<\/li>\n<\/ul>\n                        <\/div>\n                    <\/div>\n                                        <div class=\"item\">\n                        <div class=\"title\">\n                            Formulation des produits                        <\/div>\n                        <div class=\"description\">\n                            <p>Notre \u00e9quipe de d\u00e9veloppement commercial est en mesure de finaliser le projet, depuis la d\u00e9finition du rationnel scientifique jusqu\u2019\u00e0 la s\u00e9lection de la forme pharmaceutique la plus appropri\u00e9e, pour acc\u00e9l\u00e9rer l\u2019introduction sur le march\u00e9 des produits de nos partenaires.<\/p>\n<h3><\/h3>\n                        <\/div>\n                    <\/div>\n                                        <div class=\"item\">\n                        <div class=\"title\">\n                            Tests in vitro et in vivo                        <\/div>\n                        <div class=\"description\">\n                            <p>Le march\u00e9 exige de plus en plus des solutions bas\u00e9es sur des preuves scientifiques. Sacco System dispose d\u2019une \u00e9quipe d\u00e9di\u00e9e pour vous aider \u00e0 maximiser la valeur de vos produits. Nous pouvons vous accompagner dans la d\u00e9finition de votre projet exp\u00e9rimental et la caract\u00e9risation de vos produits in vitro ou \u00e0 travers des \u00e9tudes cliniques.<\/p>\n                        <\/div>\n                    <\/div>\n                                        <div class=\"item\">\n                        <div class=\"title\">\n                            Expansion du march\u00e9                        <\/div>\n                        <div class=\"description\">\n                            <div class=\"flex max-w-full flex-col flex-grow\">\n<div class=\"min-h-8 text-message flex w-full flex-col items-end gap-2 whitespace-normal break-words text-start [.text-message+&amp;]:mt-5\" dir=\"auto\" data-message-author-role=\"assistant\" data-message-id=\"dd349793-bca4-4e95-976a-a0d82c107909\" data-message-model-slug=\"gpt-4o-mini\">\n<div class=\"flex w-full flex-col gap-1 empty:hidden first:pt-[3px]\">\n<div class=\"markdown prose w-full break-words dark:prose-invert light\">\n<p>Nous pouvons aider nos partenaires \u00e0 p\u00e9n\u00e9trer de nouveaux march\u00e9s en offrant une large gamme de services tels que l&rsquo;analyse de march\u00e9, la recherche de distributeurs, la gestion des distributeurs, l&rsquo;assistance pour l&rsquo;enregistrement, la d\u00e9finition de strat\u00e9gies de branding et de marketing, ainsi que des contacts avec des prestataires de services tiers tels que des laboratoires, des producteurs sous contrat et des autorit\u00e9s publiques.<\/p>\n<\/div>\n<\/div>\n<\/div>\n<\/div>\n                        <\/div>\n                    <\/div>\n                                        <div class=\"item\">\n                        <div class=\"title\">\n                            Support r\u00e9glementaire                        <\/div>\n                        <div class=\"description\">\n                            <p>Quelle que soit votre exigence, que ce soit pour p\u00e9n\u00e9trer de nouveaux march\u00e9s ou pour la pr\u00e9paration du dossier pour un nouveau bioth\u00e9rapeutique, Sacco System met \u00e0 votre disposition une <strong>\u00e9quipe d&rsquo;experts<\/strong> \u00e0 votre service.<\/p>\n<p>Avec une exp\u00e9rience de plus de dix ans en microbiologie et un d\u00e9partement interne de recherche et d\u00e9veloppement vaste et structur\u00e9, nous sommes en mesure d\u2019effectuer diff\u00e9rents tests en laboratoire humide et in silico pour mieux caract\u00e9riser vos produits et <strong>r\u00e9pondre \u00e0 vos besoins.<\/strong><\/p>\n<h3><\/h3>\n                        <\/div>\n                    <\/div>\n                                        <div class=\"item\">\n                        <div class=\"title\">\n                            Biologie mol\u00e9culaire et analyses en laboratoire                        <\/div>\n                        <div class=\"description\">\n                            <p>Nous offrons des <strong>Formulations Multi-Actions Avanc\u00e9es<\/strong> pour aider les marques \u00e0 se d\u00e9velopper sur le march\u00e9 de la sant\u00e9 et du bien-\u00eatre.<\/p>\n<p>Gr\u00e2ce \u00e0 notre expertise et \u00e0 une gamme compl\u00e8te de services, nous fournissons des <strong>formulations probiotiques de haute qualit\u00e9<\/strong>, d\u00e9velopp\u00e9es et soutenues par des preuves scientifiques de haut niveau, accompagn\u00e9es d&rsquo;un <strong>dossier complet et personnalis\u00e9<\/strong> en fonction de chaque besoin pour une entr\u00e9e rapide sur le march\u00e9.<\/p>\n                        <\/div>\n                    <\/div>\n                                        <\/div>\n                <\/div>\n            <\/div>\n            <\/div>\n<\/div>\n\n<div class=\"table-section block gradient-milk\"\">\n    <div class=\"container\">\n                <div class=\"row\">\n            <div class=\"col-md-7 offset-md-1\">\n                <h3>\n                    Finished for You                <\/h3>\n            <\/div>\n        <\/div>\n                        <div class=\"row\">\n            <div class=\"col-md-5 offset-md-1\">\n                <div class=\"description\">\n                    <p>Des solutions personnalis\u00e9es \u00e0 partir de nos principes actifs sous forme de produits finis, pour l&rsquo;expansion de votre march\u00e9 et la protection de la propri\u00e9t\u00e9 intellectuelle de votre marque.<\/p>\n                <\/div>\n            <\/div>\n        <\/div>\n                            <div class=\"row\">\n                <div class=\"col-md-10 offset-md-1\">\n                    <div class=\"table-rows\">\n                                        <div class=\"item\">\n                        <div class=\"title\">\n                            Tailor made solutions                        <\/div>\n                        <div class=\"description\">\n                            <p>Nous sommes sp\u00e9cialis\u00e9s dans la fourniture de <strong>solutions personnalis\u00e9es<\/strong> pour l&rsquo;industrie nutraceutique. De l&rsquo;id\u00e9e \u00e0 la r\u00e9alisation, nous travaillons en \u00e9troite collaboration avec les entreprises pour cr\u00e9er des formulations uniques et <strong>scientifiquement valid\u00e9es<\/strong>, adapt\u00e9es \u00e0 chaque besoin sp\u00e9cifique.<\/p>\n                        <\/div>\n                    <\/div>\n                                        <div class=\"item\">\n                        <div class=\"title\">\n                            White Label                        <\/div>\n                        <div class=\"description\">\n                            <p>Une \u00e9quipe d&rsquo;experts suit chaque \u00e9tape, se consacrant \u00e0 la recherche, <strong>\u00e0 l&rsquo;optimisation des formulations<\/strong>, ainsi qu&rsquo;au soutien technique et r\u00e9glementaire avant et apr\u00e8s le lancement, pour garantir un produit unique et <strong>enti\u00e8rement sur mesure<\/strong>.<\/p>\n                        <\/div>\n                    <\/div>\n                                        <\/div>\n                <\/div>\n            <\/div>\n            <\/div>\n<\/div>","protected":false},"excerpt":{"rendered":"","protected":false},"author":1,"featured_media":0,"parent":0,"menu_order":0,"comment_status":"closed","ping_status":"closed","template":"","meta":{"_acf_changed":false,"footnotes":""},"class_list":["post-4540","page","type-page","status-publish","hentry"],"acf":[],"_links":{"self":[{"href":"https:\/\/saccosystem.com\/fr\/wp-json\/wp\/v2\/pages\/4540","targetHints":{"allow":["GET"]}}],"collection":[{"href":"https:\/\/saccosystem.com\/fr\/wp-json\/wp\/v2\/pages"}],"about":[{"href":"https:\/\/saccosystem.com\/fr\/wp-json\/wp\/v2\/types\/page"}],"author":[{"embeddable":true,"href":"https:\/\/saccosystem.com\/fr\/wp-json\/wp\/v2\/users\/1"}],"replies":[{"embeddable":true,"href":"https:\/\/saccosystem.com\/fr\/wp-json\/wp\/v2\/comments?post=4540"}],"version-history":[{"count":2,"href":"https:\/\/saccosystem.com\/fr\/wp-json\/wp\/v2\/pages\/4540\/revisions"}],"predecessor-version":[{"id":24903,"href":"https:\/\/saccosystem.com\/fr\/wp-json\/wp\/v2\/pages\/4540\/revisions\/24903"}],"wp:attachment":[{"href":"https:\/\/saccosystem.com\/fr\/wp-json\/wp\/v2\/media?parent=4540"}],"curies":[{"name":"wp","href":"https:\/\/api.w.org\/{rel}","templated":true}]}}