{"id":4279,"date":"2024-11-21T09:43:35","date_gmt":"2024-11-21T08:43:35","guid":{"rendered":"https:\/\/saccosystem.com\/?page_id=4279"},"modified":"2024-12-11T04:16:29","modified_gmt":"2024-12-11T03:16:29","slug":"probiotiques-pour-chiens-et-chats","status":"publish","type":"page","link":"https:\/\/saccosystem.com\/fr\/active-ingredients\/probiotiques-pour-chiens-et-chats\/","title":{"rendered":"Probiotiques pour chiens et chats"},"content":{"rendered":"<div class=\"breadcrumbs style-1 no-margin-top\"\">\n        <div class=\"container\">\n            <div class=\"row\">\n            <div class=\"col\">\n                <div class=\"pages\">\n            <span class=\"page parent\"><a href=\"https:\/\/saccosystem.com\/fr\/agro-vet\/\">Agro-Vet<\/a><span class=\"separator\">&gt;<\/span><\/span><span class=\"page current\">Probiotiques pour chiens et chats<\/span>                <\/div>\n            <\/div>\n        <\/div>\n        <\/div>\n    <\/div>\n\n<div class=\"ingredients-intro-text block\">\n    <div class=\"container\">\n        <div class=\"row\">\n                        <div class=\"col-md-10\">\n                <h1>\n                    Probiotiques pour chiens et chats                <\/h1>\n            <\/div>\n        <\/div>\n        <div class=\"row\">\n            <div class=\"col-md-7 offset-md-1\">\n                <div class=\"intro-text\">\n                    <p>Le<strong>\u00a0<em>Lactobacillus acidophilus<\/em><\/strong>\u00a0est une\u00a0<strong>probiotique\u00a0<\/strong>qui vit naturellement dans le tractus gastro-intestinal des\u00a0<strong>chiens et des chats\u00a0<\/strong>et a de nombreux effets b\u00e9n\u00e9fiques pour leur sant\u00e9 intestinale.<\/p>\n                <\/div>\n            <\/div>\n        <\/div>\n        <div class=\"row\">\n            <div class=\"col-lg-5 col-md-10 offset-md-1\">\n                <p>Les lactobacilles servent, en effet, \u00e0 bloquer la prolif\u00e9ration de bact\u00e9ries ind\u00e9sirables tout en augmentant la r\u00e9sistance de l\u2019animal \u00e0 l\u2019invasion des micro-organismes \u00e9trangers, en <strong>collaborant avec les autres d\u00e9fenses immunitaires<\/strong>.<\/p>\n            <\/div>\n            <div class=\"col-lg-5 offset-lg-0 col-md-10 offset-md-1\">\n                            <\/div>\n        <\/div>\n    <\/div>\n<\/div>\n\n<div class=\"active-ingredients-list-posts block\"\">\n    <div class=\"container\">\n        <div class=\"row\">\n            <div class=\"col-md-10 offset-md-1\">\n                                <div class=\"title\">\n                    <h3>\n                        Les probiotiques intestinaux pour le bien-\u00eatre de vos chiens et chats                    <\/h3>\n                <\/div>\n                                                <div class=\"list-items\">\n                            <div class=\"list-item\">\n                        <div class=\"list-item-title\">\n                            Lactobacillus acidophilus D2\/CSL                        <\/div>\n            <div class=\"list-item-description\"><p>est un\u00a0<strong>probiotique intestinal\u00a0<\/strong>destin\u00e9 aux compl\u00e9ments alimentaires et aux aliments pour\u00a0<strong>chiens et chats\u00a0<\/strong>(autoris\u00e9 par le\u00a0R\u00e8glement (UE) 2018\/1558 du 17 octobre 2018\u00a0dans le groupe fonctionnel des \u00abstabilisateurs de la flore intestinale\u00bb).<\/p>\n<p><strong>La fonction du probiotique pour chiens et chats<em>\u00a0Lactobacillus acidophilus<\/em>\u00a0D2\/CSL<\/strong>\u00a0est celle de r\u00e9tablir l\u2019\u00e9quilibre entre lactobacilles et bact\u00e9ries ind\u00e9sirables \u00e0 l\u2019int\u00e9rieur de leur intestin, en am\u00e9liorant leur sant\u00e9 intestinale (que l\u2019on remarque dans la qualit\u00e9 de leurs selles) et en\u00a0<strong>r\u00e9tablissant aux niveaux physiologiques leurs fonctions digestives.<\/strong><\/p>\n<\/div>                            <div class=\"list\">\n                                                <div class=\"item\">\n                                    <a href=\"https:\/\/saccosystem.com\/wp-content\/uploads\/2024\/11\/Catalogo_vet_eng.pdf\" target=\"_blank\">\n                                        <span class=\"title\">\n                                            <span class=\"icon\">\n                                            <svg width=\"32\" height=\"32\" viewBox=\"0 0 32 32\" fill=\"none\" xmlns=\"http:\/\/www.w3.org\/2000\/svg\"><mask id=\"mask0_1261_3218\" style=\"mask-type:alpha\" maskUnits=\"userSpaceOnUse\" x=\"0\" y=\"0\" width=\"32\" height=\"32\"><rect width=\"32\" height=\"32\" fill=\"#D9D9D9\"><\/rect><\/mask><g mask=\"url(#mask0_1261_3218)\"><path d=\"M10.923 14.9232H18.923V8.2565H10.923V14.9232ZM26 26.2565C26 26.9301 25.7667 27.5002 25.3 27.9668C24.8333 28.4335 24.2632 28.6668 23.5897 28.6668H8.41033C7.73678 28.6668 7.16667 28.4335 6.7 27.9668C6.23333 27.5002 6 26.9301 6 26.2565V5.74383C6 5.07027 6.23333 4.50016 6.7 4.0335C7.16667 3.56683 7.73678 3.3335 8.41033 3.3335H23.5897C24.2632 3.3335 24.8333 3.56683 25.3 4.0335C25.7667 4.50016 26 5.07027 26 5.74383V26.2565ZM24 26.2565V5.74383C24 5.64116 23.9572 5.54716 23.8717 5.46183C23.7863 5.37627 23.6923 5.3335 23.5897 5.3335H8.41033C8.30767 5.3335 8.21367 5.37627 8.12833 5.46183C8.04278 5.54716 8 5.64116 8 5.74383V26.2565C8 26.3592 8.04278 26.4532 8.12833 26.5385C8.21367 26.6241 8.30767 26.6668 8.41033 26.6668H23.5897C23.6923 26.6668 23.7863 26.6241 23.8717 26.5385C23.9572 26.4532 24 26.3592 24 26.2565Z\" fill=\"#FAFAFC\"><\/path><\/g><\/svg>                                            <\/span>\n                                            <span class=\"text\">\n                                                                                                <span class=\"description\">\n                                                    Our solutions for animals                                                <\/span>\n                                            <\/span>\n                                        <\/span>\n                                        <span class=\"action\">\n                                                                                        <span class=\"icon\">\n                                                <svg width=\"24\" height=\"24\" viewBox=\"0 0 24 24\" fill=\"none\" xmlns=\"http:\/\/www.w3.org\/2000\/svg\">\n                                                    <mask id=\"mask0_1261_3199\" style=\"mask-type:alpha\" maskUnits=\"userSpaceOnUse\" x=\"0\" y=\"0\" width=\"24\" height=\"24\">\n                                                        <rect width=\"24\" height=\"24\" fill=\"#D9D9D9\"><\/rect>\n                                                    <\/mask>\n                                                    <g mask=\"url(#mask0_1261_3199)\">\n                                                        <path d=\"M12 15.7885L7.73075 11.5192L8.78475 10.4348L11.25 12.9V4.5H12.75V12.9L15.2153 10.4348L16.2693 11.5192L12 15.7885ZM6.30775 19.5C5.80258 19.5 5.375 19.325 5.025 18.975C4.675 18.625 4.5 18.1974 4.5 17.6923V14.9808H6V17.6923C6 17.7692 6.03208 17.8398 6.09625 17.9038C6.16025 17.9679 6.23075 18 6.30775 18H17.6923C17.7692 18 17.8398 17.9679 17.9038 17.9038C17.9679 17.8398 18 17.7692 18 17.6923V14.9808H19.5V17.6923C19.5 18.1974 19.325 18.625 18.975 18.975C18.625 19.325 18.1974 19.5 17.6923 19.5H6.30775Z\" fill=\"#FAFAFC\"><\/path>\n                                                    <\/g>\n                                                <\/svg>\n                                            <\/span>\n                                            Download                                                                                    <\/span>\n                                    <\/a>\n                                <\/div>\n                                            <\/div>\n                                    <\/div>\n                            <\/div>\n                    <\/div>\n        <\/div>\n    <\/div>\n<\/div>\n\n<div class=\"block learn-more with-background no-margin-top no-margin-bottom\" style=\"background: linear-gradient(rgba(0,0,0,0.2), rgba(0,0,0,0.2)), url(https:\/\/saccosystem.com\/wp-content\/uploads\/2024\/09\/banner_approfondisci.jpg) no-repeat center center; background-size: cover, cover;\">\n                <div class=\"container\">\n                <div class=\"row\">\n                <div class=\"col-lg-10 offset-lg-1\">\n                                                                                    <div class=\"list\">\n                                    <div class=\"title\">\n                        En savoir plus                    <\/div>\n                                                    <div class=\"item\">\n                                        <a href=\"https:\/\/saccosystem.com\/wp-content\/uploads\/2024\/12\/20181558_D2-CSL-Pet.pdf\" target=\"_blank\">\n                                            <span class=\"title\">\n                                                <span class=\"icon\">\n                                                <svg width=\"32\" height=\"32\" viewBox=\"0 0 32 32\" fill=\"none\" xmlns=\"http:\/\/www.w3.org\/2000\/svg\"><mask id=\"mask0_1261_3192\" style=\"mask-type:alpha\" maskUnits=\"userSpaceOnUse\" x=\"0\" y=\"0\" width=\"32\" height=\"32\"><rect width=\"32\" height=\"32\" fill=\"#D9D9D9\"><\/rect><\/mask><g mask=\"url(#mask0_1261_3192)\"><path d=\"M7.07696 27.3332C6.4034 27.3332 5.83329 27.0998 5.36663 26.6332C4.89996 26.1665 4.66663 25.5964 4.66663 24.9228V7.07684C4.66663 6.40328 4.89996 5.83317 5.36663 5.3665C5.83329 4.89984 6.4034 4.6665 7.07696 4.6665H21.0513L27.3333 10.9485V24.9228C27.3333 25.5964 27.1 26.1665 26.6333 26.6332C26.1666 27.0998 25.5965 27.3332 24.923 27.3332H7.07696ZM7.07696 25.3332H24.923C25.0427 25.3332 25.1411 25.2947 25.218 25.2178C25.2948 25.1409 25.3333 25.0426 25.3333 24.9228V11.9998H20V6.6665H7.07696C6.95718 6.6665 6.85885 6.70495 6.78196 6.78184C6.70507 6.85873 6.66663 6.95706 6.66663 7.07684V24.9228C6.66663 25.0426 6.70507 25.1409 6.78196 25.2178C6.85885 25.2947 6.95718 25.3332 7.07696 25.3332ZM9.66663 21.9998H22.3333V19.9998H9.66663V21.9998ZM9.66663 11.9998H16V9.99984H9.66663V11.9998ZM9.66663 16.9998H22.3333V14.9998H9.66663V16.9998Z\" fill=\"#FAFAFC\"><\/path><\/g><\/svg>                                                <\/span>\n                                                <span class=\"text\">\n                                                                                                        <span class=\"description\">\n                                                        Regulation EU 2018\/1558 of 17 October 2018                                                    <\/span>\n                                                <\/span>\n                                            <\/span>\n                                            <span class=\"action\">\n                                                                                                <span class=\"icon\">\n                                                    <svg width=\"24\" height=\"24\" viewBox=\"0 0 24 24\" fill=\"none\" xmlns=\"http:\/\/www.w3.org\/2000\/svg\">\n                                                        <mask id=\"mask0_1261_3199\" style=\"mask-type:alpha\" maskUnits=\"userSpaceOnUse\" x=\"0\" y=\"0\" width=\"24\" height=\"24\">\n                                                            <rect width=\"24\" height=\"24\" fill=\"#D9D9D9\"><\/rect>\n                                                        <\/mask>\n                                                        <g mask=\"url(#mask0_1261_3199)\">\n                                                            <path d=\"M12 15.7885L7.73075 11.5192L8.78475 10.4348L11.25 12.9V4.5H12.75V12.9L15.2153 10.4348L16.2693 11.5192L12 15.7885ZM6.30775 19.5C5.80258 19.5 5.375 19.325 5.025 18.975C4.675 18.625 4.5 18.1974 4.5 17.6923V14.9808H6V17.6923C6 17.7692 6.03208 17.8398 6.09625 17.9038C6.16025 17.9679 6.23075 18 6.30775 18H17.6923C17.7692 18 17.8398 17.9679 17.9038 17.9038C17.9679 17.8398 18 17.7692 18 17.6923V14.9808H19.5V17.6923C19.5 18.1974 19.325 18.625 18.975 18.975C18.625 19.325 18.1974 19.5 17.6923 19.5H6.30775Z\" fill=\"#FAFAFC\"><\/path>\n                                                        <\/g>\n                                                    <\/svg>\n                                                <\/span>\n                                                Download\n                                                                                            <\/span>\n                                        <\/a>\n                                    <\/div>\n                                            <\/div>\n                                                <\/div>\n                    <\/div>\n            <\/div>\n    <\/div>\n\n<div class=\"applications applications-agro-vet-ingredients block\">\n    <div class=\"container\">\n        <div class=\"row\">\n            <h2>\n                Autres applications pour le secteur agro-v\u00e9t\u00e9rinaire            <\/h2>\n        <\/div>\n    <\/div>\n            <div class=\"animating-background\">\n            <div class=\"changing-backgrounds\">\n                <div>\n                                        <div class=\"background background-1\" style=\"background: linear-gradient(90deg, rgba(0,0,0,0.20), rgba(0,0,0,0.20)), url() no-repeat center center; background-size: cover;\"><\/div>\n                                        <div class=\"background background-2\" style=\"background: linear-gradient(90deg, rgba(0,0,0,0.20), rgba(0,0,0,0.20)), url() no-repeat center center; background-size: cover;\"><\/div>\n                                        <div class=\"background background-3\" style=\"background: linear-gradient(90deg, rgba(0,0,0,0.20), rgba(0,0,0,0.20)), url() no-repeat center center; background-size: cover;\"><\/div>\n                                    <\/div>\n                <div class=\"container\">\n                    <div class=\"row\">\n                        <div class=\"col\">\n                            <ul>\n                                                                <li>\n                                    <a href=\"https:\/\/saccosystem.com\/fr\/active-ingredients\/ferments-pour-ensilages\/\">\n                                        Ferments pour ensilages                                    <\/a>\n                                <\/li>\n                                                            <li>\n                                    <a href=\"https:\/\/saccosystem.com\/fr\/active-ingredients\/probiotiques-pour-les-plantes-et-lagriculture\/\">\n                                        Probiotiques pour plantes et agriculture                                    <\/a>\n                                <\/li>\n                                                            <li>\n                                    <a href=\"https:\/\/saccosystem.com\/fr\/active-ingredients\/probiotiques-pour-volailles\/\">\n                                        Probiotiques pour tous les oiseaux                                    <\/a>\n                                <\/li>\n                                                        <\/ul>\n                        <\/div>\n                    <\/div>\n                <\/div>\n            <\/div>\n            <\/div>\n<\/div>\n\n\n<p><\/p>\n","protected":false},"excerpt":{"rendered":"","protected":false},"author":1,"featured_media":0,"parent":4641,"menu_order":1,"comment_status":"closed","ping_status":"closed","template":"","meta":{"_acf_changed":false,"footnotes":""},"class_list":["post-4279","page","type-page","status-publish","hentry"],"acf":[],"_links":{"self":[{"href":"https:\/\/saccosystem.com\/fr\/wp-json\/wp\/v2\/pages\/4279","targetHints":{"allow":["GET"]}}],"collection":[{"href":"https:\/\/saccosystem.com\/fr\/wp-json\/wp\/v2\/pages"}],"about":[{"href":"https:\/\/saccosystem.com\/fr\/wp-json\/wp\/v2\/types\/page"}],"author":[{"embeddable":true,"href":"https:\/\/saccosystem.com\/fr\/wp-json\/wp\/v2\/users\/1"}],"replies":[{"embeddable":true,"href":"https:\/\/saccosystem.com\/fr\/wp-json\/wp\/v2\/comments?post=4279"}],"version-history":[{"count":0,"href":"https:\/\/saccosystem.com\/fr\/wp-json\/wp\/v2\/pages\/4279\/revisions"}],"up":[{"embeddable":true,"href":"https:\/\/saccosystem.com\/fr\/wp-json\/wp\/v2\/pages\/4641"}],"wp:attachment":[{"href":"https:\/\/saccosystem.com\/fr\/wp-json\/wp\/v2\/media?parent=4279"}],"curies":[{"name":"wp","href":"https:\/\/api.w.org\/{rel}","templated":true}]}}