{"id":4231,"date":"2024-11-21T11:10:16","date_gmt":"2024-11-21T10:10:16","guid":{"rendered":"https:\/\/saccosystem.com\/?page_id=4231"},"modified":"2025-01-31T15:51:09","modified_gmt":"2025-01-31T14:51:09","slug":"agro-vet","status":"publish","type":"page","link":"https:\/\/saccosystem.com\/fr\/agro-vet\/","title":{"rendered":"Agro-Vet"},"content":{"rendered":"<div class=\"title-style-1 has-video\">\n    <div class=\"background-video\">\n        <video width=\"1920\" height=\"1080\" preload=\"auto\" autoplay muted webkit-playsinline playsinline loop onloadedmetadata=\"this.muted = true\" fetchpriority=\"high\">\n            <source src=\"https:\/\/saccosystem.com\/wp-content\/uploads\/2025\/01\/Sacco-agrovet.mp4\" type=\"video\/mp4\">\n        <\/video>\n    <\/div>\n    <div class=\"container\">\n        <div class=\"row\">\n            <div class=\"col\">\n                <h1>\n                    Agro-Vet\n                <\/h1>\n            <\/div>\n        <\/div>\n    <\/div>\n<\/div>\n\n<div class=\"text-section no-title\">\n    <div class=\"container\">\n            <div class=\"row\">\n            <div class=\"col-md-5 offset-md-1\">\n                <p>Sol, plantes et animaux sont le premier maillon de la\u00a0<strong>fili\u00e8re agro-alimentaire<\/strong>. Sacco System produit des souches de\u00a0<strong>ferments lactiques<\/strong>\u00a0en mesure de fournir une r\u00e9ponse satisfaisante et comp\u00e9titives aux exigences du march\u00e9.<\/p>\n            <\/div>\n            <div class=\"col-md-5\">\n                <p>Les\u00a0<strong>ferments Sacco System pour le secteur agro-v\u00e9t\u00e9rinaire<\/strong>\u00a0sont formul\u00e9s, test\u00e9s et r\u00e9alis\u00e9s pour am\u00e9liorer le bien-\u00eatre animal et les performances, tout en optimisant la salubrit\u00e9 et la qualit\u00e9 des produits zootechniques, dans le respect absolu des \u00e9quilibres de l\u2019\u00e9cosyst\u00e8me.<\/p>\n            <\/div>\n        <\/div>\n    <\/div>\n<\/div>\n\n<div class=\"applications applications-agro-vet-ingredients block\">\n    <div class=\"container\">\n        <div class=\"row\">\n            <h2>\n                Applications pour le secteur agro-v\u00e9t\u00e9rinaire            <\/h2>\n        <\/div>\n    <\/div>\n            <div class=\"animating-background\">\n            <div class=\"changing-backgrounds\">\n                <div>\n                                        <div class=\"background background-1\" style=\"background: linear-gradient(90deg, rgba(0,0,0,0.20), rgba(0,0,0,0.20)), url(https:\/\/saccosystem.com\/wp-content\/uploads\/2024\/11\/139-683008936-Insilati.jpg) no-repeat center center; background-size: cover;\"><\/div>\n                                        <div class=\"background background-2\" style=\"background: linear-gradient(90deg, rgba(0,0,0,0.20), rgba(0,0,0,0.20)), url(https:\/\/saccosystem.com\/wp-content\/uploads\/2024\/11\/142-472518970-Plant.jpg) no-repeat center center; background-size: cover;\"><\/div>\n                                        <div class=\"background background-3\" style=\"background: linear-gradient(90deg, rgba(0,0,0,0.20), rgba(0,0,0,0.20)), url(https:\/\/saccosystem.com\/wp-content\/uploads\/2024\/11\/141-1273951189-Animalidacompagnia.jpg) no-repeat center center; background-size: cover;\"><\/div>\n                                        <div class=\"background background-4\" style=\"background: linear-gradient(90deg, rgba(0,0,0,0.20), rgba(0,0,0,0.20)), url(https:\/\/saccosystem.com\/wp-content\/uploads\/2024\/11\/140-1289151181-SACCOSYSTEM_ALLBIRDS_02.02.23.jpg) no-repeat center center; background-size: cover;\"><\/div>\n                                    <\/div>\n                <div class=\"container\">\n                    <div class=\"row\">\n                        <div class=\"col\">\n                            <ul>\n                                                                <li data-item=\"background-1\" data-bkg=\"https:\/\/saccosystem.com\/wp-content\/uploads\/2024\/11\/139-683008936-Insilati.jpg\">\n                                    <a href=\"https:\/\/saccosystem.com\/fr\/active-ingredients\/ferments-pour-ensilages\/\">\n                                        Ferments pour ensilages                                    <\/a>\n                                <\/li>\n                                                            <li data-item=\"background-2\" data-bkg=\"https:\/\/saccosystem.com\/wp-content\/uploads\/2024\/11\/142-472518970-Plant.jpg\">\n                                    <a href=\"https:\/\/saccosystem.com\/fr\/active-ingredients\/probiotiques-pour-les-plantes-et-lagriculture\/\">\n                                        Probiotiques pour plantes et agriculture                                    <\/a>\n                                <\/li>\n                                                            <li data-item=\"background-3\" data-bkg=\"https:\/\/saccosystem.com\/wp-content\/uploads\/2024\/11\/141-1273951189-Animalidacompagnia.jpg\">\n                                    <a href=\"https:\/\/saccosystem.com\/fr\/active-ingredients\/probiotiques-pour-chiens-et-chats\/\">\n                                        micro-organismes pour chiens et chats                                    <\/a>\n                                <\/li>\n                                                            <li data-item=\"background-4\" data-bkg=\"https:\/\/saccosystem.com\/wp-content\/uploads\/2024\/11\/140-1289151181-SACCOSYSTEM_ALLBIRDS_02.02.23.jpg\">\n                                    <a href=\"https:\/\/saccosystem.com\/fr\/active-ingredients\/probiotiques-pour-volailles\/\">\n                                        micro-organismes pour tous les oiseaux                                    <\/a>\n                                <\/li>\n                                                        <\/ul>\n                        <\/div>\n                    <\/div>\n                <\/div>\n            <\/div>\n            <\/div>\n<\/div>\n\n\n<p><\/p>\n","protected":false},"excerpt":{"rendered":"","protected":false},"author":1,"featured_media":0,"parent":0,"menu_order":17,"comment_status":"closed","ping_status":"closed","template":"","meta":{"_acf_changed":false,"footnotes":""},"class_list":["post-4231","page","type-page","status-publish","hentry"],"acf":[],"_links":{"self":[{"href":"https:\/\/saccosystem.com\/fr\/wp-json\/wp\/v2\/pages\/4231","targetHints":{"allow":["GET"]}}],"collection":[{"href":"https:\/\/saccosystem.com\/fr\/wp-json\/wp\/v2\/pages"}],"about":[{"href":"https:\/\/saccosystem.com\/fr\/wp-json\/wp\/v2\/types\/page"}],"author":[{"embeddable":true,"href":"https:\/\/saccosystem.com\/fr\/wp-json\/wp\/v2\/users\/1"}],"replies":[{"embeddable":true,"href":"https:\/\/saccosystem.com\/fr\/wp-json\/wp\/v2\/comments?post=4231"}],"version-history":[{"count":0,"href":"https:\/\/saccosystem.com\/fr\/wp-json\/wp\/v2\/pages\/4231\/revisions"}],"wp:attachment":[{"href":"https:\/\/saccosystem.com\/fr\/wp-json\/wp\/v2\/media?parent=4231"}],"curies":[{"name":"wp","href":"https:\/\/api.w.org\/{rel}","templated":true}]}}