{"id":4216,"date":"2024-05-01T14:29:53","date_gmt":"2024-05-01T12:29:53","guid":{"rendered":"https:\/\/saccosystem.com\/?page_id=4216"},"modified":"2025-03-20T18:05:48","modified_gmt":"2025-03-20T17:05:48","slug":"food","status":"publish","type":"page","link":"https:\/\/saccosystem.com\/fr\/food\/","title":{"rendered":"Food"},"content":{"rendered":"<div class=\"title-style-1 has-video\">\n    <div class=\"background-video\">\n        <video width=\"1920\" height=\"1080\" preload=\"auto\" autoplay muted webkit-playsinline playsinline loop onloadedmetadata=\"this.muted = true\" fetchpriority=\"high\">\n            <source src=\"https:\/\/saccosystem.com\/wp-content\/uploads\/2024\/11\/SACCO-SYSTEM-food-cover.mp4\" type=\"video\/mp4\">\n        <\/video>\n    <\/div>\n    <div class=\"container\">\n        <div class=\"row\">\n            <div class=\"col\">\n                <h1>\n                    Produits et solutions pour l&rsquo;industrie alimentaire\n                <\/h1>\n            <\/div>\n        <\/div>\n    <\/div>\n<\/div>\n\n<div class=\"text-section no-title\">\n    <div class=\"container\">\n            <div class=\"row\">\n            <div class=\"col-md-5 offset-md-1\">\n                <p><strong>Les produits Sacco System pour l\u2019industrie alimentaire\u00a0:<\/strong>\u00a0une vaste gamme de ferments lactiques, microorganismes, probiotiques et enzymes pour favoriser la culture du bien-\u00eatre et de l\u2019alimentation saine.<\/p>\n            <\/div>\n            <div class=\"col-md-5\">\n                <p><strong>Produits sains, naturels et fonctionnels<\/strong>\u00a0sp\u00e9cifiquement con\u00e7us pour la production de\u00a0fromages, produits frais, produits ferment\u00e9s, charcuterie, viande, poisson, produits de boulangerie et boissons ferment\u00e9es.<\/p>\n            <\/div>\n        <\/div>\n    <\/div>\n<\/div>\n\n<div class=\"applications block\">\n            <div class=\"container\">\n            <div class=\"row\">\n                <div class=\"col\">\n                    <h2>                        Applications                    <\/h2>                <\/div>\n                <div class=\"col-md-8 text-end\">\n                                <\/div>\n            <\/div>\n        <\/div>\n                        <div class=\"animating-background\">\n            <div class=\"changing-backgrounds\">\n                <div>\n                                                    <div class=\"background background-1\" style=\"background: linear-gradient(90deg, rgba(0,0,0,0.20), rgba(0,0,0,0.20)), url(https:\/\/saccosystem.com\/wp-content\/uploads\/2024\/11\/SACCO-SYSTEM-prodotti-freschi.jpg) no-repeat center center; background-size: cover;\"><\/div>\n                                                                        <div class=\"background background-2\" style=\"background: linear-gradient(90deg, rgba(0,0,0,0.20), rgba(0,0,0,0.20)), url(https:\/\/saccosystem.com\/wp-content\/uploads\/2024\/11\/SACCO-SYSTEM-formaggi.jpg) no-repeat center center; background-size: cover;\"><\/div>\n                                                                        <div class=\"background background-3\" style=\"background: linear-gradient(90deg, rgba(0,0,0,0.20), rgba(0,0,0,0.20)), url(https:\/\/saccosystem.com\/wp-content\/uploads\/2024\/11\/SACCO-SYSTEM-carne-e-pesce.jpg) no-repeat center center; background-size: cover;\"><\/div>\n                                                                        <div class=\"background background-4\" style=\"background: linear-gradient(90deg, rgba(0,0,0,0.20), rgba(0,0,0,0.20)), url(https:\/\/saccosystem.com\/wp-content\/uploads\/2024\/11\/SACCO-SYSTEM-fermentati-di-origine-vegetale.jpg) no-repeat center center; background-size: cover;\"><\/div>\n                                                                        <div class=\"background background-5\" style=\"background: linear-gradient(90deg, rgba(0,0,0,0.20), rgba(0,0,0,0.20)), url(https:\/\/saccosystem.com\/wp-content\/uploads\/2024\/11\/SACCO-SYSTEM-piante-fermentate.jpg) no-repeat center center; background-size: cover;\"><\/div>\n                                                                        <div class=\"background background-6\" style=\"background: linear-gradient(90deg, rgba(0,0,0,0.20), rgba(0,0,0,0.20)), url(https:\/\/saccosystem.com\/wp-content\/uploads\/2024\/11\/SACCO-SYSTEM-bevande-fermentate.jpg) no-repeat center center; background-size: cover;\"><\/div>\n                                                                        <div class=\"background background-7\" style=\"background: linear-gradient(90deg, rgba(0,0,0,0.20), rgba(0,0,0,0.20)), url(https:\/\/saccosystem.com\/wp-content\/uploads\/2024\/11\/SACCO-SYSTEM-prodotti-da-forno.jpg) no-repeat center center; background-size: cover;\"><\/div>\n                                                    <\/div>\n                        <div class=\"container\">\n                    <div class=\"row\">\n                        <div class=\"col\">\n                            <ul>                                                                                        <li data-bkg=\"https:\/\/saccosystem.com\/wp-content\/uploads\/2024\/11\/SACCO-SYSTEM-prodotti-freschi.jpg\" data-item=background-1>\n                                    <a href=\"https:\/\/saccosystem.com\/fr\/food\/ferments-et-solutions-pour-produits-frais\/\">\n                                        Produits frais                                    <\/a>\n                                <\/li>\n                                                                                                                    <li data-bkg=\"https:\/\/saccosystem.com\/wp-content\/uploads\/2024\/11\/SACCO-SYSTEM-formaggi.jpg\" data-item=background-2>\n                                    <a href=\"https:\/\/saccosystem.com\/fr\/food\/fromages\/\">\n                                        Fromages                                    <\/a>\n                                <\/li>\n                                                                                                                    <li data-bkg=\"https:\/\/saccosystem.com\/wp-content\/uploads\/2024\/11\/SACCO-SYSTEM-carne-e-pesce.jpg\" data-item=background-3>\n                                    <a href=\"https:\/\/saccosystem.com\/fr\/food\/viande-et-poisson\/\">\n                                        Viande et poisson                                    <\/a>\n                                <\/li>\n                                                                                                                    <li data-bkg=\"https:\/\/saccosystem.com\/wp-content\/uploads\/2024\/11\/SACCO-SYSTEM-fermentati-di-origine-vegetale.jpg\" data-item=background-4>\n                                    <a href=\"https:\/\/saccosystem.com\/fr\/food\/produits-fermentes-dorigine-vegetale\/\">\n                                        Produits d\u2019origine v\u00e9g\u00e9tale                                    <\/a>\n                                <\/li>\n                                                                                                                    <li data-bkg=\"https:\/\/saccosystem.com\/wp-content\/uploads\/2024\/11\/SACCO-SYSTEM-piante-fermentate.jpg\" data-item=background-5>\n                                    <a href=\"https:\/\/saccosystem.com\/fr\/food\/legumes-fermentes\/\">\n                                        L\u00e9gumes ferment\u00e9s                                    <\/a>\n                                <\/li>\n                                                                                                                    <li data-bkg=\"https:\/\/saccosystem.com\/wp-content\/uploads\/2024\/11\/SACCO-SYSTEM-bevande-fermentate.jpg\" data-item=background-6>\n                                    <a href=\"https:\/\/saccosystem.com\/fr\/food\/boissons-fermentees\/\">\n                                        Boissons ferment\u00e9es                                    <\/a>\n                                <\/li>\n                                                                                                                    <li data-bkg=\"https:\/\/saccosystem.com\/wp-content\/uploads\/2024\/11\/SACCO-SYSTEM-prodotti-da-forno.jpg\" data-item=background-7>\n                                    <a href=\"https:\/\/saccosystem.com\/fr\/food\/produits-de-boulangerie\/\">\n                                        Produits de boulangerie                                    <\/a>\n                                <\/li>\n                                                                                    <\/ul>                                                    <\/div>\n                    <\/div>\n                <\/div>\n                    <\/div>\n        <\/div>\n            <\/div>\n\n<div class=\"ingredients-might-interest\">\n    <div class=\"ingredients-might-interest-header\">\n        <div class=\"container\">\n            <div class=\"row\">\n                <div class=\"col\">\n                    <div class=\"top\">\n                        <h3>\n                            Vous pourriez \u00eatre int\u00e9ress\u00e9 par                        <\/h3>\n                                                    <a href=\"https:\/\/saccosystem.com\/fr\/food\/ingredients\/\">\n                                D\u00e9couvrez tous les ingr\u00e9dients                                <span class=\"icon\">\n                                    <svg width=\"24\" height=\"24\" viewBox=\"0 0 24 24\" fill=\"none\" xmlns=\"http:\/\/www.w3.org\/2000\/svg\">\n                                        <mask id=\"mask0_1128_11470\" style=\"mask-type:alpha\" maskUnits=\"userSpaceOnUse\" x=\"0\" y=\"0\" width=\"24\" height=\"24\">\n                                            <rect width=\"24\" height=\"24\" fill=\"#D9D9D9\" \/>\n                                        <\/mask>\n                                        <g mask=\"url(#mask0_1128_11470)\">\n                                            <path d=\"M14.8365 18.6636L13.7673 17.6194L18.6462 12.7404H2.5V11.2406H18.6558L13.7923 6.36163L14.8365 5.31738L21.5095 11.9906L14.8365 18.6636Z\" fill=\"#232429\" \/>\n                                        <\/g>\n                                    <\/svg>\n                                <\/span>\n                            <\/a>\n                                            <\/div>\n                <\/div>\n            <\/div>\n        <\/div>\n    <\/div>\n    <div class=\"ingredients-might-interest-body\">\n        <div class=\"container\">\n                        <div class=\"row posts\">\n                                <div class=\"col-lg-3\">\n                    <div class=\"item\" data-permalink=\"https:\/\/saccosystem.com\/fr\/ingredients\/cultures-4protection-poisson\/\"\">\n                        <div class=\"image\">\n                            <a href=\"https:\/\/saccosystem.com\/fr\/ingredients\/cultures-4protection-poisson\/\">\n                        <img loading=\"lazy\" decoding=\"async\" width=\"200\" height=\"200\" src=\"https:\/\/saccosystem.com\/wp-content\/uploads\/2024\/11\/4Protection-Pesce-new.svg\" class=\"attachment-full size-full\" alt=\"\" \/>                            <\/a>\n                        <\/div>\n                        <h4>\n                            <a href=\"https:\/\/saccosystem.com\/fr\/ingredients\/cultures-4protection-poisson\/\">\n                                Cultures 4Protection &#8211; Poisson                            <\/a>\n                        <\/h4>\n                        <div class=\"description\">\n                            <p>Les bact\u00e9ries de la gamme 4Protection Sacco ont \u00e9t\u00e9 \u00e9tudi\u00e9es pour prot\u00e9ger contre le risque de list\u00e9riose le poisson cru (saumon fum\u00e9 et produits \u00e9labor\u00e9s \u00e0 base de poisson), le poisson conditionn\u00e9 pour les comptoirs r\u00e9frig\u00e9r\u00e9s (filets de bar, truites, truites saumon\u00e9es, etc.), le poisson de mer et de lac vendu frais et bien d\u2019autres produits \u00e9labor\u00e9s \u00e0 base de poisson de nature diverse.<\/p>\n                        <\/div>\n                                                <div class=\"tags\">\n                            <ul>\n                        <li class=\"sacco-fr\">Sacco<\/li>                            <\/ul>\n                        <\/div>\n                                            <\/div>\n                <\/div>\n                                <div class=\"col-lg-3\">\n                    <div class=\"item\" data-permalink=\"https:\/\/saccosystem.com\/fr\/ingredients\/flore-bacterienne-secondaire-nslab\/\"\">\n                        <div class=\"image\">\n                            <a href=\"https:\/\/saccosystem.com\/fr\/ingredients\/flore-bacterienne-secondaire-nslab\/\">\n                        <img loading=\"lazy\" decoding=\"async\" width=\"201\" height=\"200\" src=\"https:\/\/saccosystem.com\/wp-content\/uploads\/2024\/11\/Flora-Batterica-new.svg\" class=\"attachment-full size-full\" alt=\"\" \/>                            <\/a>\n                        <\/div>\n                        <h4>\n                            <a href=\"https:\/\/saccosystem.com\/fr\/ingredients\/flore-bacterienne-secondaire-nslab\/\">\n                                Flore Bact\u00e9rienne Secondaire &#8211; NSLAB                            <\/a>\n                        <\/h4>\n                        <div class=\"description\">\n                            <p>La \u00ab\u00a0flore bact\u00e9rienne secondaire\u00a0\u00bb (ou NSLAB, Not starter lactic acid bacteria) est un terme qui englobe une cat\u00e9gorie particuli\u00e8re de ferments lactiques qui n\u2019interviennent pas dans les phases initiales de fermentation mais sur les \u00e9tapes secondaires de production des produits laitiers.<\/p>\n                        <\/div>\n                                                <div class=\"tags\">\n                            <ul>\n                        <li class=\"sacco-fr\">Sacco<\/li>                            <\/ul>\n                        <\/div>\n                                            <\/div>\n                <\/div>\n                                <div class=\"col-lg-3\">\n                    <div class=\"item\" data-permalink=\"https:\/\/saccosystem.com\/fr\/ingredients\/milieux-de-culture-et-proteines-fonctionnelles\/\"\">\n                        <div class=\"image\">\n                            <a href=\"https:\/\/saccosystem.com\/fr\/ingredients\/milieux-de-culture-et-proteines-fonctionnelles\/\">\n                        <img loading=\"lazy\" decoding=\"async\" width=\"200\" height=\"201\" src=\"https:\/\/saccosystem.com\/wp-content\/uploads\/2024\/11\/Terreni-di-Coltura-e-Proteine-Funzionali-new.svg\" class=\"attachment-full size-full\" alt=\"\" \/>                            <\/a>\n                        <\/div>\n                        <h4>\n                            <a href=\"https:\/\/saccosystem.com\/fr\/ingredients\/milieux-de-culture-et-proteines-fonctionnelles\/\">\n                                Milieux de Culture et Prot\u00e9ines Fonctionnelles                            <\/a>\n                        <\/h4>\n                        <div class=\"description\">\n                            <p>Les milieux de culture sont des solutions de produits constitu\u00e9s de composants du lait, de sels min\u00e9raux et de vitamines, et ils sont utilis\u00e9s comme substituts du lait dans la production des greffes industrielles (fermentation par inoculum indirect).<\/p>\n                        <\/div>\n                                                <div class=\"tags\">\n                            <ul>\n                        <li class=\"sacco-fr\">Sacco<\/li>                            <\/ul>\n                        <\/div>\n                                            <\/div>\n                <\/div>\n                                <div class=\"col-lg-3\">\n                    <div class=\"item\" data-permalink=\"https:\/\/saccosystem.com\/fr\/ingredients\/les-bacteries-lactiques-4protection-produits-laitiers\/\"\">\n                        <div class=\"image\">\n                            <a href=\"https:\/\/saccosystem.com\/fr\/ingredients\/les-bacteries-lactiques-4protection-produits-laitiers\/\">\n                        <img loading=\"lazy\" decoding=\"async\" width=\"200\" height=\"200\" src=\"https:\/\/saccosystem.com\/wp-content\/uploads\/2024\/11\/4Protection-Formaggi-new.svg\" class=\"attachment-full size-full\" alt=\"\" \/>                            <\/a>\n                        <\/div>\n                        <h4>\n                            <a href=\"https:\/\/saccosystem.com\/fr\/ingredients\/les-bacteries-lactiques-4protection-produits-laitiers\/\">\n                                Cultures 4Protection &#8211; Produits Laitiers                            <\/a>\n                        <\/h4>\n                        <div class=\"description\">\n                            <p>4Protection est la ligne de ferments Sac pour la protection des produits contre le d\u00e9veloppement de micro-organismes ind\u00e9sirables. Les cultures 4Protection sont constitu\u00e9es de bact\u00e9ries lactiques 100% naturelles qui aident \u00e0 maintenir la qualit\u00e9 structurelle et sensorielle des produits pendant leur dur\u00e9e de conservation.<\/p>\n                        <\/div>\n                                                <div class=\"tags\">\n                            <ul>\n                        <li class=\"sacco-fr\">Sacco<\/li>                            <\/ul>\n                        <\/div>\n                                            <\/div>\n                <\/div>\n                            <\/div>\n                    <\/div>\n    <\/div>\n<\/div>","protected":false},"excerpt":{"rendered":"","protected":false},"author":1,"featured_media":0,"parent":0,"menu_order":17,"comment_status":"closed","ping_status":"closed","template":"","meta":{"_acf_changed":false,"footnotes":""},"class_list":["post-4216","page","type-page","status-publish","hentry"],"acf":[],"_links":{"self":[{"href":"https:\/\/saccosystem.com\/fr\/wp-json\/wp\/v2\/pages\/4216","targetHints":{"allow":["GET"]}}],"collection":[{"href":"https:\/\/saccosystem.com\/fr\/wp-json\/wp\/v2\/pages"}],"about":[{"href":"https:\/\/saccosystem.com\/fr\/wp-json\/wp\/v2\/types\/page"}],"author":[{"embeddable":true,"href":"https:\/\/saccosystem.com\/fr\/wp-json\/wp\/v2\/users\/1"}],"replies":[{"embeddable":true,"href":"https:\/\/saccosystem.com\/fr\/wp-json\/wp\/v2\/comments?post=4216"}],"version-history":[{"count":0,"href":"https:\/\/saccosystem.com\/fr\/wp-json\/wp\/v2\/pages\/4216\/revisions"}],"wp:attachment":[{"href":"https:\/\/saccosystem.com\/fr\/wp-json\/wp\/v2\/media?parent=4216"}],"curies":[{"name":"wp","href":"https:\/\/api.w.org\/{rel}","templated":true}]}}