{"id":4148,"date":"2024-11-19T13:52:22","date_gmt":"2024-11-19T12:52:22","guid":{"rendered":"https:\/\/saccosystem.com\/?page_id=4148"},"modified":"2026-02-02T17:19:10","modified_gmt":"2026-02-02T16:19:10","slug":"produits-fermentes-dorigine-vegetale","status":"publish","type":"page","link":"https:\/\/saccosystem.com\/fr\/food\/produits-fermentes-dorigine-vegetale\/","title":{"rendered":"Produits ferment\u00e9s d&rsquo;origine v\u00e9g\u00e9tale"},"content":{"rendered":"\n<div class=\"title-style-2 gradient-food\">\n            <div class=\"breadcrumbs style-2\">\n                <div class=\"container\">\n                    <div class=\"row\">\n                <div class=\"col\">\n                    <div class=\"pages\">\n                <span class=\"page parent\"><a href=\"https:\/\/saccosystem.com\/fr\/food\/\">Food<\/a><span class=\"separator\">&gt;<\/span><\/span><span class=\"page current\">Produits d\u2019origine v\u00e9g\u00e9tale<\/span>                    <\/div>\n                <\/div>\n            <\/div>\n                <\/div>\n            <\/div>\n    <div class=\"container\">\n        <div class=\"row\">\n            <div class=\"col\">\n                <h1>\n                    Produits ferment\u00e9s d&rsquo;origine v\u00e9g\u00e9tale\n                <\/h1>\n            <\/div>\n        <\/div>\n    <\/div>\n<\/div>\n\n\n<div class=\"text-section\">\n    <div class=\"container\">\n            <div class=\"row\">\n            <div class=\"col-md-7 offset-md-1\">\n                <div class=\"intro-text\">\n                    <p>La demande pour des <strong>aliments et boissons sans lactose et d&rsquo;origine v\u00e9g\u00e9tale<\/strong> est en constante augmentation, tout comme celle pour des alternatives aux produits traditionnels \u00e0 base de lait ou de yaourt d&rsquo;origine animale.<\/p>\n                <\/div>\n            <\/div>\n        <\/div>\n            <div class=\"row\">\n            <div class=\"col-md-5 offset-md-1\">\n                <p>Sacco System propose une vari\u00e9t\u00e9 d&rsquo;<strong>ingr\u00e9dients pour le d\u00e9veloppement de produits ferment\u00e9s d&rsquo;origine v\u00e9g\u00e9tale et de boissons<\/strong> \u00e0 base de soja, lupin, pois chiches, pois, f\u00e8ves, noix de coco, riz, avoine, amandes et noix de cajou. En particulier, la <strong>gamme de cultures VChoice<\/strong> garantit une production contr\u00f4l\u00e9e et uniforme de produits ferment\u00e9s d&rsquo;origine v\u00e9g\u00e9tale de tous types (caill\u00e9 entier, caill\u00e9 cass\u00e9 mod\u00e9r\u00e9ment structur\u00e9 et produits \u00e0 boire) et est disponible en version lyophilis\u00e9e.<\/p>\n            <\/div>\n            <div class=\"col-md-5\">\n                <div class=\" push-down-20\">\n<p>Les ingr\u00e9dients de Sacco System sont con\u00e7us pour offrir des <strong>produits d&rsquo;origine v\u00e9g\u00e9tale de haute qualit\u00e9, exempts d&rsquo;allerg\u00e8nes<\/strong>, tout en assurant une production stable et constante, un flux de travail simplifi\u00e9 et une conservation optimale des produits, avec un go\u00fbt et un ar\u00f4me uniques.<\/p>\n<\/div>\n            <\/div>\n        <\/div>\n    <\/div>\n<\/div>\n\n<div class=\"applications applications-discover block\">\n    <div class=\"header\">        <div class=\"container\">\n            <div class=\"row\">\n                <div class=\"col-md-4\">\n                    <h3>                        D\u00e9couvrir les ingr\u00e9dients par application sp\u00e9cifique                    <\/h3>                <\/div>\n                <div class=\"col-md-8 text-end\">\n                <a href=\"https:\/\/saccosystem.com\/fr\/food\/ingredienti\/\" class=\"button large\">D\u00e9couvrir les ingr\u00e9dients<\/a>                <\/div>\n            <\/div>\n        <\/div>\n    <\/div>                            <div class=\"container\">\n                    <div class=\"row\">\n                        <div class=\"col\">\n                            <div class=\"items\">                                                                                        <div class=\"item\">\n                                    <div class=\"name\">\n                                        <a href=\"https:\/\/saccosystem.com\/fr\/food\/ingredienti\/?application-filter=fermentati-di-origine-vegetale\">\n                                            Produits d\u2019origine v\u00e9g\u00e9tale                                        <\/a>\n                                    <\/div>\n                                    <div class=\"description\">\n                                        <p>Ingredienti e soluzioni per Fermentati di Origine Vegetale<\/p>\n                                    <\/div>\n                                <\/div>\n                                                                                    <\/div>                            <div>                        <\/div>\n                    <\/div>\n                <\/div>\n            <\/div>\n\n\n<p><\/p>\n","protected":false},"excerpt":{"rendered":"","protected":false},"author":1,"featured_media":0,"parent":4216,"menu_order":0,"comment_status":"closed","ping_status":"closed","template":"","meta":{"_acf_changed":false,"footnotes":""},"class_list":["post-4148","page","type-page","status-publish","hentry"],"acf":[],"_links":{"self":[{"href":"https:\/\/saccosystem.com\/fr\/wp-json\/wp\/v2\/pages\/4148","targetHints":{"allow":["GET"]}}],"collection":[{"href":"https:\/\/saccosystem.com\/fr\/wp-json\/wp\/v2\/pages"}],"about":[{"href":"https:\/\/saccosystem.com\/fr\/wp-json\/wp\/v2\/types\/page"}],"author":[{"embeddable":true,"href":"https:\/\/saccosystem.com\/fr\/wp-json\/wp\/v2\/users\/1"}],"replies":[{"embeddable":true,"href":"https:\/\/saccosystem.com\/fr\/wp-json\/wp\/v2\/comments?post=4148"}],"version-history":[{"count":1,"href":"https:\/\/saccosystem.com\/fr\/wp-json\/wp\/v2\/pages\/4148\/revisions"}],"predecessor-version":[{"id":24103,"href":"https:\/\/saccosystem.com\/fr\/wp-json\/wp\/v2\/pages\/4148\/revisions\/24103"}],"up":[{"embeddable":true,"href":"https:\/\/saccosystem.com\/fr\/wp-json\/wp\/v2\/pages\/4216"}],"wp:attachment":[{"href":"https:\/\/saccosystem.com\/fr\/wp-json\/wp\/v2\/media?parent=4148"}],"curies":[{"name":"wp","href":"https:\/\/api.w.org\/{rel}","templated":true}]}}