{"id":4141,"date":"2024-11-19T13:51:58","date_gmt":"2024-11-19T12:51:58","guid":{"rendered":"https:\/\/saccosystem.com\/?page_id=4141"},"modified":"2026-02-02T17:19:59","modified_gmt":"2026-02-02T16:19:59","slug":"viande-et-poisson","status":"publish","type":"page","link":"https:\/\/saccosystem.com\/fr\/food\/viande-et-poisson\/","title":{"rendered":"Viande et poisson"},"content":{"rendered":"\n<div class=\"title-style-2 gradient-food\">\n            <div class=\"breadcrumbs style-2\">\n                <div class=\"container\">\n                    <div class=\"row\">\n                <div class=\"col\">\n                    <div class=\"pages\">\n                <span class=\"page parent\"><a href=\"https:\/\/saccosystem.com\/fr\/food\/\">Food<\/a><span class=\"separator\">&gt;<\/span><\/span><span class=\"page current\">Viande et poisson<\/span>                    <\/div>\n                <\/div>\n            <\/div>\n                <\/div>\n            <\/div>\n    <div class=\"container\">\n        <div class=\"row\">\n            <div class=\"col\">\n                <h1>\n                    Viande et poisson\n                <\/h1>\n            <\/div>\n        <\/div>\n    <\/div>\n<\/div>\n\n\n<div class=\"text-section\">\n    <div class=\"container\">\n            <div class=\"row\">\n            <div class=\"col-md-7 offset-md-1\">\n                <div class=\"intro-text\">\n                    <p>Sacco System produit des\u00a0<strong>ferments<\/strong>\u00a0pour la production et la protection naturelle de la\u00a0<strong>viande<\/strong>\u00a0et du\u00a0<strong>poisson<\/strong>. Les ingr\u00e9dients Sacco System ont pour objectif de garantir des produits de haute qualit\u00e9, en favorisant une\u00a0<strong>production fiable<\/strong>\u00a0et constante, un flux simple et une conservation parfaite du produit pendant toute sa<em>\u00a0dur\u00e9e de vie<\/em>.<\/p>\n                <\/div>\n            <\/div>\n        <\/div>\n            <div class=\"row\">\n            <div class=\"col-md-5 offset-md-1\">\n                <p>Les ingr\u00e9dients Sacco System sont indiqu\u00e9s en particulier pour les\u00a0<strong>saucissons, la charcuterie fra\u00eeche, les produits cuits, la pancetta, la coppa<\/strong>\u00a0et les\u00a0<strong>produits affin\u00e9s<\/strong>\u00a0ainsi que pour prot\u00e9ger le\u00a0<strong>saumon fum\u00e9<\/strong>\u00a0et les produits \u00e9labor\u00e9s \u00e0 base de poisson du risque de contamination par la\u00a0<em>Listeria monocytogenes.<\/em><\/p>\n            <\/div>\n            <div class=\"col-md-5\">\n                            <\/div>\n        <\/div>\n    <\/div>\n<\/div>\n\n<div class=\"applications applications-discover block\">\n    <div class=\"header\">        <div class=\"container\">\n            <div class=\"row\">\n                <div class=\"col-md-4\">\n                    <h3>                        D\u00e9couvrir les ingr\u00e9dients par application sp\u00e9cifique                    <\/h3>                <\/div>\n                <div class=\"col-md-8 text-end\">\n                <a href=\"https:\/\/saccosystem.com\/fr\/food\/ingredienti\/\" class=\"button large\">D\u00e9couvrir les ingr\u00e9dients<\/a>                <\/div>\n            <\/div>\n        <\/div>\n    <\/div>                            <div class=\"container\">\n                    <div class=\"row\">\n                        <div class=\"col\">\n                            <div class=\"items\">                                                                                        <div class=\"item\">\n                                    <div class=\"name\">\n                                        <a href=\"https:\/\/saccosystem.com\/fr\/food\/ingredienti\/?application-filter=viande-et-poisson\">\n                                            Viande et poisson                                        <\/a>\n                                    <\/div>\n                                    <div class=\"description\">\n                                        <p>Ingr\u00e9dients et solutions pour la viande et le poisson<\/p>\n                                    <\/div>\n                                <\/div>\n                                                                                    <\/div>                            <div>                        <\/div>\n                    <\/div>\n                <\/div>\n            <\/div>\n\n\n<p><\/p>\n","protected":false},"excerpt":{"rendered":"","protected":false},"author":1,"featured_media":0,"parent":4216,"menu_order":0,"comment_status":"closed","ping_status":"closed","template":"","meta":{"_acf_changed":false,"footnotes":""},"class_list":["post-4141","page","type-page","status-publish","hentry"],"acf":[],"_links":{"self":[{"href":"https:\/\/saccosystem.com\/fr\/wp-json\/wp\/v2\/pages\/4141","targetHints":{"allow":["GET"]}}],"collection":[{"href":"https:\/\/saccosystem.com\/fr\/wp-json\/wp\/v2\/pages"}],"about":[{"href":"https:\/\/saccosystem.com\/fr\/wp-json\/wp\/v2\/types\/page"}],"author":[{"embeddable":true,"href":"https:\/\/saccosystem.com\/fr\/wp-json\/wp\/v2\/users\/1"}],"replies":[{"embeddable":true,"href":"https:\/\/saccosystem.com\/fr\/wp-json\/wp\/v2\/comments?post=4141"}],"version-history":[{"count":1,"href":"https:\/\/saccosystem.com\/fr\/wp-json\/wp\/v2\/pages\/4141\/revisions"}],"predecessor-version":[{"id":24109,"href":"https:\/\/saccosystem.com\/fr\/wp-json\/wp\/v2\/pages\/4141\/revisions\/24109"}],"up":[{"embeddable":true,"href":"https:\/\/saccosystem.com\/fr\/wp-json\/wp\/v2\/pages\/4216"}],"wp:attachment":[{"href":"https:\/\/saccosystem.com\/fr\/wp-json\/wp\/v2\/media?parent=4141"}],"curies":[{"name":"wp","href":"https:\/\/api.w.org\/{rel}","templated":true}]}}