{"id":4137,"date":"2024-11-19T13:51:24","date_gmt":"2024-11-19T12:51:24","guid":{"rendered":"https:\/\/saccosystem.com\/?page_id=4137"},"modified":"2026-02-02T17:20:42","modified_gmt":"2026-02-02T16:20:42","slug":"fromages","status":"publish","type":"page","link":"https:\/\/saccosystem.com\/fr\/food\/fromages\/","title":{"rendered":"Fromages"},"content":{"rendered":"\n<div class=\"title-style-2 gradient-food\">\n            <div class=\"breadcrumbs style-2\">\n                <div class=\"container\">\n                    <div class=\"row\">\n                <div class=\"col\">\n                    <div class=\"pages\">\n                <span class=\"page parent\"><a href=\"https:\/\/saccosystem.com\/fr\/food\/\">Food<\/a><span class=\"separator\">&gt;<\/span><\/span><span class=\"page current\">Fromages<\/span>                    <\/div>\n                <\/div>\n            <\/div>\n                <\/div>\n            <\/div>\n    <div class=\"container\">\n        <div class=\"row\">\n            <div class=\"col\">\n                <h1>\n                    Fromages\n                <\/h1>\n            <\/div>\n        <\/div>\n    <\/div>\n<\/div>\n\n\n<div class=\"text-section\">\n    <div class=\"container\">\n            <div class=\"row\">\n            <div class=\"col-md-7 offset-md-1\">\n                <div class=\"intro-text\">\n                    <p>Sacco System produit des<strong>\u00a0ingr\u00e9dients pour la fabrication de fromages<\/strong>\u00a0\u00e0 p\u00e2te molle, demi-dure, dure et fil\u00e9e\u00a0: une large gamme de\u00a0<strong>ferments lactiques et probiotiques\u00a0<\/strong>aux fonctionnalit\u00e9s diverses, de la\u00a0<strong>pr\u00e9sure<\/strong>\u00a0et des produits pour la coagulation du lait, des\u00a0<strong>cultures secondaires<\/strong>,\u00a0<strong>moisissures, levures, milieux de culture, prot\u00e9ines fonctionnelles<\/strong>\u00a0et bien d\u2019autres encore.<\/p>\n                <\/div>\n            <\/div>\n        <\/div>\n            <div class=\"row\">\n            <div class=\"col-md-5 offset-md-1\">\n                <p>Les\u00a0<strong>ferments<\/strong>\u00a0et les solutions Sacco System ont pour objectif de garantir des\u00a0<strong>fromages de haute qualit\u00e9<\/strong>, en favorisant une\u00a0<strong>production fiable<\/strong>\u00a0et constante, un flux simple et une conservation parfaite du produit pendant toute sa\u00a0<em>dur\u00e9e de vie<\/em>.<\/p>\n            <\/div>\n            <div class=\"col-md-5\">\n                <div class=\" push-down-20\">\n<div class=\" push-down-20\">\n<p>S\u00e9lectionnez la cat\u00e9gorie de fromage ci-dessous pour d\u00e9couvrir tous les\u00a0<strong>ingr\u00e9dients Sacco System disponibles\u00a0<\/strong>!<\/p>\n<\/div>\n<\/div>\n            <\/div>\n        <\/div>\n    <\/div>\n<\/div>\n\n<div class=\"applications applications-discover block\">\n    <div class=\"header\">        <div class=\"container\">\n            <div class=\"row\">\n                <div class=\"col-md-4\">\n                    <h3>                        D\u00e9couvrir les ingr\u00e9dients par application sp\u00e9cifique                    <\/h3>                <\/div>\n                <div class=\"col-md-8 text-end\">\n                <a href=\"https:\/\/saccosystem.com\/fr\/food\/ingredienti\/\" class=\"button large\">D\u00e9couvrir les ingr\u00e9dients<\/a>                <\/div>\n            <\/div>\n        <\/div>\n    <\/div>                    <div class=\"animating-background\">\n            <div class=\"changing-backgrounds\">\n                <div>\n                                                    <div class=\"background background-1\" style=\"background: linear-gradient(90deg, rgba(0,0,0,0.20), rgba(0,0,0,0.20)), url(https:\/\/saccosystem.com\/wp-content\/uploads\/2024\/11\/203-952315666-Semiduri.jpg) no-repeat center center; background-size: cover;\"><\/div>\n                                                                        <div class=\"background background-2\" style=\"background: linear-gradient(90deg, rgba(0,0,0,0.20), rgba(0,0,0,0.20)), url(https:\/\/saccosystem.com\/wp-content\/uploads\/2024\/11\/205-1272704553-SoftCheese.jpg) no-repeat center center; background-size: cover;\"><\/div>\n                                                                        <div class=\"background background-3\" style=\"background: linear-gradient(90deg, rgba(0,0,0,0.20), rgba(0,0,0,0.20)), url(https:\/\/saccosystem.com\/wp-content\/uploads\/2024\/11\/204-76706210-Pastafilata.jpg) no-repeat center center; background-size: cover;\"><\/div>\n                                                                        <div class=\"background background-4\" style=\"background: linear-gradient(90deg, rgba(0,0,0,0.20), rgba(0,0,0,0.20)), url(https:\/\/saccosystem.com\/wp-content\/uploads\/2024\/11\/206-226719188-DOP.jpg) no-repeat center center; background-size: cover;\"><\/div>\n                                                                        <div class=\"background background-5\" style=\"background: linear-gradient(90deg, rgba(0,0,0,0.20), rgba(0,0,0,0.20)), url(https:\/\/saccosystem.com\/wp-content\/uploads\/2024\/11\/249-914004757-PastaDura.jpg) no-repeat center center; background-size: cover;\"><\/div>\n                                                                        <div class=\"background background-6\" style=\"background: linear-gradient(90deg, rgba(0,0,0,0.20), rgba(0,0,0,0.20)), url(https:\/\/saccosystem.com\/wp-content\/uploads\/2024\/11\/250-1145295951-Erborinati.jpg) no-repeat center center; background-size: cover;\"><\/div>\n                                                                        <div class=\"background background-7\" style=\"background: linear-gradient(90deg, rgba(0,0,0,0.20), rgba(0,0,0,0.20)), url(https:\/\/saccosystem.com\/wp-content\/uploads\/2024\/11\/202-1194154074-Molli.jpg) no-repeat center center; background-size: cover;\"><\/div>\n                                                    <\/div>\n                        <div class=\"container\">\n                    <div class=\"row\">\n                        <div class=\"col\">\n                            <ul>                                                                                        <li data-bkg=\"https:\/\/saccosystem.com\/wp-content\/uploads\/2024\/11\/203-952315666-Semiduri.jpg\" data-item=background-1>\n                                    <a href=\"https:\/\/saccosystem.com\/fr\/food\/ingredienti\/?application-filter=fromages-a-pate-mi-dure\">\n                                        Fromages \u00e0 p\u00e2te mi-dure                                    <\/a>\n                                <\/li>\n                                                                                                                    <li data-bkg=\"https:\/\/saccosystem.com\/wp-content\/uploads\/2024\/11\/205-1272704553-SoftCheese.jpg\" data-item=background-2>\n                                    <a href=\"https:\/\/saccosystem.com\/fr\/food\/ingredienti\/?application-filter=white-cheese-fr\">\n                                        White cheese                                    <\/a>\n                                <\/li>\n                                                                                                                    <li data-bkg=\"https:\/\/saccosystem.com\/wp-content\/uploads\/2024\/11\/204-76706210-Pastafilata.jpg\" data-item=background-3>\n                                    <a href=\"https:\/\/saccosystem.com\/fr\/food\/ingredienti\/?application-filter=pasta-filata-fromages\">\n                                        Fromages \u00e0 p\u00e2te fil\u00e9e                                    <\/a>\n                                <\/li>\n                                                                                                                    <li data-bkg=\"https:\/\/saccosystem.com\/wp-content\/uploads\/2024\/11\/206-226719188-DOP.jpg\" data-item=background-4>\n                                    <a href=\"https:\/\/saccosystem.com\/fr\/food\/ingredienti\/?application-filter=fromages\">\n                                        Fromages AOP                                    <\/a>\n                                <\/li>\n                                                                                                                    <li data-bkg=\"https:\/\/saccosystem.com\/wp-content\/uploads\/2024\/11\/249-914004757-PastaDura.jpg\" data-item=background-5>\n                                    <a href=\"https:\/\/saccosystem.com\/fr\/food\/ingredienti\/?application-filter=fromages-a-pate-dure\">\n                                        Fromages \u00e0 p\u00e2te dure                                    <\/a>\n                                <\/li>\n                                                                                                                    <li data-bkg=\"https:\/\/saccosystem.com\/wp-content\/uploads\/2024\/11\/250-1145295951-Erborinati.jpg\" data-item=background-6>\n                                    <a href=\"https:\/\/saccosystem.com\/fr\/food\/ingredienti\/?application-filter=fromages-aux-herbes\">\n                                        Fromages \u00e0 p\u00e2te persill\u00e9e                                    <\/a>\n                                <\/li>\n                                                                                                                    <li data-bkg=\"https:\/\/saccosystem.com\/wp-content\/uploads\/2024\/11\/202-1194154074-Molli.jpg\" data-item=background-7>\n                                    <a href=\"https:\/\/saccosystem.com\/fr\/food\/ingredienti\/?application-filter=fromages-a-pate-molle\">\n                                        Fromages \u00e0 p\u00e2te molle                                    <\/a>\n                                <\/li>\n                                                                                    <\/ul>                                                    <\/div>\n                    <\/div>\n                <\/div>\n                    <\/div>\n        <\/div>\n            <\/div>\n\n\n<p><\/p>\n","protected":false},"excerpt":{"rendered":"","protected":false},"author":1,"featured_media":0,"parent":4216,"menu_order":0,"comment_status":"closed","ping_status":"closed","template":"","meta":{"_acf_changed":false,"footnotes":""},"class_list":["post-4137","page","type-page","status-publish","hentry"],"acf":[],"_links":{"self":[{"href":"https:\/\/saccosystem.com\/fr\/wp-json\/wp\/v2\/pages\/4137","targetHints":{"allow":["GET"]}}],"collection":[{"href":"https:\/\/saccosystem.com\/fr\/wp-json\/wp\/v2\/pages"}],"about":[{"href":"https:\/\/saccosystem.com\/fr\/wp-json\/wp\/v2\/types\/page"}],"author":[{"embeddable":true,"href":"https:\/\/saccosystem.com\/fr\/wp-json\/wp\/v2\/users\/1"}],"replies":[{"embeddable":true,"href":"https:\/\/saccosystem.com\/fr\/wp-json\/wp\/v2\/comments?post=4137"}],"version-history":[{"count":1,"href":"https:\/\/saccosystem.com\/fr\/wp-json\/wp\/v2\/pages\/4137\/revisions"}],"predecessor-version":[{"id":24114,"href":"https:\/\/saccosystem.com\/fr\/wp-json\/wp\/v2\/pages\/4137\/revisions\/24114"}],"up":[{"embeddable":true,"href":"https:\/\/saccosystem.com\/fr\/wp-json\/wp\/v2\/pages\/4216"}],"wp:attachment":[{"href":"https:\/\/saccosystem.com\/fr\/wp-json\/wp\/v2\/media?parent=4137"}],"curies":[{"name":"wp","href":"https:\/\/api.w.org\/{rel}","templated":true}]}}