{"id":3970,"date":"2024-11-15T16:33:12","date_gmt":"2024-11-15T15:33:12","guid":{"rendered":"https:\/\/saccosystem.com\/ferments-et-solutions-pour-produits-frais\/"},"modified":"2026-02-02T17:21:34","modified_gmt":"2026-02-02T16:21:34","slug":"ferments-et-solutions-pour-produits-frais","status":"publish","type":"page","link":"https:\/\/saccosystem.com\/fr\/food\/ferments-et-solutions-pour-produits-frais\/","title":{"rendered":"Applications: produits frais"},"content":{"rendered":"\n<div class=\"title-style-2 gradient-food\">\n            <div class=\"breadcrumbs style-2\">\n                <div class=\"container\">\n                    <div class=\"row\">\n                <div class=\"col\">\n                    <div class=\"pages\">\n                <span class=\"page parent\"><a href=\"https:\/\/saccosystem.com\/fr\/food\/\">Food<\/a><span class=\"separator\">&gt;<\/span><\/span><span class=\"page current\">Produits frais<\/span>                    <\/div>\n                <\/div>\n            <\/div>\n                <\/div>\n            <\/div>\n    <div class=\"container\">\n        <div class=\"row\">\n            <div class=\"col\">\n                <h1>\n                    Produits frais\n                <\/h1>\n            <\/div>\n        <\/div>\n    <\/div>\n<\/div>\n\n\n<div class=\"text-section\">\n    <div class=\"container\">\n            <div class=\"row\">\n            <div class=\"col-md-7 offset-md-1\">\n                <div class=\"intro-text\">\n                    <p>Sacco System dispose de divers ingr\u00e9dients et solutions pour produits frais qui ont pour objectif de garantir des produits frais de haute qualit\u00e9 et leur parfaite conservation pendant toute la dur\u00e9e de vie.<\/p>\n                <\/div>\n            <\/div>\n        <\/div>\n            <div class=\"row\">\n            <div class=\"col-md-5 offset-md-1\">\n                <p>Nous qualifions de produits frais les fromages et produits d\u00e9riv\u00e9s du lait qui ont un caract\u00e8re hautement p\u00e9rissable et qui n\u00e9cessitent qu\u2019on les consomme rapidement. Parmi ces produits se situent les yaourts, les laits ferment\u00e9s, le beurre, les fromages frais de type robiola et bien d\u2019autres enc <\/p>\n            <\/div>\n            <div class=\"col-md-5\">\n                <p>Ces solutions comprennent une large gamme de ferments lactiques et probiotiques aux fonctionnalit\u00e9s diverses, de la pr\u00e9sure et des produits pour la coagulation du lait, des cultures secondaires, moisissures, levures, milieux de culture, prot\u00e9ines fonctionnelles et bien d\u2019autres encore.<\/p>\n            <\/div>\n        <\/div>\n    <\/div>\n<\/div>\n\n<div class=\"applications applications-discover block\">\n    <div class=\"header\">        <div class=\"container\">\n            <div class=\"row\">\n                <div class=\"col-md-4\">\n                    <h3>                        D\u00e9couvrir les ingr\u00e9dients par application sp\u00e9cifique                    <\/h3>                <\/div>\n                <div class=\"col-md-8 text-end\">\n                <a href=\"https:\/\/saccosystem.com\/fr\/food\/ingredienti\/\" class=\"button large\">D\u00e9couvrir les ingr\u00e9dients<\/a>                <\/div>\n            <\/div>\n        <\/div>\n    <\/div>                    <div class=\"animating-background\">\n            <div class=\"changing-backgrounds\">\n                <div>\n                                                    <div class=\"background background-1\" style=\"background: linear-gradient(90deg, rgba(0,0,0,0.20), rgba(0,0,0,0.20)), url(https:\/\/saccosystem.com\/wp-content\/uploads\/2024\/11\/199-1021071515-Burro.jpg) no-repeat center center; background-size: cover;\"><\/div>\n                                                                        <div class=\"background background-2\" style=\"background: linear-gradient(90deg, rgba(0,0,0,0.20), rgba(0,0,0,0.20)), url(https:\/\/saccosystem.com\/wp-content\/uploads\/2024\/11\/195-395804547-AmericanCottage.jpg) no-repeat center center; background-size: cover;\"><\/div>\n                                                                        <div class=\"background background-3\" style=\"background: linear-gradient(90deg, rgba(0,0,0,0.20), rgba(0,0,0,0.20)), url(https:\/\/saccosystem.com\/wp-content\/uploads\/2024\/11\/201-1181266174-Caprino.jpg) no-repeat center center; background-size: cover;\"><\/div>\n                                                                        <div class=\"background background-4\" style=\"background: linear-gradient(90deg, rgba(0,0,0,0.20), rgba(0,0,0,0.20)), url(https:\/\/saccosystem.com\/wp-content\/uploads\/2024\/11\/198-1413806317-Kefir.jpg) no-repeat center center; background-size: cover;\"><\/div>\n                                                                        <div class=\"background background-5\" style=\"background: linear-gradient(90deg, rgba(0,0,0,0.20), rgba(0,0,0,0.20)), url(https:\/\/saccosystem.com\/wp-content\/uploads\/2024\/11\/194-1367671708-PannaFermentata.jpg) no-repeat center center; background-size: cover;\"><\/div>\n                                                                        <div class=\"background background-6\" style=\"background: linear-gradient(90deg, rgba(0,0,0,0.20), rgba(0,0,0,0.20)), url(https:\/\/saccosystem.com\/wp-content\/uploads\/2024\/11\/197-424385863-Robiola.jpg) no-repeat center center; background-size: cover;\"><\/div>\n                                                                        <div class=\"background background-7\" style=\"background: linear-gradient(90deg, rgba(0,0,0,0.20), rgba(0,0,0,0.20)), url(https:\/\/saccosystem.com\/wp-content\/uploads\/2024\/11\/200-1353831845-Vili.jpg) no-repeat center center; background-size: cover;\"><\/div>\n                                                                        <div class=\"background background-8\" style=\"background: linear-gradient(90deg, rgba(0,0,0,0.20), rgba(0,0,0,0.20)), url(https:\/\/saccosystem.com\/wp-content\/uploads\/2024\/11\/196-932824289-StirredYogurt.jpg) no-repeat center center; background-size: cover;\"><\/div>\n                                                                        <div class=\"background background-9\" style=\"background: linear-gradient(90deg, rgba(0,0,0,0.20), rgba(0,0,0,0.20)), url(https:\/\/saccosystem.com\/wp-content\/uploads\/2024\/11\/193-1010497713-latti-fermentati-yogurt.jpg) no-repeat center center; background-size: cover;\"><\/div>\n                                                    <\/div>\n                        <div class=\"container\">\n                    <div class=\"row\">\n                        <div class=\"col\">\n                            <ul>                                                                                        <li data-bkg=\"https:\/\/saccosystem.com\/wp-content\/uploads\/2024\/11\/199-1021071515-Burro.jpg\" data-item=background-1>\n                                    <a href=\"https:\/\/saccosystem.com\/fr\/food\/ingredienti\/?application-filter=burro\">\n                                        Beurre                                    <\/a>\n                                <\/li>\n                                                                                                                    <li data-bkg=\"https:\/\/saccosystem.com\/wp-content\/uploads\/2024\/11\/195-395804547-AmericanCottage.jpg\" data-item=background-2>\n                                    <a href=\"https:\/\/saccosystem.com\/fr\/food\/ingredienti\/?application-filter=american-cottage-cheese-productos-frescos\">\n                                        American Cottage Cheese                                    <\/a>\n                                <\/li>\n                                                                                                                    <li data-bkg=\"https:\/\/saccosystem.com\/wp-content\/uploads\/2024\/11\/201-1181266174-Caprino.jpg\" data-item=background-3>\n                                    <a href=\"https:\/\/saccosystem.com\/fr\/food\/ingredienti\/?application-filter=formaggi-a-coagulazione-lattica-prodotti-freschi-de\">\n                                        Fromages \u00e0 coagulation lactique                                    <\/a>\n                                <\/li>\n                                                                                                                    <li data-bkg=\"https:\/\/saccosystem.com\/wp-content\/uploads\/2024\/11\/198-1413806317-Kefir.jpg\" data-item=background-4>\n                                    <a href=\"https:\/\/saccosystem.com\/fr\/food\/ingredienti\/?application-filter=kefir\">\n                                        Kefir                                    <\/a>\n                                <\/li>\n                                                                                                                    <li data-bkg=\"https:\/\/saccosystem.com\/wp-content\/uploads\/2024\/11\/194-1367671708-PannaFermentata.jpg\" data-item=background-5>\n                                    <a href=\"https:\/\/saccosystem.com\/fr\/food\/ingredienti\/?application-filter=panna-fermentata\">\n                                        Cr\u00e8me ferment\u00e9e                                    <\/a>\n                                <\/li>\n                                                                                                                    <li data-bkg=\"https:\/\/saccosystem.com\/wp-content\/uploads\/2024\/11\/197-424385863-Robiola.jpg\" data-item=background-6>\n                                    <a href=\"https:\/\/saccosystem.com\/fr\/food\/ingredienti\/?application-filter=robiola\">\n                                        Robiola                                    <\/a>\n                                <\/li>\n                                                                                                                    <li data-bkg=\"https:\/\/saccosystem.com\/wp-content\/uploads\/2024\/11\/200-1353831845-Vili.jpg\" data-item=background-7>\n                                    <a href=\"https:\/\/saccosystem.com\/fr\/food\/ingredienti\/?application-filter=viili\">\n                                        Viili                                    <\/a>\n                                <\/li>\n                                                                                                                    <li data-bkg=\"https:\/\/saccosystem.com\/wp-content\/uploads\/2024\/11\/196-932824289-StirredYogurt.jpg\" data-item=background-8>\n                                    <a href=\"https:\/\/saccosystem.com\/fr\/food\/ingredienti\/?application-filter=yogurt-mescolato-tipo-greco\">\n                                        Yaourt brass\u00e9 type grec                                    <\/a>\n                                <\/li>\n                                                                                                                    <li data-bkg=\"https:\/\/saccosystem.com\/wp-content\/uploads\/2024\/11\/193-1010497713-latti-fermentati-yogurt.jpg\" data-item=background-9>\n                                    <a href=\"https:\/\/saccosystem.com\/fr\/food\/ingredienti\/?application-filter=yogurt-e-latti-fermentati\">\n                                        Yaourts et lait ferment\u00e9                                    <\/a>\n                                <\/li>\n                                                                                    <\/ul>                                                    <\/div>\n                    <\/div>\n                <\/div>\n                    <\/div>\n        <\/div>\n            <\/div>","protected":false},"excerpt":{"rendered":"","protected":false},"author":1,"featured_media":0,"parent":4216,"menu_order":0,"comment_status":"closed","ping_status":"closed","template":"","meta":{"_acf_changed":false,"footnotes":""},"class_list":["post-3970","page","type-page","status-publish","hentry"],"acf":[],"_links":{"self":[{"href":"https:\/\/saccosystem.com\/fr\/wp-json\/wp\/v2\/pages\/3970","targetHints":{"allow":["GET"]}}],"collection":[{"href":"https:\/\/saccosystem.com\/fr\/wp-json\/wp\/v2\/pages"}],"about":[{"href":"https:\/\/saccosystem.com\/fr\/wp-json\/wp\/v2\/types\/page"}],"author":[{"embeddable":true,"href":"https:\/\/saccosystem.com\/fr\/wp-json\/wp\/v2\/users\/1"}],"replies":[{"embeddable":true,"href":"https:\/\/saccosystem.com\/fr\/wp-json\/wp\/v2\/comments?post=3970"}],"version-history":[{"count":1,"href":"https:\/\/saccosystem.com\/fr\/wp-json\/wp\/v2\/pages\/3970\/revisions"}],"predecessor-version":[{"id":24120,"href":"https:\/\/saccosystem.com\/fr\/wp-json\/wp\/v2\/pages\/3970\/revisions\/24120"}],"up":[{"embeddable":true,"href":"https:\/\/saccosystem.com\/fr\/wp-json\/wp\/v2\/pages\/4216"}],"wp:attachment":[{"href":"https:\/\/saccosystem.com\/fr\/wp-json\/wp\/v2\/media?parent=3970"}],"curies":[{"name":"wp","href":"https:\/\/api.w.org\/{rel}","templated":true}]}}