{"id":4858,"date":"2024-05-01T14:29:53","date_gmt":"2024-05-01T12:29:53","guid":{"rendered":"https:\/\/saccosystem.com\/?page_id=4858"},"modified":"2025-03-20T18:08:28","modified_gmt":"2025-03-20T17:08:28","slug":"food","status":"publish","type":"page","link":"https:\/\/saccosystem.com\/es\/food\/","title":{"rendered":"Food"},"content":{"rendered":"<div class=\"title-style-1 has-video\">\n    <div class=\"background-video\">\n        <video width=\"1920\" height=\"1080\" preload=\"auto\" autoplay muted webkit-playsinline playsinline loop onloadedmetadata=\"this.muted = true\" fetchpriority=\"high\">\n            <source src=\"https:\/\/saccosystem.com\/wp-content\/uploads\/2024\/11\/SACCO-SYSTEM-food-cover.mp4\" type=\"video\/mp4\">\n        <\/video>\n    <\/div>\n    <div class=\"container\">\n        <div class=\"row\">\n            <div class=\"col\">\n                <h1>\n                    Productos y soluciones para la industria alimentaria\n                <\/h1>\n            <\/div>\n        <\/div>\n    <\/div>\n<\/div>\n\n<div class=\"text-section no-title\">\n    <div class=\"container\">\n            <div class=\"row\">\n            <div class=\"col-md-5 offset-md-1\">\n                <p>Productos Sacco System para la industria alimentaria: una amplia gama de fermentos l\u00e1cticos, microorganismos, probi\u00f3ticos y enzimas para promover una buena y sana alimentaci\u00f3n y mejorar el bienestar de las personas.<\/p>\n            <\/div>\n            <div class=\"col-md-5\">\n                <p>Productos sanos, naturales y funcionales\u00a0estudiados espec\u00edficamente\u00a0para la producci\u00f3n de\u00a0quesos, productos frescos, productos fermentados, embutidos, carne, pescado, productos horneados y bebidas fermentadas.<\/p>\n            <\/div>\n        <\/div>\n    <\/div>\n<\/div>\n\n<div class=\"applications block\">\n            <div class=\"container\">\n            <div class=\"row\">\n                <div class=\"col\">\n                    <h2>                        Aplicaciones                    <\/h2>                <\/div>\n                <div class=\"col-md-8 text-end\">\n                                <\/div>\n            <\/div>\n        <\/div>\n                        <div class=\"animating-background\">\n            <div class=\"changing-backgrounds\">\n                <div>\n                                                    <div class=\"background background-1\" style=\"background: linear-gradient(90deg, rgba(0,0,0,0.20), rgba(0,0,0,0.20)), url(https:\/\/saccosystem.com\/wp-content\/uploads\/2024\/11\/SACCO-SYSTEM-prodotti-freschi.jpg) no-repeat center center; background-size: cover;\"><\/div>\n                                                                        <div class=\"background background-2\" style=\"background: linear-gradient(90deg, rgba(0,0,0,0.20), rgba(0,0,0,0.20)), url(https:\/\/saccosystem.com\/wp-content\/uploads\/2024\/11\/SACCO-SYSTEM-formaggi.jpg) no-repeat center center; background-size: cover;\"><\/div>\n                                                                        <div class=\"background background-3\" style=\"background: linear-gradient(90deg, rgba(0,0,0,0.20), rgba(0,0,0,0.20)), url(https:\/\/saccosystem.com\/wp-content\/uploads\/2024\/11\/SACCO-SYSTEM-carne-e-pesce.jpg) no-repeat center center; background-size: cover;\"><\/div>\n                                                                        <div class=\"background background-4\" style=\"background: linear-gradient(90deg, rgba(0,0,0,0.20), rgba(0,0,0,0.20)), url(https:\/\/saccosystem.com\/wp-content\/uploads\/2024\/11\/SACCO-SYSTEM-fermentati-di-origine-vegetale.jpg) no-repeat center center; background-size: cover;\"><\/div>\n                                                                        <div class=\"background background-5\" style=\"background: linear-gradient(90deg, rgba(0,0,0,0.20), rgba(0,0,0,0.20)), url(https:\/\/saccosystem.com\/wp-content\/uploads\/2024\/11\/SACCO-SYSTEM-piante-fermentate.jpg) no-repeat center center; background-size: cover;\"><\/div>\n                                                                        <div class=\"background background-6\" style=\"background: linear-gradient(90deg, rgba(0,0,0,0.20), rgba(0,0,0,0.20)), url(https:\/\/saccosystem.com\/wp-content\/uploads\/2024\/11\/SACCO-SYSTEM-bevande-fermentate.jpg) no-repeat center center; background-size: cover;\"><\/div>\n                                                                        <div class=\"background background-7\" style=\"background: linear-gradient(90deg, rgba(0,0,0,0.20), rgba(0,0,0,0.20)), url(https:\/\/saccosystem.com\/wp-content\/uploads\/2024\/11\/SACCO-SYSTEM-prodotti-da-forno.jpg) no-repeat center center; background-size: cover;\"><\/div>\n                                                    <\/div>\n                        <div class=\"container\">\n                    <div class=\"row\">\n                        <div class=\"col\">\n                            <ul>                                                                                        <li data-bkg=\"https:\/\/saccosystem.com\/wp-content\/uploads\/2024\/11\/SACCO-SYSTEM-prodotti-freschi.jpg\" data-item=background-1>\n                                    <a href=\"https:\/\/saccosystem.com\/es\/food\/productos-frescos\/\">\n                                        Productos Frescos                                    <\/a>\n                                <\/li>\n                                                                                                                    <li data-bkg=\"https:\/\/saccosystem.com\/wp-content\/uploads\/2024\/11\/SACCO-SYSTEM-formaggi.jpg\" data-item=background-2>\n                                    <a href=\"https:\/\/saccosystem.com\/es\/food\/quesos\/\">\n                                        Quesos                                    <\/a>\n                                <\/li>\n                                                                                                                    <li data-bkg=\"https:\/\/saccosystem.com\/wp-content\/uploads\/2024\/11\/SACCO-SYSTEM-carne-e-pesce.jpg\" data-item=background-3>\n                                    <a href=\"https:\/\/saccosystem.com\/es\/food\/carne-y-el-pescado\/\">\n                                        Carne y El Pescado                                    <\/a>\n                                <\/li>\n                                                                                                                    <li data-bkg=\"https:\/\/saccosystem.com\/wp-content\/uploads\/2024\/11\/SACCO-SYSTEM-fermentati-di-origine-vegetale.jpg\" data-item=background-4>\n                                    <a href=\"https:\/\/saccosystem.com\/es\/food\/productos-fermentados-de-origen-vegetal\/\">\n                                        Productos de origen vegetal                                    <\/a>\n                                <\/li>\n                                                                                                                    <li data-bkg=\"https:\/\/saccosystem.com\/wp-content\/uploads\/2024\/11\/SACCO-SYSTEM-piante-fermentate.jpg\" data-item=background-5>\n                                    <a href=\"https:\/\/saccosystem.com\/es\/food\/vegetales-fermentados\/\">\n                                        Vegetales Fermentados                                    <\/a>\n                                <\/li>\n                                                                                                                    <li data-bkg=\"https:\/\/saccosystem.com\/wp-content\/uploads\/2024\/11\/SACCO-SYSTEM-bevande-fermentate.jpg\" data-item=background-6>\n                                    <a href=\"https:\/\/saccosystem.com\/es\/food\/bebidas-fermentadas\/\">\n                                        Bebidas Fermentadas                                    <\/a>\n                                <\/li>\n                                                                                                                    <li data-bkg=\"https:\/\/saccosystem.com\/wp-content\/uploads\/2024\/11\/SACCO-SYSTEM-prodotti-da-forno.jpg\" data-item=background-7>\n                                    <a href=\"https:\/\/saccosystem.com\/es\/food\/productos-horneados\/\">\n                                        Productos horneados                                    <\/a>\n                                <\/li>\n                                                                                    <\/ul>                                                    <\/div>\n                    <\/div>\n                <\/div>\n                    <\/div>\n        <\/div>\n            <\/div>\n\n<div class=\"ingredients-might-interest\">\n    <div class=\"ingredients-might-interest-header\">\n        <div class=\"container\">\n            <div class=\"row\">\n                <div class=\"col\">\n                    <div class=\"top\">\n                        <h3>\n                            Podr\u00eda interesarte                        <\/h3>\n                                                    <a href=\"https:\/\/saccosystem.com\/es\/food\/ingredientes\/\">\n                                Descubre todos los ingredientes                                <span class=\"icon\">\n                                    <svg width=\"24\" height=\"24\" viewBox=\"0 0 24 24\" fill=\"none\" xmlns=\"http:\/\/www.w3.org\/2000\/svg\">\n                                        <mask id=\"mask0_1128_11470\" style=\"mask-type:alpha\" maskUnits=\"userSpaceOnUse\" x=\"0\" y=\"0\" width=\"24\" height=\"24\">\n                                            <rect width=\"24\" height=\"24\" fill=\"#D9D9D9\" \/>\n                                        <\/mask>\n                                        <g mask=\"url(#mask0_1128_11470)\">\n                                            <path d=\"M14.8365 18.6636L13.7673 17.6194L18.6462 12.7404H2.5V11.2406H18.6558L13.7923 6.36163L14.8365 5.31738L21.5095 11.9906L14.8365 18.6636Z\" fill=\"#232429\" \/>\n                                        <\/g>\n                                    <\/svg>\n                                <\/span>\n                            <\/a>\n                                            <\/div>\n                <\/div>\n            <\/div>\n        <\/div>\n    <\/div>\n    <div class=\"ingredients-might-interest-body\">\n        <div class=\"container\">\n                    <\/div>\n    <\/div>\n<\/div>\n\n\n<p><\/p>\n","protected":false},"excerpt":{"rendered":"","protected":false},"author":1,"featured_media":0,"parent":0,"menu_order":17,"comment_status":"closed","ping_status":"closed","template":"","meta":{"_acf_changed":false,"footnotes":""},"class_list":["post-4858","page","type-page","status-publish","hentry"],"acf":[],"_links":{"self":[{"href":"https:\/\/saccosystem.com\/es\/wp-json\/wp\/v2\/pages\/4858","targetHints":{"allow":["GET"]}}],"collection":[{"href":"https:\/\/saccosystem.com\/es\/wp-json\/wp\/v2\/pages"}],"about":[{"href":"https:\/\/saccosystem.com\/es\/wp-json\/wp\/v2\/types\/page"}],"author":[{"embeddable":true,"href":"https:\/\/saccosystem.com\/es\/wp-json\/wp\/v2\/users\/1"}],"replies":[{"embeddable":true,"href":"https:\/\/saccosystem.com\/es\/wp-json\/wp\/v2\/comments?post=4858"}],"version-history":[{"count":0,"href":"https:\/\/saccosystem.com\/es\/wp-json\/wp\/v2\/pages\/4858\/revisions"}],"wp:attachment":[{"href":"https:\/\/saccosystem.com\/es\/wp-json\/wp\/v2\/media?parent=4858"}],"curies":[{"name":"wp","href":"https:\/\/api.w.org\/{rel}","templated":true}]}}