{"id":4842,"date":"2024-11-19T11:24:26","date_gmt":"2024-11-19T10:24:26","guid":{"rendered":"https:\/\/saccosystem.com\/?page_id=4842"},"modified":"2024-12-09T14:52:06","modified_gmt":"2024-12-09T13:52:06","slug":"probioticos-para-el-sistema-inmunitario","status":"publish","type":"page","link":"https:\/\/saccosystem.com\/es\/active-ingredients\/probioticos-para-el-sistema-inmunitario\/","title":{"rendered":"Probi\u00f3ticos para el sistema inmunitario"},"content":{"rendered":"<div class=\"breadcrumbs style-1 no-margin-top\"\">\n        <div class=\"container\">\n            <div class=\"row\">\n            <div class=\"col\">\n                <div class=\"pages\">\n            <span class=\"page parent\"><a href=\"https:\/\/saccosystem.com\/es\/microbiome\/\">Microbiome<\/a><span class=\"separator\">&gt;<\/span><\/span><span class=\"page parent\"><a href=\"https:\/\/saccosystem.com\/es\/active-ingredients\/\">Active Ingredients<\/a><span class=\"separator\">&gt;<\/span><\/span><span class=\"page current\">Probi\u00f3ticos para el sistema inmunitario<\/span>                <\/div>\n            <\/div>\n        <\/div>\n        <\/div>\n    <\/div>\n\n<div class=\"ingredients-intro-text block\">\n    <div class=\"container\">\n        <div class=\"row\">\n                        <div class=\"col-md-10\">\n                <h1>\n                    Probi\u00f3ticos para el sistema inmunitario                <\/h1>\n            <\/div>\n        <\/div>\n        <div class=\"row\">\n            <div class=\"col-md-7 offset-md-1\">\n                <div class=\"intro-text\">\n                                    <\/div>\n            <\/div>\n        <\/div>\n        <div class=\"row\">\n            <div class=\"col-lg-5 col-md-10 offset-md-1\">\n                <p>Las\u00a0<strong>bacterias probi\u00f3ticas\u00a0<\/strong>(del griego\u00a0<em>pro-bios<\/em>, \u00aba favor de la vida\u00bb) se conocen tambi\u00e9n como\u00a0<strong>fermentos l\u00e1cticos vivos<\/strong>\u00a0y, seg\u00fan la definici\u00f3n oficial de la FAO y la OMS, \u00abcuando se administran en cantidades apropiadas, confieren al hu\u00e9sped\u00a0<strong>un beneficio para la salud<\/strong>\u00bb.<\/p>\n            <\/div>\n            <div class=\"col-lg-5 offset-lg-0 col-md-10 offset-md-1\">\n                <p>Sacco System produce y comercializa una amplia gama de\u00a0<strong>fermentos probi\u00f3ticos<\/strong>\u00a0pensados espec\u00edficamente para la estimulaci\u00f3n y el buen funcionamiento<strong>\u00a0del sistema inmunitario,<\/strong>\u00a0en particular para el tratamiento de problemas relacionados con el\u00a0<strong>tracto respiratorio superior.<\/strong><\/p>\n            <\/div>\n        <\/div>\n    <\/div>\n<\/div>\n\n<div class=\"active-ingredients-list-posts block\"\">\n    <div class=\"container\">\n        <div class=\"row\">\n            <div class=\"col-md-10 offset-md-1\">\n                                <div class=\"title\">\n                    <h3>\n                        Fermentos probi\u00f3ticos Sacco System para el sistema inmunitario                    <\/h3>\n                <\/div>\n                                                <div class=\"description\">\n                    <div class=\"description\">\n<p>La gama de cultivos probi\u00f3ticos Sacco System incluye tanto\u00a0<strong>cepas simples<\/strong>\u00a0como complejas\u00a0<strong>mezclas de<\/strong>\u00a0fermentos l\u00e1cticos\u00a0<strong>probi\u00f3ticos para la protecci\u00f3n del sistema inmunitario<\/strong>\u00a0estudiadas cl\u00ednicamente y capaces de satisfacer mejor todas las necesidades del mercado<\/p>\n<\/div>\n                <\/div>\n                                <div class=\"list-items\">\n                            <div class=\"list-item\">\n                        <div class=\"list-item-title\">\n                            SYNBIO\u00ae                        <\/div>\n            <div class=\"list-item-description\"><p>El mantenimiento de una microbiota gastrointestinal sana es importante, ya que el 70\u00a0% de las c\u00e9lulas que componen nuestro sistema inmunitario se encuentran en el intestino.\u00a0El probi\u00f3tico SYNBIO\u00ae mejora el bienestar gastrointestinal y ayuda a combatir los s\u00edntomas del resfriado y otros trastornos relacionados con el tracto respiratorio superior (incluida la alergia al polvo).<\/p>\n<\/div>                            <div class=\"list\">\n                                                <div class=\"item\">\n                                    <a href=\"https:\/\/saccosystem.com\/wp-content\/uploads\/2024\/11\/Synbio-Gut_eng.pdf\" target=\"_blank\">\n                                        <span class=\"title\">\n                                            <span class=\"icon\">\n                                            <svg width=\"32\" height=\"32\" viewBox=\"0 0 32 32\" fill=\"none\" xmlns=\"http:\/\/www.w3.org\/2000\/svg\"><mask id=\"mask0_1261_3218\" style=\"mask-type:alpha\" maskUnits=\"userSpaceOnUse\" x=\"0\" y=\"0\" width=\"32\" height=\"32\"><rect width=\"32\" height=\"32\" fill=\"#D9D9D9\"><\/rect><\/mask><g mask=\"url(#mask0_1261_3218)\"><path d=\"M10.923 14.9232H18.923V8.2565H10.923V14.9232ZM26 26.2565C26 26.9301 25.7667 27.5002 25.3 27.9668C24.8333 28.4335 24.2632 28.6668 23.5897 28.6668H8.41033C7.73678 28.6668 7.16667 28.4335 6.7 27.9668C6.23333 27.5002 6 26.9301 6 26.2565V5.74383C6 5.07027 6.23333 4.50016 6.7 4.0335C7.16667 3.56683 7.73678 3.3335 8.41033 3.3335H23.5897C24.2632 3.3335 24.8333 3.56683 25.3 4.0335C25.7667 4.50016 26 5.07027 26 5.74383V26.2565ZM24 26.2565V5.74383C24 5.64116 23.9572 5.54716 23.8717 5.46183C23.7863 5.37627 23.6923 5.3335 23.5897 5.3335H8.41033C8.30767 5.3335 8.21367 5.37627 8.12833 5.46183C8.04278 5.54716 8 5.64116 8 5.74383V26.2565C8 26.3592 8.04278 26.4532 8.12833 26.5385C8.21367 26.6241 8.30767 26.6668 8.41033 26.6668H23.5897C23.6923 26.6668 23.7863 26.6241 23.8717 26.5385C23.9572 26.4532 24 26.3592 24 26.2565Z\" fill=\"#FAFAFC\"><\/path><\/g><\/svg>                                            <\/span>\n                                            <span class=\"text\">\n                                                                                                <span class=\"description\">\n                                                    SYNBIO\u00ae &#8211; Gut Health                                                <\/span>\n                                            <\/span>\n                                        <\/span>\n                                        <span class=\"action\">\n                                                                                        <span class=\"icon\">\n                                                <svg width=\"24\" height=\"24\" viewBox=\"0 0 24 24\" fill=\"none\" xmlns=\"http:\/\/www.w3.org\/2000\/svg\">\n                                                    <mask id=\"mask0_1261_3199\" style=\"mask-type:alpha\" maskUnits=\"userSpaceOnUse\" x=\"0\" y=\"0\" width=\"24\" height=\"24\">\n                                                        <rect width=\"24\" height=\"24\" fill=\"#D9D9D9\"><\/rect>\n                                                    <\/mask>\n                                                    <g mask=\"url(#mask0_1261_3199)\">\n                                                        <path d=\"M12 15.7885L7.73075 11.5192L8.78475 10.4348L11.25 12.9V4.5H12.75V12.9L15.2153 10.4348L16.2693 11.5192L12 15.7885ZM6.30775 19.5C5.80258 19.5 5.375 19.325 5.025 18.975C4.675 18.625 4.5 18.1974 4.5 17.6923V14.9808H6V17.6923C6 17.7692 6.03208 17.8398 6.09625 17.9038C6.16025 17.9679 6.23075 18 6.30775 18H17.6923C17.7692 18 17.8398 17.9679 17.9038 17.9038C17.9679 17.8398 18 17.7692 18 17.6923V14.9808H19.5V17.6923C19.5 18.1974 19.325 18.625 18.975 18.975C18.625 19.325 18.1974 19.5 17.6923 19.5H6.30775Z\" fill=\"#FAFAFC\"><\/path>\n                                                    <\/g>\n                                                <\/svg>\n                                            <\/span>\n                                            Download                                                                                    <\/span>\n                                    <\/a>\n                                <\/div>\n                                            <\/div>\n                                    <\/div>\n                                <div class=\"list-item\">\n                        <div class=\"list-item-title\">\n                            Lactobacillus Rhamnosus\u00a0CRL 1505                        <\/div>\n            <div class=\"list-item-description\"><p>Ha demostrado la capacidad de estimular la respuesta inmune en el intestino y el tracto respiratorio superior promoviendo un efecto protector natural. El probi\u00f3tico CRL1505 refuerza el sistema inmunitario reduciendo la incidencia de diversas infecciones intestinales y respiratorias en los ni\u00f1os. Este probi\u00f3tico tambi\u00e9n reduce la necesidad de tratamiento con antibi\u00f3ticos<strong>.<\/strong><\/p>\n<\/div>                            <div class=\"list\">\n                                                <div class=\"item\">\n                                    <a href=\"https:\/\/saccosystem.com\/wp-content\/uploads\/2024\/12\/CRL1505_def_eng.pdf\" target=\"_blank\">\n                                        <span class=\"title\">\n                                            <span class=\"icon\">\n                                            <svg width=\"32\" height=\"32\" viewBox=\"0 0 32 32\" fill=\"none\" xmlns=\"http:\/\/www.w3.org\/2000\/svg\"><mask id=\"mask0_1261_3218\" style=\"mask-type:alpha\" maskUnits=\"userSpaceOnUse\" x=\"0\" y=\"0\" width=\"32\" height=\"32\"><rect width=\"32\" height=\"32\" fill=\"#D9D9D9\"><\/rect><\/mask><g mask=\"url(#mask0_1261_3218)\"><path d=\"M10.923 14.9232H18.923V8.2565H10.923V14.9232ZM26 26.2565C26 26.9301 25.7667 27.5002 25.3 27.9668C24.8333 28.4335 24.2632 28.6668 23.5897 28.6668H8.41033C7.73678 28.6668 7.16667 28.4335 6.7 27.9668C6.23333 27.5002 6 26.9301 6 26.2565V5.74383C6 5.07027 6.23333 4.50016 6.7 4.0335C7.16667 3.56683 7.73678 3.3335 8.41033 3.3335H23.5897C24.2632 3.3335 24.8333 3.56683 25.3 4.0335C25.7667 4.50016 26 5.07027 26 5.74383V26.2565ZM24 26.2565V5.74383C24 5.64116 23.9572 5.54716 23.8717 5.46183C23.7863 5.37627 23.6923 5.3335 23.5897 5.3335H8.41033C8.30767 5.3335 8.21367 5.37627 8.12833 5.46183C8.04278 5.54716 8 5.64116 8 5.74383V26.2565C8 26.3592 8.04278 26.4532 8.12833 26.5385C8.21367 26.6241 8.30767 26.6668 8.41033 26.6668H23.5897C23.6923 26.6668 23.7863 26.6241 23.8717 26.5385C23.9572 26.4532 24 26.3592 24 26.2565Z\" fill=\"#FAFAFC\"><\/path><\/g><\/svg>                                            <\/span>\n                                            <span class=\"text\">\n                                                                                                <span class=\"description\">\n                                                    CRL 1505                                                <\/span>\n                                            <\/span>\n                                        <\/span>\n                                        <span class=\"action\">\n                                                                                        <span class=\"icon\">\n                                                <svg width=\"24\" height=\"24\" viewBox=\"0 0 24 24\" fill=\"none\" xmlns=\"http:\/\/www.w3.org\/2000\/svg\">\n                                                    <mask id=\"mask0_1261_3199\" style=\"mask-type:alpha\" maskUnits=\"userSpaceOnUse\" x=\"0\" y=\"0\" width=\"24\" height=\"24\">\n                                                        <rect width=\"24\" height=\"24\" fill=\"#D9D9D9\"><\/rect>\n                                                    <\/mask>\n                                                    <g mask=\"url(#mask0_1261_3199)\">\n                                                        <path d=\"M12 15.7885L7.73075 11.5192L8.78475 10.4348L11.25 12.9V4.5H12.75V12.9L15.2153 10.4348L16.2693 11.5192L12 15.7885ZM6.30775 19.5C5.80258 19.5 5.375 19.325 5.025 18.975C4.675 18.625 4.5 18.1974 4.5 17.6923V14.9808H6V17.6923C6 17.7692 6.03208 17.8398 6.09625 17.9038C6.16025 17.9679 6.23075 18 6.30775 18H17.6923C17.7692 18 17.8398 17.9679 17.9038 17.9038C17.9679 17.8398 18 17.7692 18 17.6923V14.9808H19.5V17.6923C19.5 18.1974 19.325 18.625 18.975 18.975C18.625 19.325 18.1974 19.5 17.6923 19.5H6.30775Z\" fill=\"#FAFAFC\"><\/path>\n                                                    <\/g>\n                                                <\/svg>\n                                            <\/span>\n                                            Download                                                                                    <\/span>\n                                    <\/a>\n                                <\/div>\n                                            <\/div>\n                                    <\/div>\n                                <div class=\"list-item\">\n                        <div class=\"list-item-title\">\n                            L. rhamnosus CRL 1505\u00ae HI                        <\/div>\n            <div class=\"list-item-description\"><p>Debido al mantenimiento de niveles m\u00e1s altos de c\u00e9lulas dendr\u00edticas circulantes implicadas en las respuestas antivirales, este postbi\u00f3tico muestra un papel beneficioso en la promoci\u00f3n de la defensa inmunitaria, con una reducci\u00f3n de los d\u00edas sintom\u00e1ticos de afecciones f\u00edsicas.<\/p>\n<\/div>                    <\/div>\n                            <\/div>\n                    <\/div>\n        <\/div>\n    <\/div>\n<\/div>\n\n<div class=\"applications applications-active-ingredients block\">\n    <div class=\"container\">\n        <div class=\"row\">\n            <h2>\n                Aplicaciones para el bienestar humano            <\/h2>\n        <\/div>\n    <\/div>\n            <div class=\"animating-background\">\n            <div class=\"changing-backgrounds\">\n                <div>\n                                    <div class=\"background background-1\" style=\"background: linear-gradient(90deg, rgba(0,0,0,0.20), rgba(0,0,0,0.20)), url() no-repeat center center; background-size: cover;\"><\/div>\n                                    <div class=\"background background-2\" style=\"background: linear-gradient(90deg, rgba(0,0,0,0.20), rgba(0,0,0,0.20)), url() no-repeat center center; background-size: cover;\"><\/div>\n                                    <div class=\"background background-3\" style=\"background: linear-gradient(90deg, rgba(0,0,0,0.20), rgba(0,0,0,0.20)), url() no-repeat center center; background-size: cover;\"><\/div>\n                                    <div class=\"background background-4\" style=\"background: linear-gradient(90deg, rgba(0,0,0,0.20), rgba(0,0,0,0.20)), url() no-repeat center center; background-size: cover;\"><\/div>\n                                    <div class=\"background background-5\" style=\"background: linear-gradient(90deg, rgba(0,0,0,0.20), rgba(0,0,0,0.20)), url() no-repeat center center; background-size: cover;\"><\/div>\n                                    <div class=\"background background-6\" style=\"background: linear-gradient(90deg, rgba(0,0,0,0.20), rgba(0,0,0,0.20)), url() no-repeat center center; background-size: cover;\"><\/div>\n                                    <div class=\"background background-7\" style=\"background: linear-gradient(90deg, rgba(0,0,0,0.20), rgba(0,0,0,0.20)), url() no-repeat center center; background-size: cover;\"><\/div>\n                                <\/div>\n                <div class=\"container\">\n                    <div class=\"row\">\n                        <div class=\"col\">\n                            <ul>\n                                                            <li>\n                                    <a href=\"\">\n                                        Salud intestinal                                    <\/a>\n                                <\/li>\n                                                            <li>\n                                    <a href=\"https:\/\/saccosystem.com\/es\/active-ingredients\/probioticos-para-la-salud-de-la-piel\/\">\n                                        Salud de la piel                                    <\/a>\n                                <\/li>\n                                                            <li>\n                                    <a href=\"https:\/\/saccosystem.com\/es\/active-ingredients\/probioticos-para-la-salud-de-la-mujer\/\">\n                                        Salud de la mujer                                    <\/a>\n                                <\/li>\n                                                            <li>\n                                    <a href=\"https:\/\/saccosystem.com\/es\/active-ingredients\/probioticos-para-ninos-y-bebes\/\">\n                                        Ni\u00f1os y beb\u00e9s                                    <\/a>\n                                <\/li>\n                                                            <li>\n                                    <a href=\"https:\/\/saccosystem.com\/es\/active-ingredients\/probioticos-para-alergias\/\">\n                                        Allergias                                    <\/a>\n                                <\/li>\n                                                            <li>\n                                    <a href=\"https:\/\/saccosystem.com\/es\/active-ingredients\/probioticos-para-la-salud-de-la-cavidad-oral\/\">\n                                        Cavidad oral                                    <\/a>\n                                <\/li>\n                                                            <li>\n                                    <a href=\"https:\/\/saccosystem.com\/es\/active-ingredients\/probioticos-para-el-deporte\/\">\n                                        Deporte                                    <\/a>\n                                <\/li>\n                                                        <\/ul>\n                        <\/div>\n                    <\/div>\n                <\/div>\n            <\/div>\n            <\/div>\n<\/div>","protected":false},"excerpt":{"rendered":"","protected":false},"author":1,"featured_media":0,"parent":4751,"menu_order":1,"comment_status":"closed","ping_status":"closed","template":"","meta":{"_acf_changed":false,"footnotes":""},"class_list":["post-4842","page","type-page","status-publish","hentry"],"acf":[],"_links":{"self":[{"href":"https:\/\/saccosystem.com\/es\/wp-json\/wp\/v2\/pages\/4842","targetHints":{"allow":["GET"]}}],"collection":[{"href":"https:\/\/saccosystem.com\/es\/wp-json\/wp\/v2\/pages"}],"about":[{"href":"https:\/\/saccosystem.com\/es\/wp-json\/wp\/v2\/types\/page"}],"author":[{"embeddable":true,"href":"https:\/\/saccosystem.com\/es\/wp-json\/wp\/v2\/users\/1"}],"replies":[{"embeddable":true,"href":"https:\/\/saccosystem.com\/es\/wp-json\/wp\/v2\/comments?post=4842"}],"version-history":[{"count":0,"href":"https:\/\/saccosystem.com\/es\/wp-json\/wp\/v2\/pages\/4842\/revisions"}],"up":[{"embeddable":true,"href":"https:\/\/saccosystem.com\/es\/wp-json\/wp\/v2\/pages\/4751"}],"wp:attachment":[{"href":"https:\/\/saccosystem.com\/es\/wp-json\/wp\/v2\/media?parent=4842"}],"curies":[{"name":"wp","href":"https:\/\/api.w.org\/{rel}","templated":true}]}}