{"id":4826,"date":"2024-11-19T13:51:24","date_gmt":"2024-11-19T12:51:24","guid":{"rendered":"https:\/\/saccosystem.com\/?page_id=4826"},"modified":"2026-02-02T17:20:47","modified_gmt":"2026-02-02T16:20:47","slug":"quesos","status":"publish","type":"page","link":"https:\/\/saccosystem.com\/es\/food\/quesos\/","title":{"rendered":"Quesos"},"content":{"rendered":"\n<div class=\"title-style-2 gradient-food\">\n            <div class=\"breadcrumbs style-2\">\n                <div class=\"container\">\n                    <div class=\"row\">\n                <div class=\"col\">\n                    <div class=\"pages\">\n                <span class=\"page parent\"><a href=\"https:\/\/saccosystem.com\/es\/food\/\">Food<\/a><span class=\"separator\">&gt;<\/span><\/span><span class=\"page current\">Quesos<\/span>                    <\/div>\n                <\/div>\n            <\/div>\n                <\/div>\n            <\/div>\n    <div class=\"container\">\n        <div class=\"row\">\n            <div class=\"col\">\n                <h1>\n                    Quesos\n                <\/h1>\n            <\/div>\n        <\/div>\n    <\/div>\n<\/div>\n\n\n<div class=\"text-section\">\n    <div class=\"container\">\n            <div class=\"row\">\n            <div class=\"col-md-7 offset-md-1\">\n                <div class=\"intro-text\">\n                    <p>Sacco System produce ingredientes para la producci\u00f3n de quesos de pasta blanda, semiduros, duros y de pasta hilada: una amplia gama de fermentos l\u00e1cticos y probi\u00f3ticos con diferentes funcionalidades, cuajo y productos para la coagulaci\u00f3n de la leche, cultivos secundarios, mohos, levaduras, medios de cultivo, prote\u00ednas funcionales y mucho m\u00e1s.<\/p>\n                <\/div>\n            <\/div>\n        <\/div>\n            <div class=\"row\">\n            <div class=\"col-md-5 offset-md-1\">\n                <p>Los\u00a0<strong>fermentos<\/strong>\u00a0y las soluciones Sacco System tienen como objetivo garantizar\u00a0<strong>quesos de alta calidad<\/strong>\u00a0y favorecer una\u00a0<strong>producci\u00f3n fiable<\/strong>\u00a0y constante, un flujo sencillo y la perfecta conservaci\u00f3n del producto durante toda su vida \u00fatil.<\/p>\n            <\/div>\n            <div class=\"col-md-5\">\n                <div class=\" push-down-20\">\n<div class=\" push-down-20\">\n<p>Seleccione a continuaci\u00f3n la categor\u00eda de queso para descubrir todos los\u00a0<strong>ingredientes Sacco System disponibles!<\/strong><\/p>\n<\/div>\n<\/div>\n            <\/div>\n        <\/div>\n    <\/div>\n<\/div>\n\n<div class=\"applications applications-discover block\">\n    <div class=\"header\">        <div class=\"container\">\n            <div class=\"row\">\n                <div class=\"col-md-4\">\n                    <h3>                        Descubre los ingredientes para aplicaciones espec\u00edficas                    <\/h3>                <\/div>\n                <div class=\"col-md-8 text-end\">\n                <a href=\"https:\/\/saccosystem.com\/es\/food\/ingredientes\/\" class=\"button large\">Descubre todos los ingredientes<\/a>                <\/div>\n            <\/div>\n        <\/div>\n    <\/div>                    <div class=\"animating-background\">\n            <div class=\"changing-backgrounds\">\n                <div>\n                                                    <div class=\"background background-1\" style=\"background: linear-gradient(90deg, rgba(0,0,0,0.20), rgba(0,0,0,0.20)), url(https:\/\/saccosystem.com\/wp-content\/uploads\/2024\/11\/203-952315666-Semiduri.jpg) no-repeat center center; background-size: cover;\"><\/div>\n                                                                        <div class=\"background background-2\" style=\"background: linear-gradient(90deg, rgba(0,0,0,0.20), rgba(0,0,0,0.20)), url(https:\/\/saccosystem.com\/wp-content\/uploads\/2024\/11\/205-1272704553-SoftCheese.jpg) no-repeat center center; background-size: cover;\"><\/div>\n                                                                        <div class=\"background background-3\" style=\"background: linear-gradient(90deg, rgba(0,0,0,0.20), rgba(0,0,0,0.20)), url(https:\/\/saccosystem.com\/wp-content\/uploads\/2024\/11\/204-76706210-Pastafilata.jpg) no-repeat center center; background-size: cover;\"><\/div>\n                                                                        <div class=\"background background-4\" style=\"background: linear-gradient(90deg, rgba(0,0,0,0.20), rgba(0,0,0,0.20)), url(https:\/\/saccosystem.com\/wp-content\/uploads\/2024\/11\/206-226719188-DOP.jpg) no-repeat center center; background-size: cover;\"><\/div>\n                                                                        <div class=\"background background-5\" style=\"background: linear-gradient(90deg, rgba(0,0,0,0.20), rgba(0,0,0,0.20)), url(https:\/\/saccosystem.com\/wp-content\/uploads\/2024\/11\/249-914004757-PastaDura.jpg) no-repeat center center; background-size: cover;\"><\/div>\n                                                                        <div class=\"background background-6\" style=\"background: linear-gradient(90deg, rgba(0,0,0,0.20), rgba(0,0,0,0.20)), url(https:\/\/saccosystem.com\/wp-content\/uploads\/2024\/11\/250-1145295951-Erborinati.jpg) no-repeat center center; background-size: cover;\"><\/div>\n                                                                        <div class=\"background background-7\" style=\"background: linear-gradient(90deg, rgba(0,0,0,0.20), rgba(0,0,0,0.20)), url(https:\/\/saccosystem.com\/wp-content\/uploads\/2024\/11\/202-1194154074-Molli.jpg) no-repeat center center; background-size: cover;\"><\/div>\n                                                    <\/div>\n                        <div class=\"container\">\n                    <div class=\"row\">\n                        <div class=\"col\">\n                            <ul>                                                                                        <li data-bkg=\"https:\/\/saccosystem.com\/wp-content\/uploads\/2024\/11\/203-952315666-Semiduri.jpg\" data-item=background-1>\n                                    <a href=\"https:\/\/saccosystem.com\/es\/food\/ingredientes\/?application-filter=quesos-semiduros\">\n                                        Quesos Semiduros                                    <\/a>\n                                <\/li>\n                                                                                                                    <li data-bkg=\"https:\/\/saccosystem.com\/wp-content\/uploads\/2024\/11\/205-1272704553-SoftCheese.jpg\" data-item=background-2>\n                                    <a href=\"https:\/\/saccosystem.com\/es\/food\/ingredientes\/?application-filter=white-cheese-es\">\n                                        White cheese                                    <\/a>\n                                <\/li>\n                                                                                                                    <li data-bkg=\"https:\/\/saccosystem.com\/wp-content\/uploads\/2024\/11\/204-76706210-Pastafilata.jpg\" data-item=background-3>\n                                    <a href=\"https:\/\/saccosystem.com\/es\/food\/ingredientes\/?application-filter=pasta-filata-quesos\">\n                                        Quesos de Pasta Hilada                                    <\/a>\n                                <\/li>\n                                                                                                                    <li data-bkg=\"https:\/\/saccosystem.com\/wp-content\/uploads\/2024\/11\/206-226719188-DOP.jpg\" data-item=background-4>\n                                    <a href=\"https:\/\/saccosystem.com\/es\/food\/ingredientes\/?application-filter=formaggi-dop-es\">\n                                        Quesos DOP                                    <\/a>\n                                <\/li>\n                                                                                                                    <li data-bkg=\"https:\/\/saccosystem.com\/wp-content\/uploads\/2024\/11\/249-914004757-PastaDura.jpg\" data-item=background-5>\n                                    <a href=\"https:\/\/saccosystem.com\/es\/food\/ingredientes\/?application-filter=quesos-duros\">\n                                        Quesos de Pasta Dura                                    <\/a>\n                                <\/li>\n                                                                                                                    <li data-bkg=\"https:\/\/saccosystem.com\/wp-content\/uploads\/2024\/11\/250-1145295951-Erborinati.jpg\" data-item=background-6>\n                                    <a href=\"https:\/\/saccosystem.com\/es\/food\/ingredientes\/?application-filter\">\n                                        Quesos Azules                                    <\/a>\n                                <\/li>\n                                                                                                                    <li data-bkg=\"https:\/\/saccosystem.com\/wp-content\/uploads\/2024\/11\/202-1194154074-Molli.jpg\" data-item=background-7>\n                                    <a href=\"https:\/\/saccosystem.com\/es\/food\/ingredientes\/?application-filter=quesos-blandos\">\n                                        Quesos de pasta blanda                                    <\/a>\n                                <\/li>\n                                                                                    <\/ul>                                                    <\/div>\n                    <\/div>\n                <\/div>\n                    <\/div>\n        <\/div>\n            <\/div>\n\n\n<p><\/p>\n","protected":false},"excerpt":{"rendered":"","protected":false},"author":1,"featured_media":0,"parent":4858,"menu_order":0,"comment_status":"closed","ping_status":"closed","template":"","meta":{"_acf_changed":false,"footnotes":""},"class_list":["post-4826","page","type-page","status-publish","hentry"],"acf":[],"_links":{"self":[{"href":"https:\/\/saccosystem.com\/es\/wp-json\/wp\/v2\/pages\/4826","targetHints":{"allow":["GET"]}}],"collection":[{"href":"https:\/\/saccosystem.com\/es\/wp-json\/wp\/v2\/pages"}],"about":[{"href":"https:\/\/saccosystem.com\/es\/wp-json\/wp\/v2\/types\/page"}],"author":[{"embeddable":true,"href":"https:\/\/saccosystem.com\/es\/wp-json\/wp\/v2\/users\/1"}],"replies":[{"embeddable":true,"href":"https:\/\/saccosystem.com\/es\/wp-json\/wp\/v2\/comments?post=4826"}],"version-history":[{"count":1,"href":"https:\/\/saccosystem.com\/es\/wp-json\/wp\/v2\/pages\/4826\/revisions"}],"predecessor-version":[{"id":24116,"href":"https:\/\/saccosystem.com\/es\/wp-json\/wp\/v2\/pages\/4826\/revisions\/24116"}],"up":[{"embeddable":true,"href":"https:\/\/saccosystem.com\/es\/wp-json\/wp\/v2\/pages\/4858"}],"wp:attachment":[{"href":"https:\/\/saccosystem.com\/es\/wp-json\/wp\/v2\/media?parent=4826"}],"curies":[{"name":"wp","href":"https:\/\/api.w.org\/{rel}","templated":true}]}}