{"id":4786,"date":"2024-11-19T13:52:22","date_gmt":"2024-11-19T12:52:22","guid":{"rendered":"https:\/\/saccosystem.com\/?page_id=4786"},"modified":"2026-02-02T17:19:15","modified_gmt":"2026-02-02T16:19:15","slug":"productos-fermentados-de-origen-vegetal","status":"publish","type":"page","link":"https:\/\/saccosystem.com\/es\/food\/productos-fermentados-de-origen-vegetal\/","title":{"rendered":"Productos fermentados de origen vegetal"},"content":{"rendered":"\n<div class=\"title-style-2 gradient-food\">\n            <div class=\"breadcrumbs style-2\">\n                <div class=\"container\">\n                    <div class=\"row\">\n                <div class=\"col\">\n                    <div class=\"pages\">\n                <span class=\"page parent\"><a href=\"https:\/\/saccosystem.com\/es\/food\/\">Food<\/a><span class=\"separator\">&gt;<\/span><\/span><span class=\"page current\">Productos fermentados de origen vegetal<\/span>                    <\/div>\n                <\/div>\n            <\/div>\n                <\/div>\n            <\/div>\n    <div class=\"container\">\n        <div class=\"row\">\n            <div class=\"col\">\n                <h1>\n                    Productos fermentados de origen vegetal\n                <\/h1>\n            <\/div>\n        <\/div>\n    <\/div>\n<\/div>\n\n\n<div class=\"text-section\">\n    <div class=\"container\">\n            <div class=\"row\">\n            <div class=\"col-md-7 offset-md-1\">\n                <div class=\"intro-text\">\n                    <p>La demanda de <strong>alimentos y bebidas sin lactosa y de origen vegetal<\/strong> est\u00e1 en constante crecimiento, al igual que la de alternativas a la leche o yogur tradicionales de origen animal.<\/p>\n                <\/div>\n            <\/div>\n        <\/div>\n            <div class=\"row\">\n            <div class=\"col-md-5 offset-md-1\">\n                <p>Sacco System ofrece una variedad de <strong>ingredientes para el desarrollo de productos fermentados de origen vegetal y bebidas<\/strong> elaboradas con soja, altramuz, garbanzos, guisantes, habas, coco, arroz, avena, almendras y anacardos. En particular, la <strong>gama de cultivos VChoice<\/strong> garantiza una producci\u00f3n controlada y uniforme de productos fermentados de origen vegetal de todo tipo (co\u00e1gulo entero, co\u00e1gulo roto moderadamente estructurado y productos bebibles) y est\u00e1 disponible en formato liofilizado.<\/p>\n            <\/div>\n            <div class=\"col-md-5\">\n                <p>Los ingredientes de Sacco System est\u00e1n dise\u00f1ados para garantizar <strong>productos de origen vegetal y libres de al\u00e9rgenos de alta calidad<\/strong>, asegurando una producci\u00f3n estable y constante, un flujo de trabajo sencillo y una excelente conservaci\u00f3n del producto, proporcionando un sabor y un aroma \u00fanicos.<\/p>\n            <\/div>\n        <\/div>\n    <\/div>\n<\/div>\n\n<div class=\"applications applications-discover block\">\n    <div class=\"header\">        <div class=\"container\">\n            <div class=\"row\">\n                <div class=\"col-md-4\">\n                    <h3>                        Descubre los ingredientes para aplicaciones espec\u00edficas                    <\/h3>                <\/div>\n                <div class=\"col-md-8 text-end\">\n                <a href=\"https:\/\/saccosystem.com\/es\/food\/ingredientes\/\" class=\"button large\">Descubre todos los ingredientes<\/a>                <\/div>\n            <\/div>\n        <\/div>\n    <\/div>                            <div class=\"container\">\n                    <div class=\"row\">\n                        <div class=\"col\">\n                            <div class=\"items\">                                                                                        <div class=\"item\">\n                                    <div class=\"name\">\n                                        <a href=\"https:\/\/saccosystem.com\/es\/food\/ingredientes\/?application-filter\">\n                                            Productos de origen vegetal                                        <\/a>\n                                    <\/div>\n                                    <div class=\"description\">\n                                                                            <\/div>\n                                <\/div>\n                                                                                    <\/div>                            <div>                        <\/div>\n                    <\/div>\n                <\/div>\n            <\/div>\n\n\n<p><\/p>\n","protected":false},"excerpt":{"rendered":"","protected":false},"author":1,"featured_media":0,"parent":4858,"menu_order":0,"comment_status":"closed","ping_status":"closed","template":"","meta":{"_acf_changed":false,"footnotes":""},"class_list":["post-4786","page","type-page","status-publish","hentry"],"acf":[],"_links":{"self":[{"href":"https:\/\/saccosystem.com\/es\/wp-json\/wp\/v2\/pages\/4786","targetHints":{"allow":["GET"]}}],"collection":[{"href":"https:\/\/saccosystem.com\/es\/wp-json\/wp\/v2\/pages"}],"about":[{"href":"https:\/\/saccosystem.com\/es\/wp-json\/wp\/v2\/types\/page"}],"author":[{"embeddable":true,"href":"https:\/\/saccosystem.com\/es\/wp-json\/wp\/v2\/users\/1"}],"replies":[{"embeddable":true,"href":"https:\/\/saccosystem.com\/es\/wp-json\/wp\/v2\/comments?post=4786"}],"version-history":[{"count":1,"href":"https:\/\/saccosystem.com\/es\/wp-json\/wp\/v2\/pages\/4786\/revisions"}],"predecessor-version":[{"id":24105,"href":"https:\/\/saccosystem.com\/es\/wp-json\/wp\/v2\/pages\/4786\/revisions\/24105"}],"up":[{"embeddable":true,"href":"https:\/\/saccosystem.com\/es\/wp-json\/wp\/v2\/pages\/4858"}],"wp:attachment":[{"href":"https:\/\/saccosystem.com\/es\/wp-json\/wp\/v2\/media?parent=4786"}],"curies":[{"name":"wp","href":"https:\/\/api.w.org\/{rel}","templated":true}]}}