{"id":4773,"date":"2024-11-19T13:52:53","date_gmt":"2024-11-19T12:52:53","guid":{"rendered":"https:\/\/saccosystem.com\/?page_id=4773"},"modified":"2026-02-02T17:18:22","modified_gmt":"2026-02-02T16:18:22","slug":"vegetales-fermentados","status":"publish","type":"page","link":"https:\/\/saccosystem.com\/es\/food\/vegetales-fermentados\/","title":{"rendered":"Vegetales fermentados"},"content":{"rendered":"\n<div class=\"title-style-2 gradient-food\">\n            <div class=\"breadcrumbs style-2\">\n                <div class=\"container\">\n                    <div class=\"row\">\n                <div class=\"col\">\n                    <div class=\"pages\">\n                <span class=\"page parent\"><a href=\"https:\/\/saccosystem.com\/es\/food\/\">Food<\/a><span class=\"separator\">&gt;<\/span><\/span><span class=\"page current\">Vegetales fermentados<\/span>                    <\/div>\n                <\/div>\n            <\/div>\n                <\/div>\n            <\/div>\n    <div class=\"container\">\n        <div class=\"row\">\n            <div class=\"col\">\n                <h1>\n                    Vegetales fermentados\n                <\/h1>\n            <\/div>\n        <\/div>\n    <\/div>\n<\/div>\n\n\n<div class=\"text-section\">\n    <div class=\"container\">\n            <div class=\"row\">\n            <div class=\"col-md-7 offset-md-1\">\n                <div class=\"intro-text\">\n                    <div class=\" push-down-20\">\n<div class=\" push-down-20\">\n<p><strong>Sacco System<\/strong>\u00a0dispone de diferentes\u00a0<strong>cultivos para la fermentaci\u00f3n de verduras<\/strong>, en particular para<strong>\u00a0kimchi, aceitunas, chucrut y pepinillos.\u00a0<\/strong>Algunos de estos fermentos, adem\u00e1s de tener una acci\u00f3n acidificante, contribuyen a una\u00a0<strong>mayor seguridad alimentaria<\/strong>\u00a0al inhibir el crecimiento de bacterias pat\u00f3genas como la\u00a0<em>Listeria monocytogenes<\/em>.<\/p>\n<\/div>\n<\/div>\n                <\/div>\n            <\/div>\n        <\/div>\n            <div class=\"row\">\n            <div class=\"col-md-5 offset-md-1\">\n                <p>La\u00a0<strong>fermentaci\u00f3n\u00a0<\/strong>es un proceso antiguo utilizado para garantizar la conservaci\u00f3n de los alimentos perecederos, incluidas las\u00a0<strong>verduras<\/strong>; dicho m\u00e9todo de conservaci\u00f3n tambi\u00e9n se utiliza a nivel industrial para la producci\u00f3n de zanahorias y pepinillos encurtidos, aceitunas y chucrut.<\/p>\n            <\/div>\n            <div class=\"col-md-5\">\n                <div class=\" push-down-20\">\n<p>El proceso tecnol\u00f3gico de la<strong>\u00a0fermentaci\u00f3n de productos vegetales\u00a0<\/strong>implica la salaz\u00f3n en seco o en salmuera. Con el objetivo de controlar la flora no deseada y el proceso de producci\u00f3n pueden utilizarse\u00a0<strong>cultivos de fermentos iniciadores\u00a0<\/strong>que aceleren la fermentaci\u00f3n (ya que desde el principio estar\u00e1 presente un gran n\u00famero de bacterias no da\u00f1inas) e inhiban el desarrollo de flora no deseada en el interior del producto.<\/p>\n<\/div>\n            <\/div>\n        <\/div>\n    <\/div>\n<\/div>\n\n<div class=\"applications applications-discover block\">\n    <div class=\"header\">        <div class=\"container\">\n            <div class=\"row\">\n                <div class=\"col-md-4\">\n                    <h3>                        Descubre los ingredientes para aplicaciones espec\u00edficas                    <\/h3>                <\/div>\n                <div class=\"col-md-8 text-end\">\n                <a href=\"https:\/\/saccosystem.com\/es\/food\/ingredientes\" class=\"button large\">Descubre todos los ingredientes <\/a>                <\/div>\n            <\/div>\n        <\/div>\n    <\/div>                            <div class=\"container\">\n                    <div class=\"row\">\n                        <div class=\"col\">\n                            <div class=\"items\">                                                                                        <div class=\"item\">\n                                    <div class=\"name\">\n                                        <a href=\"https:\/\/saccosystem.com\/es\/food\/ingredientes?application-filter=fermentati-di-origine-vegetale-es\">\n                                            Vegetales fermentados                                        <\/a>\n                                    <\/div>\n                                    <div class=\"description\">\n                                        <p>Ingredientes y soluciones para las verduras fermentadas<\/p>\n                                    <\/div>\n                                <\/div>\n                                                                                    <\/div>                            <div>                        <\/div>\n                    <\/div>\n                <\/div>\n            <\/div>\n\n\n<p><\/p>\n","protected":false},"excerpt":{"rendered":"","protected":false},"author":1,"featured_media":0,"parent":4858,"menu_order":0,"comment_status":"closed","ping_status":"closed","template":"","meta":{"_acf_changed":false,"footnotes":""},"class_list":["post-4773","page","type-page","status-publish","hentry"],"acf":[],"_links":{"self":[{"href":"https:\/\/saccosystem.com\/es\/wp-json\/wp\/v2\/pages\/4773","targetHints":{"allow":["GET"]}}],"collection":[{"href":"https:\/\/saccosystem.com\/es\/wp-json\/wp\/v2\/pages"}],"about":[{"href":"https:\/\/saccosystem.com\/es\/wp-json\/wp\/v2\/types\/page"}],"author":[{"embeddable":true,"href":"https:\/\/saccosystem.com\/es\/wp-json\/wp\/v2\/users\/1"}],"replies":[{"embeddable":true,"href":"https:\/\/saccosystem.com\/es\/wp-json\/wp\/v2\/comments?post=4773"}],"version-history":[{"count":1,"href":"https:\/\/saccosystem.com\/es\/wp-json\/wp\/v2\/pages\/4773\/revisions"}],"predecessor-version":[{"id":24099,"href":"https:\/\/saccosystem.com\/es\/wp-json\/wp\/v2\/pages\/4773\/revisions\/24099"}],"up":[{"embeddable":true,"href":"https:\/\/saccosystem.com\/es\/wp-json\/wp\/v2\/pages\/4858"}],"wp:attachment":[{"href":"https:\/\/saccosystem.com\/es\/wp-json\/wp\/v2\/media?parent=4773"}],"curies":[{"name":"wp","href":"https:\/\/api.w.org\/{rel}","templated":true}]}}