{"id":4732,"date":"2024-11-10T22:58:38","date_gmt":"2024-11-10T21:58:38","guid":{"rendered":"https:\/\/saccosystem.com\/?page_id=4732"},"modified":"2024-12-13T15:31:32","modified_gmt":"2024-12-13T14:31:32","slug":"microbiome","status":"publish","type":"page","link":"https:\/\/saccosystem.com\/es\/microbiome\/","title":{"rendered":"Microbiome"},"content":{"rendered":"<div class=\"title-style-1 has-video\">\n    <div class=\"background-video\">\n        <video width=\"1916\" height=\"1012\" preload=\"auto\" autoplay muted webkit-playsinline playsinline loop onloadedmetadata=\"this.muted = true\" fetchpriority=\"high\">\n            <source src=\"https:\/\/saccosystem.com\/wp-content\/uploads\/2024\/11\/Sacco-Microbiome-cover.mp4\" type=\"video\/mp4\">\n        <\/video>\n    <\/div>\n    <div class=\"container\">\n        <div class=\"row\">\n            <div class=\"col\">\n                <h1>\n                    Microbiome                <\/h1>\n            <\/div>\n        <\/div>\n    <\/div>\n<\/div>\n\n<div class=\"text-section\">\n    <div class=\"container\">\n            <div class=\"row\">\n            <div class=\"col-md-7 offset-md-1\">\n                <div class=\"intro-text\">\n                    <p>La historia de Sacco System en el campo de las bacterias l\u00e1cticas (BAL) hunde sus ra\u00edces en 1948, cuando el Dr. Leo Vesely fund\u00f3 el Centro Experimental de la Leche, una empresa pionera dedicada al estudio de las bacterias para la salud humana y la nutrici\u00f3n infantil.<\/p>\n                <\/div>\n            <\/div>\n        <\/div>\n            <div class=\"row\">\n            <div class=\"col-md-5 offset-md-1\">\n                <p>Hoy somos el centro biotecnol\u00f3gico internacional para los sectores alimentario, nutrac\u00e9utico y farmac\u00e9utico. Sacco System, que opera en m\u00e1s de 110 pa\u00edses de todo el mundo, aporta su experiencia en el desarrollo de productos probi\u00f3ticos y ofrece cepas patentadas con base cient\u00edfica y mezclas personalizadas que responden a las necesidades de los consumidores.<\/p>\n            <\/div>\n            <div class=\"col-md-5\">\n                <p>Nuestro enfoque innovador abarca la producci\u00f3n, la investigaci\u00f3n y el desarrollo en los sectores nutrac\u00e9utico y farmac\u00e9utico, con cuatro plantas piloto, tecnolog\u00edas de vanguardia y dos instalaciones con certificaci\u00f3n GMP. Esta experiencia se extiende m\u00e1s all\u00e1 del LAB, siguiendo las cambiantes demandas del mercado. Esto incluye el desarrollo, la validaci\u00f3n de procesos y la producci\u00f3n comercial de probi\u00f3ticos, postbi\u00f3ticos, bacterias de nueva generaci\u00f3n (cepas aerobias y anaerobias obligadas) y bioterap\u00e9uticos (BP).<\/p>\n            <\/div>\n        <\/div>\n    <\/div>\n<\/div>\n\n<div class=\"block learn-more with-background\" style=\"background: linear-gradient(rgba(0,0,0,0.2), rgba(0,0,0,0.2)), url(https:\/\/saccosystem.com\/wp-content\/uploads\/2024\/11\/SACCO-background.jpg) no-repeat center center; background-size: cover, cover;\">\n                <div class=\"container\">\n                <div class=\"row\">\n                <div class=\"col\">\n                                <h2>\n                    M\u00e1s informaci\u00f3n                <\/h2>\n                                                                                    <div class=\"list\">\n                                                    <div class=\"item\">\n                                        <a href=\"https:\/\/saccosystem.com\/wp-content\/uploads\/2024\/12\/catalogo_ACTIVEINGREDIENTS_DEF_2026.pdf\" target=\"_blank\">\n                                            <span class=\"title\">\n                                                <span class=\"icon\">\n                                                <svg width=\"32\" height=\"32\" viewBox=\"0 0 32 32\" fill=\"none\" xmlns=\"http:\/\/www.w3.org\/2000\/svg\"><mask id=\"mask0_1261_3218\" style=\"mask-type:alpha\" maskUnits=\"userSpaceOnUse\" x=\"0\" y=\"0\" width=\"32\" height=\"32\"><rect width=\"32\" height=\"32\" fill=\"#D9D9D9\"><\/rect><\/mask><g mask=\"url(#mask0_1261_3218)\"><path d=\"M10.923 14.9232H18.923V8.2565H10.923V14.9232ZM26 26.2565C26 26.9301 25.7667 27.5002 25.3 27.9668C24.8333 28.4335 24.2632 28.6668 23.5897 28.6668H8.41033C7.73678 28.6668 7.16667 28.4335 6.7 27.9668C6.23333 27.5002 6 26.9301 6 26.2565V5.74383C6 5.07027 6.23333 4.50016 6.7 4.0335C7.16667 3.56683 7.73678 3.3335 8.41033 3.3335H23.5897C24.2632 3.3335 24.8333 3.56683 25.3 4.0335C25.7667 4.50016 26 5.07027 26 5.74383V26.2565ZM24 26.2565V5.74383C24 5.64116 23.9572 5.54716 23.8717 5.46183C23.7863 5.37627 23.6923 5.3335 23.5897 5.3335H8.41033C8.30767 5.3335 8.21367 5.37627 8.12833 5.46183C8.04278 5.54716 8 5.64116 8 5.74383V26.2565C8 26.3592 8.04278 26.4532 8.12833 26.5385C8.21367 26.6241 8.30767 26.6668 8.41033 26.6668H23.5897C23.6923 26.6668 23.7863 26.6241 23.8717 26.5385C23.9572 26.4532 24 26.3592 24 26.2565Z\" fill=\"#FAFAFC\"><\/path><\/g><\/svg>                                                <\/span>\n                                                <span class=\"text\">\n                                                                                                        <span class=\"description\">\n                                                        Active Ingredients and Services                                                    <\/span>\n                                                <\/span>\n                                            <\/span>\n                                            <span class=\"action\">\n                                                                                                <span class=\"icon\">\n                                                    <svg width=\"24\" height=\"24\" viewBox=\"0 0 24 24\" fill=\"none\" xmlns=\"http:\/\/www.w3.org\/2000\/svg\">\n                                                        <mask id=\"mask0_1261_3199\" style=\"mask-type:alpha\" maskUnits=\"userSpaceOnUse\" x=\"0\" y=\"0\" width=\"24\" height=\"24\">\n                                                            <rect width=\"24\" height=\"24\" fill=\"#D9D9D9\"><\/rect>\n                                                        <\/mask>\n                                                        <g mask=\"url(#mask0_1261_3199)\">\n                                                            <path d=\"M12 15.7885L7.73075 11.5192L8.78475 10.4348L11.25 12.9V4.5H12.75V12.9L15.2153 10.4348L16.2693 11.5192L12 15.7885ZM6.30775 19.5C5.80258 19.5 5.375 19.325 5.025 18.975C4.675 18.625 4.5 18.1974 4.5 17.6923V14.9808H6V17.6923C6 17.7692 6.03208 17.8398 6.09625 17.9038C6.16025 17.9679 6.23075 18 6.30775 18H17.6923C17.7692 18 17.8398 17.9679 17.9038 17.9038C17.9679 17.8398 18 17.7692 18 17.6923V14.9808H19.5V17.6923C19.5 18.1974 19.325 18.625 18.975 18.975C18.625 19.325 18.1974 19.5 17.6923 19.5H6.30775Z\" fill=\"#FAFAFC\"><\/path>\n                                                        <\/g>\n                                                    <\/svg>\n                                                <\/span>\n                                                Download\n                                                                                            <\/span>\n                                        <\/a>\n                                    <\/div>\n                                            <\/div>\n                                                <\/div>\n                    <\/div>\n            <\/div>\n    <\/div>\n\n<div class=\"cards-cta\">\n    <div class=\"container\">\n        <div class=\"row\">\n            <div class=\"col\">\n                <h2>\n                    nuestras ofertas                <\/h2>\n            <\/div>\n        <\/div>\n    <\/div>\n    <div class=\"card\" data-permalink=\"https:\/\/saccosystem.com\/es\/active-ingredients\/\">\n        <div class=\"text\">\n            <h3>\n                <a href=\"https:\/\/saccosystem.com\/es\/active-ingredients\/\" target=\"_self\">\n                    Active Ingredients                <\/a>\n            <\/h3>\n            <div class=\"description\">\n                <p>nuestros registros<\/p>\n                <p><\/p>                \n                <div class=\"cta\">\n                    <a href=\"https:\/\/saccosystem.com\/es\/active-ingredients\/\" target=\"_self\">\n                        Explore                    <\/a>\n                <\/div>\n            <\/div>\n        <\/div>\n        <div class=\"image\" style=\"background: rgba(0,0,0,1) url(https:\/\/saccosystem.com\/wp-content\/uploads\/2024\/11\/joanie-simon-2r8BzVYZIeo-unsplash-scaled.jpg) no-repeat center center; background-size: cover;\">\n            &nbsp;\n        <\/div>\n    <\/div>\n    <div class=\"card\" data-permalink=\"https:\/\/saccosystem.com\/es\/active-services\/\">\n        <div class=\"text\">\n            <h3>\n                <a href=\"https:\/\/saccosystem.com\/es\/active-services\/\" target=\"_self\">\n                    Active Services                <\/a>\n            <\/h3>\n            <div class=\"description\">\n                <p>Nuestros servicios<\/p>\n                <p><\/p>                \n                <div class=\"cta\">\n                    <a href=\"https:\/\/saccosystem.com\/es\/active-services\/\" target=\"_self\">\n                        Explore                    <\/a>\n                <\/div>\n            <\/div>\n        <\/div>\n        <div class=\"image\" style=\"background: rgba(0,0,0,1) url(https:\/\/saccosystem.com\/wp-content\/uploads\/2024\/11\/louis-reed-pwcKF7L4-no-unsplash.jpg) no-repeat center center; background-size: cover;\">\n            &nbsp;\n        <\/div>\n    <\/div>\n<\/div>","protected":false},"excerpt":{"rendered":"","protected":false},"author":1,"featured_media":0,"parent":0,"menu_order":2,"comment_status":"closed","ping_status":"closed","template":"","meta":{"_acf_changed":false,"footnotes":""},"class_list":["post-4732","page","type-page","status-publish","hentry"],"acf":[],"_links":{"self":[{"href":"https:\/\/saccosystem.com\/es\/wp-json\/wp\/v2\/pages\/4732","targetHints":{"allow":["GET"]}}],"collection":[{"href":"https:\/\/saccosystem.com\/es\/wp-json\/wp\/v2\/pages"}],"about":[{"href":"https:\/\/saccosystem.com\/es\/wp-json\/wp\/v2\/types\/page"}],"author":[{"embeddable":true,"href":"https:\/\/saccosystem.com\/es\/wp-json\/wp\/v2\/users\/1"}],"replies":[{"embeddable":true,"href":"https:\/\/saccosystem.com\/es\/wp-json\/wp\/v2\/comments?post=4732"}],"version-history":[{"count":0,"href":"https:\/\/saccosystem.com\/es\/wp-json\/wp\/v2\/pages\/4732\/revisions"}],"wp:attachment":[{"href":"https:\/\/saccosystem.com\/es\/wp-json\/wp\/v2\/media?parent=4732"}],"curies":[{"name":"wp","href":"https:\/\/api.w.org\/{rel}","templated":true}]}}