{"id":4569,"date":"2024-11-10T23:09:43","date_gmt":"2024-11-10T22:09:43","guid":{"rendered":"https:\/\/saccosystem.com\/?page_id=4569"},"modified":"2026-03-17T17:05:12","modified_gmt":"2026-03-17T16:05:12","slug":"active-services","status":"publish","type":"page","link":"https:\/\/saccosystem.com\/es\/active-services\/","title":{"rendered":"Active Services"},"content":{"rendered":"\n<div class=\"title-style-2 gradient-microbiome no-margin-bottom\">\n            <div class=\"breadcrumbs style-2\">\n                <div class=\"container\">\n                    <div class=\"row\">\n                <div class=\"col\">\n                    <div class=\"pages\">\n                <span class=\"page parent\"><a href=\"https:\/\/saccosystem.com\/es\/microbiome\/\">Microbiome<\/a><span class=\"separator\">&gt;<\/span><\/span><span class=\"page current\">Active Services<\/span>                    <\/div>\n                <\/div>\n            <\/div>\n                <\/div>\n            <\/div>\n    <div class=\"container\">\n        <div class=\"row\">\n            <div class=\"col\">\n                <h1>\n                    Active Services                <\/h1>\n            <\/div>\n        <\/div>\n    <\/div>\n<\/div>\n\n\n<div class=\"table-section block no-margin-top no-margin-bottom\"\">\n    <div class=\"container\">\n                <div class=\"row\">\n            <div class=\"col-md-7 offset-md-1\">\n                <h3>\n                    Made for You                <\/h3>\n            <\/div>\n        <\/div>\n                        <div class=\"row\">\n            <div class=\"col-md-5 offset-md-1\">\n                <div class=\"description\">\n                    <p>Sacco System es el socio de referencia para todas tus necesidades: mientras nosotros nos ocupamos de la investigaci\u00f3n y la producci\u00f3n, t\u00fa podr\u00e1s concentrarte en tu negocio.<\/p>\n                <\/div>\n            <\/div>\n        <\/div>\n                            <div class=\"row\">\n                <div class=\"col-md-10 offset-md-1\">\n                    <div class=\"table-rows\">\n                                        <div class=\"item\">\n                        <div class=\"title\">\n                            Desarrollo del proceso y fermentaci\u00f3n                        <\/div>\n                        <div class=\"description\">\n                            <p>Sacco System ofrece una gama completa de servicios para el desarrollo y la producci\u00f3n a gran escala de probi\u00f3ticos, postbi\u00f3ticos y terapias microbianas para empresas productoras de suplementos, biotecnolog\u00eda y farmac\u00e9uticas.<\/p>\n<p>Nuestras competencias incluyen el desarrollo de procesos y expedientes para cepas aer\u00f3bicas y anaer\u00f3bicas:<\/p>\n<ul>\n<li>Selecci\u00f3n y optimizaci\u00f3n de medios de cultivo<\/li>\n<li>Desarrollo y validaci\u00f3n del m\u00e9todo anal\u00edtico<\/li>\n<li>Preparaci\u00f3n y validaci\u00f3n de bancos de c\u00e9lulas (RCB, MCB y WCB)<\/li>\n<li>Desarrollo de procesos y escalado a nivel industrial<\/li>\n<li>Liofilizaci\u00f3n<\/li>\n<li>Producci\u00f3n GMP desde la escala cl\u00ednica hasta la industrial Estudios de estabilidad<\/li>\n<\/ul>\n                        <\/div>\n                    <\/div>\n                                        <div class=\"item\">\n                        <div class=\"title\">\n                            Formulaci\u00f3n del producto                        <\/div>\n                        <div class=\"description\">\n                            <p>Nuestro equipo de desarrollo comercial es capaz de finalizar el proyecto, desde la definici\u00f3n del razonamiento cient\u00edfico hasta la elecci\u00f3n de la forma farmac\u00e9utica m\u00e1s adecuada, para acelerar la comercializaci\u00f3n de los productos de nuestros socios.<\/p>\n                        <\/div>\n                    <\/div>\n                                        <div class=\"item\">\n                        <div class=\"title\">\n                            Pruebas in vitro e in vivo                        <\/div>\n                        <div class=\"description\">\n                            <p>El mercado exige cada vez m\u00e1s soluciones basadas en pruebas cient\u00edficas.\u00a0 Sacco System tiene un equipo dedicado para ayudarle a maximizar el valor de sus productos.\u00a0 Podemos ayudarle en la definici\u00f3n del proyecto experimental y en la caracterizaci\u00f3n de su producto in vitro o mediante estudios cl\u00ednicos.<\/p>\n                        <\/div>\n                    <\/div>\n                                        <div class=\"item\">\n                        <div class=\"title\">\n                            Expansi\u00f3n del mercado                        <\/div>\n                        <div class=\"description\">\n                            <p>Podemos ayudar a nuestros socios a entrar en nuevos mercados ofreciendo una amplia gama de servicios, como an\u00e1lisis de mercado, b\u00fasqueda de distribuidores, gesti\u00f3n de distribuidores, asistencia para el registro, definici\u00f3n de estrategias de marca y marketing, Contactos con terceros proveedores de servicios, como laboratorios, fabricantes bajo contrato y autoridades p\u00fablicas.<\/p>\n                        <\/div>\n                    <\/div>\n                                        <div class=\"item\">\n                        <div class=\"title\">\n                            Apoyo regulatorio                        <\/div>\n                        <div class=\"description\">\n                            <p>Sea cual sea su necesidad, desde la entrada en nuevos mercados hasta la preparaci\u00f3n del expediente para un nuevo bioterap\u00e9utico, en Sacco System encontrar\u00e1 un equipo de expertos a su servicio.<\/p>\n                        <\/div>\n                    <\/div>\n                                        <div class=\"item\">\n                        <div class=\"title\">\n                            Biolog\u00eda molecular y an\u00e1lisis de laboratorio                        <\/div>\n                        <div class=\"description\">\n                            <p>Con una experiencia de diez a\u00f1os en microbiolog\u00eda y gracias a un amplio y articulado departamento interno de investigaci\u00f3n y desarrollo, podemos realizar diferentes ensayos en laboratorio h\u00famedo e in silico para caracterizar mejor sus productos y satisfacer sus necesidades.<\/p>\n                        <\/div>\n                    <\/div>\n                                        <\/div>\n                <\/div>\n            <\/div>\n            <\/div>\n<\/div>\n\n<div class=\"table-section block gradient-milk\"\">\n    <div class=\"container\">\n                <div class=\"row\">\n            <div class=\"col-md-7 offset-md-1\">\n                <h3>\n                    Finished for You                <\/h3>\n            <\/div>\n        <\/div>\n                        <div class=\"row\">\n            <div class=\"col-md-5 offset-md-1\">\n                <div class=\"description\">\n                    <p>Soluciones a medida de nuestros principios activos en forma de producto acabado, para la expansi\u00f3n de su mercado y la protecci\u00f3n de la propiedad intelectual de su marca.<\/p>\n                <\/div>\n            <\/div>\n        <\/div>\n                            <div class=\"row\">\n                <div class=\"col-md-10 offset-md-1\">\n                    <div class=\"table-rows\">\n                                        <div class=\"item\">\n                        <div class=\"title\">\n                            Tailor made solutions                        <\/div>\n                        <div class=\"description\">\n                            <p>Nos especializamos en ofrecer <strong>soluciones personalizadas<\/strong> para la industria nutrac\u00e9utica. Desde la idea hasta la realizaci\u00f3n, trabajamos en estrecha colaboraci\u00f3n con las empresas para desarrollar formulaciones \u00fanicas y <strong>respaldadas cient\u00edficamente<\/strong>, dise\u00f1adas para satisfacer <strong>cada necesidad espec\u00edfica<\/strong>.<\/p>\n<p>Un equipo de expertos supervisa cada etapa, dedic\u00e1ndose a la investigaci\u00f3n, a la formulaci\u00f3n \u00f3ptima y al soporte t\u00e9cnico y regulatorio antes y despu\u00e9s del lanzamiento, garantizando un producto \u00fanico y <strong>totalmente personalizado<\/strong>.<\/p>\n                        <\/div>\n                    <\/div>\n                                        <div class=\"item\">\n                        <div class=\"title\">\n                            White Label                        <\/div>\n                        <div class=\"description\">\n                            <p>Ofrecemos<strong> Formulaciones Avanzadas Multi-Acci\u00f3n<\/strong> para ayudar a las marcas a expandirse en el mercado de la salud y el bienestar.<\/p>\n<p>Gracias a nuestra experiencia y a una gama completa de servicios, proporcionamos <strong>formulaciones probi\u00f3ticas de alta calidad<\/strong>, desarrolladas y respaldadas por evidencias cient\u00edficas de alto nivel, acompa\u00f1adas de un <strong>dossier completo y personalizado<\/strong> seg\u00fan cada necesidad para una r\u00e1pida entrada al mercado.<\/p>\n                        <\/div>\n                    <\/div>\n                                        <\/div>\n                <\/div>\n            <\/div>\n            <\/div>\n<\/div>","protected":false},"excerpt":{"rendered":"","protected":false},"author":1,"featured_media":0,"parent":0,"menu_order":0,"comment_status":"closed","ping_status":"closed","template":"","meta":{"_acf_changed":false,"footnotes":""},"class_list":["post-4569","page","type-page","status-publish","hentry"],"acf":[],"_links":{"self":[{"href":"https:\/\/saccosystem.com\/es\/wp-json\/wp\/v2\/pages\/4569","targetHints":{"allow":["GET"]}}],"collection":[{"href":"https:\/\/saccosystem.com\/es\/wp-json\/wp\/v2\/pages"}],"about":[{"href":"https:\/\/saccosystem.com\/es\/wp-json\/wp\/v2\/types\/page"}],"author":[{"embeddable":true,"href":"https:\/\/saccosystem.com\/es\/wp-json\/wp\/v2\/users\/1"}],"replies":[{"embeddable":true,"href":"https:\/\/saccosystem.com\/es\/wp-json\/wp\/v2\/comments?post=4569"}],"version-history":[{"count":3,"href":"https:\/\/saccosystem.com\/es\/wp-json\/wp\/v2\/pages\/4569\/revisions"}],"predecessor-version":[{"id":24905,"href":"https:\/\/saccosystem.com\/es\/wp-json\/wp\/v2\/pages\/4569\/revisions\/24905"}],"wp:attachment":[{"href":"https:\/\/saccosystem.com\/es\/wp-json\/wp\/v2\/media?parent=4569"}],"curies":[{"name":"wp","href":"https:\/\/api.w.org\/{rel}","templated":true}]}}