{"id":4459,"date":"2024-11-10T22:57:30","date_gmt":"2024-11-10T21:57:30","guid":{"rendered":"https:\/\/saccosystem.com\/?page_id=4459"},"modified":"2026-02-02T17:50:50","modified_gmt":"2026-02-02T16:50:50","slug":"contactenos","status":"publish","type":"page","link":"https:\/\/saccosystem.com\/es\/contactenos\/","title":{"rendered":"Cont\u00e1ctenos"},"content":{"rendered":"<div class=\"title-style-2 gradient-primary\">\n        <div class=\"container\">\n        <div class=\"row\">\n            <div class=\"col\">\n                <h1>\n                    Cont\u00e1ctenos                <\/h1>\n            <\/div>\n        <\/div>\n    <\/div>\n<\/div>\n\n<div class=\"text-section\">\n    <div class=\"container\">\n            <div class=\"row\">\n            <div class=\"col-md-7 offset-md-1\">\n                <div class=\"intro-text\">\n                    <p>Quieres saber m\u00e1s sobre nuestros productos y servicios? Cont\u00e1ctanos ahora! Nuestro equipo est\u00e1 aqu\u00ed para ofrecerte toda la informaci\u00f3n y guiarte hacia la elecci\u00f3n perfecta para tus necesidades.<\/p>\n                <\/div>\n            <\/div>\n        <\/div>\n            <div class=\"row\">\n            <div class=\"col-md-5 offset-md-1\">\n                            <\/div>\n            <div class=\"col-md-5\">\n                            <\/div>\n        <\/div>\n    <\/div>\n<\/div>\n\n\n<div class=\"wp-block-group contact-us\"><div class=\"wp-block-group__inner-container is-layout-constrained wp-block-group-is-layout-constrained\">\n<div class=\"wpcf7 no-js\" id=\"wpcf7-f4350-o1\" lang=\"es-ES\" dir=\"ltr\" data-wpcf7-id=\"4350\">\n<div class=\"screen-reader-response\"><p role=\"status\" aria-live=\"polite\" aria-atomic=\"true\"><\/p> <ul><\/ul><\/div>\n<form action=\"\/es\/wp-json\/wp\/v2\/pages\/4459#wpcf7-f4350-o1\" method=\"post\" class=\"wpcf7-form init\" aria-label=\"Formulario de contacto\" novalidate=\"novalidate\" data-status=\"init\">\n<fieldset class=\"hidden-fields-container\"><input type=\"hidden\" name=\"_wpcf7\" value=\"4350\" \/><input type=\"hidden\" name=\"_wpcf7_version\" value=\"6.1.5\" \/><input type=\"hidden\" name=\"_wpcf7_locale\" value=\"es_ES\" \/><input type=\"hidden\" name=\"_wpcf7_unit_tag\" value=\"wpcf7-f4350-o1\" \/><input type=\"hidden\" name=\"_wpcf7_container_post\" value=\"0\" \/><input type=\"hidden\" name=\"_wpcf7_posted_data_hash\" value=\"\" \/><input type=\"hidden\" name=\"_wpcf7_recaptcha_response\" value=\"\" \/>\n<\/fieldset>\n<div class=\"container\">\n    <div class=\"row\">\n        <div class=\"col-lg-8 offset-lg-2\">\n            <div class=\"form\">\n<label> Name*\n    <span class=\"wpcf7-form-control-wrap\" data-name=\"careers_name\"><input size=\"40\" maxlength=\"400\" class=\"wpcf7-form-control wpcf7-text wpcf7-validates-as-required\" autocomplete=\"name\" aria-required=\"true\" aria-invalid=\"false\" placeholder=\"type here...\" value=\"\" type=\"text\" name=\"careers_name\" \/><\/span> <\/label>\n<label> Surname*\n    <span class=\"wpcf7-form-control-wrap\" data-name=\"careers_surname\"><input size=\"40\" maxlength=\"400\" class=\"wpcf7-form-control wpcf7-text wpcf7-validates-as-required\" autocomplete=\"surname\" aria-required=\"true\" aria-invalid=\"false\" placeholder=\"type here...\" value=\"\" type=\"text\" name=\"careers_surname\" \/><\/span><\/label>\n<label> Email*\n    <span class=\"wpcf7-form-control-wrap\" data-name=\"careers_email\"><input size=\"40\" maxlength=\"400\" class=\"wpcf7-form-control wpcf7-email wpcf7-validates-as-required wpcf7-text wpcf7-validates-as-email\" autocomplete=\"email\" aria-required=\"true\" aria-invalid=\"false\" placeholder=\"type here...\" value=\"\" type=\"email\" name=\"careers_email\" \/><\/span> <\/label>\n<label> Telephone*\n    <span class=\"wpcf7-form-control-wrap\" data-name=\"careers_phone\"><input size=\"40\" maxlength=\"400\" class=\"wpcf7-form-control wpcf7-text wpcf7-validates-as-required\" autocomplete=\"tel\" aria-required=\"true\" aria-invalid=\"false\" placeholder=\"type here...\" value=\"\" type=\"text\" name=\"careers_phone\" \/><\/span><\/label>\n<label> Subject*\n     <span class=\"wpcf7-form-control-wrap\" data-name=\"subject\"><input size=\"40\" maxlength=\"400\" class=\"wpcf7-form-control wpcf7-text wpcf7-validates-as-required\" aria-required=\"true\" aria-invalid=\"false\" placeholder=\"scrivi qui...\" value=\"\" type=\"text\" name=\"subject\" \/><\/span><\/label>\n<label> Area of interest*\n     <span class=\"wpcf7-form-control-wrap\" data-name=\"area-of-interest\"><select class=\"wpcf7-form-control wpcf7-select wpcf7-validates-as-required\" aria-required=\"true\" aria-invalid=\"false\" name=\"area-of-interest\"><option value=\"Food\">Food<\/option><option value=\"Microbiome\">Microbiome<\/option><option value=\"Agrovet\">Agrovet<\/option><option value=\"Labware\">Labware<\/option><option value=\"Other\">Other<\/option><\/select><\/span><\/label>\n<label> Message*\n     <span class=\"wpcf7-form-control-wrap\" data-name=\"message\"><textarea cols=\"40\" rows=\"10\" maxlength=\"2000\" class=\"wpcf7-form-control wpcf7-textarea wpcf7-validates-as-required\" aria-required=\"true\" aria-invalid=\"false\" placeholder=\"type here...\" name=\"message\"><\/textarea><\/span><\/label\n\n<span class=\"wpcf7-form-control-wrap\" data-name=\"privacy-acceptance\"><span class=\"wpcf7-form-control wpcf7-acceptance\"><span class=\"wpcf7-list-item\"><label><input type=\"checkbox\" name=\"privacy-acceptance\" value=\"1\" class=\"form-control\" aria-invalid=\"false\" \/><span class=\"wpcf7-list-item-label\">I declare that I have read the <a href=\"https:\/\/saccosystem.com\/en\/privacy-notice-gdpr\/\">privacy policy<\/a><\/span><\/label><\/span><\/span><\/span>\n\n<input type=\"hidden\" name=\"page-title\" value=\"Cont\u00e1ctenos\" \/>\n<input type=\"hidden\" name=\"page-url\" value=\"https:\/\/saccosystem.com\/es\/contactenos\/\" \/>\n\n<button type=\"button\" class=\"submit\"><span class=\"cta\"><span class=\"arrow\"><svg width=\"32\" height=\"32\" viewBox=\"0 0 32 32\" fill=\"none\" xmlns=\"http:\/\/www.w3.org\/2000\/svg\"><mask id=\"mask0_3086_1984\" style=\"mask-type:alpha\" maskUnits=\"userSpaceOnUse\" x=\"0\" y=\"0\" width=\"32\" height=\"32\"><rect width=\"32\" height=\"32\" fill=\"#D9D9D9\"\/><\/mask><g mask=\"url(#mask0_3086_1984)\"><path d=\"M22.1693 17H6V15H22.1693L14.5743 7.405L16 6L26 16L16 26L14.5743 24.595L22.1693 17Z\" fill=\"#FAFAFC\"\/><\/g><\/svg><\/span><span class=\"text\">Send<\/span><\/span><span class=\"side-button\"><span class=\"icon\"><svg width=\"24\" height=\"24\" viewBox=\"0 0 24 24\" fill=\"none\" xmlns=\"http:\/\/www.w3.org\/2000\/svg\"><mask id=\"mask0_1388_8417\" style=\"mask-type:alpha\" maskUnits=\"userSpaceOnUse\" x=\"0\" y=\"0\" width=\"24\" height=\"24\"><rect width=\"24\" height=\"24\" fill=\"#fafafc\"\/><\/mask><g mask=\"url(#mask0_1388_8417)\"><path d=\"M12 12.5577L4 7.44225V17.6923C4 17.7821 4.02883 17.8558 4.0865 17.9135C4.14417 17.9712 4.21792 18 4.30775 18H13.25V19.5H4.30775C3.80258 19.5 3.375 19.325 3.025 18.975C2.675 18.625 2.5 18.1974 2.5 17.6923V6.30775C2.5 5.80258 2.675 5.375 3.025 5.025C3.375 4.675 3.80258 4.5 4.30775 4.5H19.6923C20.1974 4.5 20.625 4.675 20.975 5.025C21.325 5.375 21.5 5.80258 21.5 6.30775V13.25H20V7.44225L12 12.5577ZM12 11L19.8463 6H4.15375L12 11ZM18.8078 22.3943L17.7635 21.35L19.579 19.5H15.0578V18H19.5885L17.7385 16.15L18.8078 15.1058L22.452 18.75L18.8078 22.3943ZM4 7.44225V18.8365V13.25V13.373V6V7.44225Z\" fill=\"#fafafc\"\/><\/g><\/svg><\/span><span class=\"text\">Send<\/span><\/span><\/button>\n<input class=\"wpcf7-form-control wpcf7-submit has-spinner\" type=\"submit\" value=\"Contact Us\" \/>\n\n            <\/div>\n        <\/div>\n    <\/div>\n<\/div><div class=\"wpcf7-response-output\" aria-hidden=\"true\"><\/div>\n<\/form>\n<\/div>\n\n<\/div><\/div>\n","protected":false},"excerpt":{"rendered":"","protected":false},"author":1,"featured_media":0,"parent":0,"menu_order":3,"comment_status":"closed","ping_status":"closed","template":"","meta":{"_acf_changed":false,"footnotes":""},"class_list":["post-4459","page","type-page","status-publish","hentry"],"acf":[],"_links":{"self":[{"href":"https:\/\/saccosystem.com\/es\/wp-json\/wp\/v2\/pages\/4459","targetHints":{"allow":["GET"]}}],"collection":[{"href":"https:\/\/saccosystem.com\/es\/wp-json\/wp\/v2\/pages"}],"about":[{"href":"https:\/\/saccosystem.com\/es\/wp-json\/wp\/v2\/types\/page"}],"author":[{"embeddable":true,"href":"https:\/\/saccosystem.com\/es\/wp-json\/wp\/v2\/users\/1"}],"replies":[{"embeddable":true,"href":"https:\/\/saccosystem.com\/es\/wp-json\/wp\/v2\/comments?post=4459"}],"version-history":[{"count":1,"href":"https:\/\/saccosystem.com\/es\/wp-json\/wp\/v2\/pages\/4459\/revisions"}],"predecessor-version":[{"id":24171,"href":"https:\/\/saccosystem.com\/es\/wp-json\/wp\/v2\/pages\/4459\/revisions\/24171"}],"wp:attachment":[{"href":"https:\/\/saccosystem.com\/es\/wp-json\/wp\/v2\/media?parent=4459"}],"curies":[{"name":"wp","href":"https:\/\/api.w.org\/{rel}","templated":true}]}}