{"id":4925,"date":"2024-11-21T09:43:46","date_gmt":"2024-11-21T08:43:46","guid":{"rendered":"https:\/\/saccosystem.com\/?page_id=4925"},"modified":"2024-12-09T17:10:50","modified_gmt":"2024-12-09T16:10:50","slug":"probiotika-fuer-gefluegel-broiler-und-legehennen","status":"publish","type":"page","link":"https:\/\/saccosystem.com\/de\/active-ingredients\/probiotika-fuer-gefluegel-broiler-und-legehennen\/","title":{"rendered":"Probiotika f\u00fcr Gefl\u00fcgel (Broiler und Legehennen)"},"content":{"rendered":"<div class=\"breadcrumbs style-1 no-margin-top\"\">\n        <div class=\"container\">\n            <div class=\"row\">\n            <div class=\"col\">\n                <div class=\"pages\">\n            <span class=\"page parent\"><a href=\"https:\/\/saccosystem.com\/de\/agro-vet\/\">Agro-Vet<\/a><span class=\"separator\">&gt;<\/span><\/span><span class=\"page current\">Probiotika f\u00fcr Gefl\u00fcgel (Broiler und Legehennen)<\/span>                <\/div>\n            <\/div>\n        <\/div>\n        <\/div>\n    <\/div>\n\n<div class=\"ingredients-intro-text block\">\n    <div class=\"container\">\n        <div class=\"row\">\n                        <div class=\"col-md-10\">\n                <h1>\n                    Probiotika f\u00fcr Gefl\u00fcgel (Broiler und Legehennen)                <\/h1>\n            <\/div>\n        <\/div>\n        <div class=\"row\">\n            <div class=\"col-md-7 offset-md-1\">\n                <div class=\"intro-text\">\n                    <p>Zuchtgefl\u00fcgel\u00a0ist fortlaufend\u00a0Darmst\u00f6rungen\u00a0ausgesetzt, die zu Krankheiten (akute Entz\u00fcndungen) oder subklinischen Auswirkungen f\u00fchren k\u00f6nnen, die sich durch\u00a0schlechte Leistung\u00a0(Wachstum, Legeleistung, FV) und\u00a0schlechte Produktionsqualit\u00e4t\u00a0(ungleichm\u00e4\u00dfiges Wachstum, br\u00fcchige Eier usw.) manifestieren.<\/p>\n                <\/div>\n            <\/div>\n        <\/div>\n        <div class=\"row\">\n            <div class=\"col-lg-5 col-md-10 offset-md-1\">\n                <p>Diese Bedingungen der Ver\u00e4nderung der Bakterien\u00a0<strong>verschlechtern auch die Qualit\u00e4t der Zuchtumgebung<\/strong>\u00a0(erh\u00f6hte Feuchtigkeit, Ammoniak und Krankheitserreger aus F\u00e4kalien) und verringern die hygienische Sicherheit von\u00a0<strong>Fleisch<\/strong>\u00a0und\u00a0<strong>Eiern<\/strong>.<br \/>\nDer fortlaufende Einsatz von <strong>Probiotika<\/strong>\u00a0im\u00a0<strong>Trinkwasser<\/strong>\u00a0und in den\u00a0<strong>Futtermitteln<\/strong>\u00a0f\u00fcr\u00a0<strong>Gefl\u00fcgel<\/strong>\u00a0tr\u00e4gt dazu bei, die Gesundheit und den Ertrag der Gefl\u00fcgelarten zu erh\u00f6hen.<\/p>\n            <\/div>\n            <div class=\"col-lg-5 offset-lg-0 col-md-10 offset-md-1\">\n                <p>Sacco System hat eine strenge Auswahl\u00a0<strong>autochthoner St\u00e4mme von probiotischen Milchs\u00e4urebakterien<\/strong>\u00a0(d. h. aus dem Darm von Gefl\u00fcgel ausgew\u00e4hlt) durchgef\u00fchrt, die in der Lage sind, das mikrobielle Gleichgewicht im Darm des Gefl\u00fcgels auf v\u00f6llig nat\u00fcrliche Weise wiederherzustellen.<\/p>\n            <\/div>\n        <\/div>\n    <\/div>\n<\/div>\n\n<div class=\"active-ingredients-list-posts block\"\">\n    <div class=\"container\">\n        <div class=\"row\">\n            <div class=\"col-md-10 offset-md-1\">\n                                <div class=\"title\">\n                    <h3>\n                        Probiotikum f\u00fcr Gefl\u00fcgel und alle anderen V\u00f6gel                    <\/h3>\n                <\/div>\n                                                <div class=\"list-items\">\n                            <div class=\"list-item\">\n                        <div class=\"list-item-title\">\n                            Lactobacillus acidophilus\u00a0D2\/CSL (CECT 4529)                        <\/div>\n            <div class=\"list-item-description\"><p><em>Lactobacillus acidophilus<\/em>\u00a0D2\/CSL (CECT 4529) ist ein\u00a0<strong>probiotischer<\/strong>\u00a0Lactobacillus, der aus dem\u00a0<strong>Darm von H\u00fchnern<\/strong>\u00a0isoliert wird und die nat\u00fcrliche L\u00f6sung zur Vorbeugung von Darmst\u00f6rungen bei Legehennen und Masth\u00e4hnchen darstellt.<\/p>\n<ul>\n<li><strong>die Gesundheit und Produktivit\u00e4t der Tiere<\/strong>sowohl in quantitativer als auch in qualitativer Hinsicht (gr\u00f6\u00dfere Robustheit der Eischale, h\u00f6here Viskosit\u00e4t des Eiwei\u00dfes)\u00a0<strong>verbessert<\/strong><\/li>\n<li><strong>auf nat\u00fcrliche Weise das gastrointestinale Milieu des Huhnes besiedelt<\/strong>und in Symbiose mit dem Federvieh lebt, indem es das Immunsystem und die Einnistung der autochthonen Mikrobiota im K\u00fcken stimuliert<\/li>\n<li><strong>die Verdauungsfunktionen\u00a0<\/strong>durch die Fermentierung von Kohlenhydraten und die Produktion von Milchs\u00e4ure, die eine zus\u00e4tzliche Quelle nutzbarer Energie f\u00fcr den Wirt darstellt,\u00a0<strong>verbessert<\/strong><\/li>\n<li><strong>der Bildung von F\u00e4ulnisbakterien<\/strong>, entz\u00fcndungsf\u00f6rdernder und krankheiterregender Bakterien (insbesondere coliforme Bakterien und Clostridien)\u00a0<strong>entgegenwirkt<\/strong>und daher in der Lage ist, Darmst\u00f6rungen, Durchfall und deren Folgen in der Tierhaltung zu verhindern<\/li>\n<li><strong>den reduzierten Einsatz von Antibiotika<\/strong>gem\u00e4\u00df den modernen \u201eAntibiotika-freien\u201c Zuchttechniken erm\u00f6glicht.<\/li>\n<\/ul>\n<\/div>                            <div class=\"list\">\n                                                <div class=\"item\">\n                                    <a href=\"https:\/\/saccosystem.com\/wp-content\/uploads\/2024\/11\/D2_birds_eng-1.pdf\" target=\"_blank\">\n                                        <span class=\"title\">\n                                            <span class=\"icon\">\n                                            <svg width=\"32\" height=\"32\" viewBox=\"0 0 32 32\" fill=\"none\" xmlns=\"http:\/\/www.w3.org\/2000\/svg\"><mask id=\"mask0_1261_3218\" style=\"mask-type:alpha\" maskUnits=\"userSpaceOnUse\" x=\"0\" y=\"0\" width=\"32\" height=\"32\"><rect width=\"32\" height=\"32\" fill=\"#D9D9D9\"><\/rect><\/mask><g mask=\"url(#mask0_1261_3218)\"><path d=\"M10.923 14.9232H18.923V8.2565H10.923V14.9232ZM26 26.2565C26 26.9301 25.7667 27.5002 25.3 27.9668C24.8333 28.4335 24.2632 28.6668 23.5897 28.6668H8.41033C7.73678 28.6668 7.16667 28.4335 6.7 27.9668C6.23333 27.5002 6 26.9301 6 26.2565V5.74383C6 5.07027 6.23333 4.50016 6.7 4.0335C7.16667 3.56683 7.73678 3.3335 8.41033 3.3335H23.5897C24.2632 3.3335 24.8333 3.56683 25.3 4.0335C25.7667 4.50016 26 5.07027 26 5.74383V26.2565ZM24 26.2565V5.74383C24 5.64116 23.9572 5.54716 23.8717 5.46183C23.7863 5.37627 23.6923 5.3335 23.5897 5.3335H8.41033C8.30767 5.3335 8.21367 5.37627 8.12833 5.46183C8.04278 5.54716 8 5.64116 8 5.74383V26.2565C8 26.3592 8.04278 26.4532 8.12833 26.5385C8.21367 26.6241 8.30767 26.6668 8.41033 26.6668H23.5897C23.6923 26.6668 23.7863 26.6241 23.8717 26.5385C23.9572 26.4532 24 26.3592 24 26.2565Z\" fill=\"#FAFAFC\"><\/path><\/g><\/svg>                                            <\/span>\n                                            <span class=\"text\">\n                                                                                                <span class=\"description\">\n                                                    D2 Birds                                                <\/span>\n                                            <\/span>\n                                        <\/span>\n                                        <span class=\"action\">\n                                                                                        <span class=\"icon\">\n                                                <svg width=\"24\" height=\"24\" viewBox=\"0 0 24 24\" fill=\"none\" xmlns=\"http:\/\/www.w3.org\/2000\/svg\">\n                                                    <mask id=\"mask0_1261_3199\" style=\"mask-type:alpha\" maskUnits=\"userSpaceOnUse\" x=\"0\" y=\"0\" width=\"24\" height=\"24\">\n                                                        <rect width=\"24\" height=\"24\" fill=\"#D9D9D9\"><\/rect>\n                                                    <\/mask>\n                                                    <g mask=\"url(#mask0_1261_3199)\">\n                                                        <path d=\"M12 15.7885L7.73075 11.5192L8.78475 10.4348L11.25 12.9V4.5H12.75V12.9L15.2153 10.4348L16.2693 11.5192L12 15.7885ZM6.30775 19.5C5.80258 19.5 5.375 19.325 5.025 18.975C4.675 18.625 4.5 18.1974 4.5 17.6923V14.9808H6V17.6923C6 17.7692 6.03208 17.8398 6.09625 17.9038C6.16025 17.9679 6.23075 18 6.30775 18H17.6923C17.7692 18 17.8398 17.9679 17.9038 17.9038C17.9679 17.8398 18 17.7692 18 17.6923V14.9808H19.5V17.6923C19.5 18.1974 19.325 18.625 18.975 18.975C18.625 19.325 18.1974 19.5 17.6923 19.5H6.30775Z\" fill=\"#FAFAFC\"><\/path>\n                                                    <\/g>\n                                                <\/svg>\n                                            <\/span>\n                                            Download                                                                                    <\/span>\n                                    <\/a>\n                                <\/div>\n                                            <\/div>\n                                    <\/div>\n                            <\/div>\n                    <\/div>\n        <\/div>\n    <\/div>\n<\/div>\n\n<div class=\"applications applications-agro-vet-ingredients block\">\n    <div class=\"container\">\n        <div class=\"row\">\n            <h2>\n                Andere Anwendungen f\u00fcr den Agrar- und Veterin\u00e4rsektor            <\/h2>\n        <\/div>\n    <\/div>\n            <div class=\"animating-background\">\n            <div class=\"changing-backgrounds\">\n                <div>\n                                        <div class=\"background background-1\" style=\"background: linear-gradient(90deg, rgba(0,0,0,0.20), rgba(0,0,0,0.20)), url() no-repeat center center; background-size: cover;\"><\/div>\n                                        <div class=\"background background-2\" style=\"background: linear-gradient(90deg, rgba(0,0,0,0.20), rgba(0,0,0,0.20)), url() no-repeat center center; background-size: cover;\"><\/div>\n                                        <div class=\"background background-3\" style=\"background: linear-gradient(90deg, rgba(0,0,0,0.20), rgba(0,0,0,0.20)), url() no-repeat center center; background-size: cover;\"><\/div>\n                                    <\/div>\n                <div class=\"container\">\n                    <div class=\"row\">\n                        <div class=\"col\">\n                            <ul>\n                                                                <li>\n                                    <a href=\"\">\n                                        Probiotische f\u00fcr hunde und katzen                                    <\/a>\n                                <\/li>\n                                                            <li>\n                                    <a href=\"\">\n                                        Pflanzen und Landwirtschaft                                    <\/a>\n                                <\/li>\n                                                            <li>\n                                    <a href=\"\">\n                                        Silofutter                                    <\/a>\n                                <\/li>\n                                                        <\/ul>\n                        <\/div>\n                    <\/div>\n                <\/div>\n            <\/div>\n            <\/div>\n<\/div>\n\n\n<p><\/p>\n","protected":false},"excerpt":{"rendered":"","protected":false},"author":1,"featured_media":0,"parent":4734,"menu_order":1,"comment_status":"closed","ping_status":"closed","template":"","meta":{"_acf_changed":false,"footnotes":""},"class_list":["post-4925","page","type-page","status-publish","hentry"],"acf":[],"_links":{"self":[{"href":"https:\/\/saccosystem.com\/de\/wp-json\/wp\/v2\/pages\/4925","targetHints":{"allow":["GET"]}}],"collection":[{"href":"https:\/\/saccosystem.com\/de\/wp-json\/wp\/v2\/pages"}],"about":[{"href":"https:\/\/saccosystem.com\/de\/wp-json\/wp\/v2\/types\/page"}],"author":[{"embeddable":true,"href":"https:\/\/saccosystem.com\/de\/wp-json\/wp\/v2\/users\/1"}],"replies":[{"embeddable":true,"href":"https:\/\/saccosystem.com\/de\/wp-json\/wp\/v2\/comments?post=4925"}],"version-history":[{"count":0,"href":"https:\/\/saccosystem.com\/de\/wp-json\/wp\/v2\/pages\/4925\/revisions"}],"up":[{"embeddable":true,"href":"https:\/\/saccosystem.com\/de\/wp-json\/wp\/v2\/pages\/4734"}],"wp:attachment":[{"href":"https:\/\/saccosystem.com\/de\/wp-json\/wp\/v2\/media?parent=4925"}],"curies":[{"name":"wp","href":"https:\/\/api.w.org\/{rel}","templated":true}]}}