{"id":4916,"date":"2024-11-21T09:44:40","date_gmt":"2024-11-21T08:44:40","guid":{"rendered":"https:\/\/saccosystem.com\/?page_id=4916"},"modified":"2024-12-10T17:17:21","modified_gmt":"2024-12-10T16:17:21","slug":"probiotika-fuer-pflanzen-und-landwirtschaft","status":"publish","type":"page","link":"https:\/\/saccosystem.com\/de\/active-ingredients\/probiotika-fuer-pflanzen-und-landwirtschaft\/","title":{"rendered":"Probiotika f\u00fcr Pflanzen und Landwirtschaft"},"content":{"rendered":"<div class=\"breadcrumbs style-1 no-margin-top\"\">\n        <div class=\"container\">\n            <div class=\"row\">\n            <div class=\"col\">\n                <div class=\"pages\">\n            <span class=\"page parent\"><a href=\"https:\/\/saccosystem.com\/de\/agro-vet\/\">Agro-Vet<\/a><span class=\"separator\">&gt;<\/span><\/span><span class=\"page current\">Probiotika f\u00fcr Pflanzen und Landwirtschaft<\/span>                <\/div>\n            <\/div>\n        <\/div>\n        <\/div>\n    <\/div>\n\n<div class=\"ingredients-intro-text block\">\n    <div class=\"container\">\n        <div class=\"row\">\n                        <div class=\"col-md-10\">\n                <h1>\n                    Probiotika f\u00fcr Pflanzen und Landwirtschaft                <\/h1>\n            <\/div>\n        <\/div>\n        <div class=\"row\">\n            <div class=\"col-md-7 offset-md-1\">\n                <div class=\"intro-text\">\n                    <p>Von Natur aus im Boden vorhandene\u00a0Bakterien\u00a0sind wichtig f\u00fcr das Pflanzenwachstum und Voraussetzung f\u00fcr eine reiche Ernte. Der Einsatz von\u00a0Mikroorganismen in der Landwirtschaft\u00a0f\u00f6rdert\u00a0das Wachstum und die Gesundheit von Pflanzen und landwirtschaftlichen Produkten\u00a0auf nat\u00fcrliche Weise.<\/p>\n                <\/div>\n            <\/div>\n        <\/div>\n        <div class=\"row\">\n            <div class=\"col-lg-5 col-md-10 offset-md-1\">\n                <p>Dank seines Fachwissens und seiner fortschrittlichen agronomischen Technologien ist\u00a0<strong>Sacco System<\/strong>\u00a0in der Lage, im industriellen Ma\u00dfstab die\u00a0<strong>besten probiotischen Mikroorganismen<\/strong> mit hoher Konzentration und mikrobiologischer Reinheit zu produzieren, wobei alle Rohstoffe strengen Qualit\u00e4tskontrollen unterliegen. Die\u00a0<strong>sorgf\u00e4ltige Screening-Phase<\/strong>\u00a0im Labor, in Gew\u00e4chsh\u00e4usern und im Freiland erm\u00f6glicht die exakte Identifizierung von effektiven Mikroorganismen in\u00a0<strong>allen Phasen der Pflanzenentwicklung<\/strong>, um Biostimulanz- und Biokontrollprodukte f\u00fcr Agrar- und Lebensmittelunternehmen in der ganzen Welt bereitzustellen.<\/p>\n            <\/div>\n            <div class=\"col-lg-5 offset-lg-0 col-md-10 offset-md-1\">\n                <p>Die Vielfalt und Gesundheit der \u00d6kosysteme werden sehr stark ber\u00fccksichtigt, um\u00a0<strong>die Ertr\u00e4ge zu verbessern und die Nachhaltigkeit<\/strong>, \u00d6kologie und Gesundheit aller beteiligten Organismen\u00a0<strong>zu sichern<\/strong>. Das Expertenteam von Sacco System steht dem Kunden f\u00fcr\u00a0<strong>Beratungen, Lieferungen und Produktentwicklungsprojekte<\/strong>\u00a0zur Verf\u00fcgung, um einen Sektor zu reformieren, der sich im st\u00e4ndigen Wandel befindet und st\u00e4ndig auf der Suche nach nachhaltigen und effektiven L\u00f6sungen ist.<\/p>\n            <\/div>\n        <\/div>\n    <\/div>\n<\/div>\n\n<div class=\"block learn-more with-background no-margin-top no-margin-bottom\" style=\"background: linear-gradient(rgba(0,0,0,0.2), rgba(0,0,0,0.2)), url(https:\/\/saccosystem.com\/wp-content\/uploads\/2024\/09\/banner_approfondisci.jpg) no-repeat center center; background-size: cover, cover;\">\n                <div class=\"container\">\n                <div class=\"row\">\n                <div class=\"col-lg-10 offset-lg-1\">\n                                                                                    <div class=\"list\">\n                                    <div class=\"title\">\n                        Vertiefen Sie                    <\/div>\n                                                    <div class=\"item\">\n                                        <a href=\"https:\/\/saccosystem.com\/wp-content\/uploads\/2024\/12\/Catalogo_agro_eng.pdf\" target=\"_blank\">\n                                            <span class=\"title\">\n                                                <span class=\"icon\">\n                                                <svg width=\"32\" height=\"32\" viewBox=\"0 0 32 32\" fill=\"none\" xmlns=\"http:\/\/www.w3.org\/2000\/svg\"><mask id=\"mask0_1261_3192\" style=\"mask-type:alpha\" maskUnits=\"userSpaceOnUse\" x=\"0\" y=\"0\" width=\"32\" height=\"32\"><rect width=\"32\" height=\"32\" fill=\"#D9D9D9\"><\/rect><\/mask><g mask=\"url(#mask0_1261_3192)\"><path d=\"M7.07696 27.3332C6.4034 27.3332 5.83329 27.0998 5.36663 26.6332C4.89996 26.1665 4.66663 25.5964 4.66663 24.9228V7.07684C4.66663 6.40328 4.89996 5.83317 5.36663 5.3665C5.83329 4.89984 6.4034 4.6665 7.07696 4.6665H21.0513L27.3333 10.9485V24.9228C27.3333 25.5964 27.1 26.1665 26.6333 26.6332C26.1666 27.0998 25.5965 27.3332 24.923 27.3332H7.07696ZM7.07696 25.3332H24.923C25.0427 25.3332 25.1411 25.2947 25.218 25.2178C25.2948 25.1409 25.3333 25.0426 25.3333 24.9228V11.9998H20V6.6665H7.07696C6.95718 6.6665 6.85885 6.70495 6.78196 6.78184C6.70507 6.85873 6.66663 6.95706 6.66663 7.07684V24.9228C6.66663 25.0426 6.70507 25.1409 6.78196 25.2178C6.85885 25.2947 6.95718 25.3332 7.07696 25.3332ZM9.66663 21.9998H22.3333V19.9998H9.66663V21.9998ZM9.66663 11.9998H16V9.99984H9.66663V11.9998ZM9.66663 16.9998H22.3333V14.9998H9.66663V16.9998Z\" fill=\"#FAFAFC\"><\/path><\/g><\/svg>                                                <\/span>\n                                                <span class=\"text\">\n                                                                                                        <span class=\"description\">\n                                                        Our solutions for agriculture                                                    <\/span>\n                                                <\/span>\n                                            <\/span>\n                                            <span class=\"action\">\n                                                                                                <span class=\"icon\">\n                                                    <svg width=\"24\" height=\"24\" viewBox=\"0 0 24 24\" fill=\"none\" xmlns=\"http:\/\/www.w3.org\/2000\/svg\">\n                                                        <mask id=\"mask0_1261_3199\" style=\"mask-type:alpha\" maskUnits=\"userSpaceOnUse\" x=\"0\" y=\"0\" width=\"24\" height=\"24\">\n                                                            <rect width=\"24\" height=\"24\" fill=\"#D9D9D9\"><\/rect>\n                                                        <\/mask>\n                                                        <g mask=\"url(#mask0_1261_3199)\">\n                                                            <path d=\"M12 15.7885L7.73075 11.5192L8.78475 10.4348L11.25 12.9V4.5H12.75V12.9L15.2153 10.4348L16.2693 11.5192L12 15.7885ZM6.30775 19.5C5.80258 19.5 5.375 19.325 5.025 18.975C4.675 18.625 4.5 18.1974 4.5 17.6923V14.9808H6V17.6923C6 17.7692 6.03208 17.8398 6.09625 17.9038C6.16025 17.9679 6.23075 18 6.30775 18H17.6923C17.7692 18 17.8398 17.9679 17.9038 17.9038C17.9679 17.8398 18 17.7692 18 17.6923V14.9808H19.5V17.6923C19.5 18.1974 19.325 18.625 18.975 18.975C18.625 19.325 18.1974 19.5 17.6923 19.5H6.30775Z\" fill=\"#FAFAFC\"><\/path>\n                                                        <\/g>\n                                                    <\/svg>\n                                                <\/span>\n                                                Download\n                                                                                            <\/span>\n                                        <\/a>\n                                    <\/div>\n                                            <\/div>\n                                                <\/div>\n                    <\/div>\n            <\/div>\n    <\/div>\n\n<div class=\"applications applications-agro-vet-ingredients block\">\n    <div class=\"container\">\n        <div class=\"row\">\n            <h2>\n                Andere Anwendungen f\u00fcr den Agrar- und Veterin\u00e4rsektor            <\/h2>\n        <\/div>\n    <\/div>\n            <div class=\"animating-background\">\n            <div class=\"changing-backgrounds\">\n                <div>\n                                        <div class=\"background background-1\" style=\"background: linear-gradient(90deg, rgba(0,0,0,0.20), rgba(0,0,0,0.20)), url() no-repeat center center; background-size: cover;\"><\/div>\n                                        <div class=\"background background-2\" style=\"background: linear-gradient(90deg, rgba(0,0,0,0.20), rgba(0,0,0,0.20)), url() no-repeat center center; background-size: cover;\"><\/div>\n                                        <div class=\"background background-3\" style=\"background: linear-gradient(90deg, rgba(0,0,0,0.20), rgba(0,0,0,0.20)), url() no-repeat center center; background-size: cover;\"><\/div>\n                                    <\/div>\n                <div class=\"container\">\n                    <div class=\"row\">\n                        <div class=\"col\">\n                            <ul>\n                                                                <li>\n                                    <a href=\"https:\/\/saccosystem.com\/de\/active-ingredients\/fermente-fuer-silofutter\/\">\n                                        Silofutter                                    <\/a>\n                                <\/li>\n                                                            <li>\n                                    <a href=\"https:\/\/saccosystem.com\/de\/active-ingredients\/probiotische-milchsaurebakterien-fur-hunde-und-katzen\/\">\n                                        Probiotische f\u00fcr hunde und katzen                                    <\/a>\n                                <\/li>\n                                                            <li>\n                                    <a href=\"https:\/\/saccosystem.com\/de\/active-ingredients\/probiotika-fuer-gefluegel-broiler-und-legehennen\/\">\n                                        Gefl\u00fcgel                                    <\/a>\n                                <\/li>\n                                                        <\/ul>\n                        <\/div>\n                    <\/div>\n                <\/div>\n            <\/div>\n            <\/div>\n<\/div>","protected":false},"excerpt":{"rendered":"","protected":false},"author":1,"featured_media":0,"parent":4734,"menu_order":1,"comment_status":"closed","ping_status":"closed","template":"","meta":{"_acf_changed":false,"footnotes":""},"class_list":["post-4916","page","type-page","status-publish","hentry"],"acf":[],"_links":{"self":[{"href":"https:\/\/saccosystem.com\/de\/wp-json\/wp\/v2\/pages\/4916","targetHints":{"allow":["GET"]}}],"collection":[{"href":"https:\/\/saccosystem.com\/de\/wp-json\/wp\/v2\/pages"}],"about":[{"href":"https:\/\/saccosystem.com\/de\/wp-json\/wp\/v2\/types\/page"}],"author":[{"embeddable":true,"href":"https:\/\/saccosystem.com\/de\/wp-json\/wp\/v2\/users\/1"}],"replies":[{"embeddable":true,"href":"https:\/\/saccosystem.com\/de\/wp-json\/wp\/v2\/comments?post=4916"}],"version-history":[{"count":0,"href":"https:\/\/saccosystem.com\/de\/wp-json\/wp\/v2\/pages\/4916\/revisions"}],"up":[{"embeddable":true,"href":"https:\/\/saccosystem.com\/de\/wp-json\/wp\/v2\/pages\/4734"}],"wp:attachment":[{"href":"https:\/\/saccosystem.com\/de\/wp-json\/wp\/v2\/media?parent=4916"}],"curies":[{"name":"wp","href":"https:\/\/api.w.org\/{rel}","templated":true}]}}