{"id":4890,"date":"2024-11-21T09:43:25","date_gmt":"2024-11-21T08:43:25","guid":{"rendered":"https:\/\/saccosystem.com\/?page_id=4890"},"modified":"2024-12-11T14:43:03","modified_gmt":"2024-12-11T13:43:03","slug":"fermente-fuer-silofutter","status":"publish","type":"page","link":"https:\/\/saccosystem.com\/de\/active-ingredients\/fermente-fuer-silofutter\/","title":{"rendered":"Fermente f\u00fcr silofutter"},"content":{"rendered":"<div class=\"breadcrumbs style-1 no-margin-top\"\">\n        <div class=\"container\">\n            <div class=\"row\">\n            <div class=\"col\">\n                <div class=\"pages\">\n            <span class=\"page parent\"><a href=\"https:\/\/saccosystem.com\/de\/agro-vet\/\">Agro-Vet<\/a><span class=\"separator\">&gt;<\/span><\/span><span class=\"page current\">Fermente f\u00fcr silofutter<\/span>                <\/div>\n            <\/div>\n        <\/div>\n        <\/div>\n    <\/div>\n\n<div class=\"ingredients-intro-text block\">\n    <div class=\"container\">\n        <div class=\"row\">\n                        <div class=\"col-md-10\">\n                <h1>\n                    Fermente f\u00fcr silofutter                <\/h1>\n            <\/div>\n        <\/div>\n        <div class=\"row\">\n            <div class=\"col-md-7 offset-md-1\">\n                <div class=\"intro-text\">\n                                    <\/div>\n            <\/div>\n        <\/div>\n        <div class=\"row\">\n            <div class=\"col-lg-5 col-md-10 offset-md-1\">\n                <p><strong>Silierte Futtermittel\u00a0<\/strong>sind ein pflanzliches Futter f\u00fcr pflanzenfressende und allesfressende Tiere, das durch\u00a0<strong>Milchs\u00e4urefermentation<\/strong>\u00a0ausgehend von der Milchs\u00e4urefermentation pflanzlicher Nahrungsmittel (Futter und Futtermittel) erhalten wird und daher am Anfang der Produktionskette von Milch steht.<\/p>\n            <\/div>\n            <div class=\"col-lg-5 offset-lg-0 col-md-10 offset-md-1\">\n                <p>Die traditionelle Silagetechnik zielt darauf ab,\u00a0<strong>die nat\u00fcrliche Milchs\u00e4urefermentation im Silofutter anzuregen<\/strong>, damit es den richtigen Versauerungsgrad erreichen kann und andere Mikroorganismen daran gehindert werden, die Pflanzenmasse zu besiedeln und dadurch einen N\u00e4hrwertverlust zu verursachen, indem sie Substanzen entwickeln, die f\u00fcr die Tiere, f\u00fcr die das Produkt bestimmt ist, potenziell toxisch sind.<\/p>\n            <\/div>\n        <\/div>\n    <\/div>\n<\/div>\n\n<div class=\"active-ingredients-list-posts block\"\">\n    <div class=\"container\">\n        <div class=\"row\">\n            <div class=\"col-md-10 offset-md-1\">\n                                <div class=\"title\">\n                    <h3>\n                        Milchs\u00e4urebakterien f\u00fcr silierte Futtermittel Sacco System                    <\/h3>\n                <\/div>\n                                                <div class=\"description\">\n                    <p>Sacco System isoliert, produziert und vertreibt\u00a0<strong>spezifische Kulturen von Milchs\u00e4urebakterien f\u00fcr die Herstellung von hochwertigen Silagen<\/strong>:<\/p>\n                <\/div>\n                                <div class=\"list-items\">\n                            <div class=\"list-item\">\n                        <div class=\"list-item-title\">\n                            LACTOSIL 3.0                        <\/div>\n            <div class=\"list-item-description\"><p>Milchs\u00e4urebakterien, die das Silofutter sicherer, bek\u00f6mmlicher und nahrhafter machen und das Wohlbefinden der Tiere, die Rentabilit\u00e4t des Betriebs und die hygienische Qualit\u00e4t der Endprodukte verbessern. Lactosil 3.0 besteht aus einer Auswahl von homofermentativen Milchs\u00e4urebakterien (<em>Lactobacillus plantarum<\/em>\u00a014D\/CSL), die aus besten italienischen Futtermitteln stammen. Dies erlaubt eine Steuerung der Fermentation in die richtige Richtung und die Gew\u00e4hrleistung einer schnellen Versauerung der Silage ohne Gasproduktion (CO2). Der Silo kann nach nur drei Wochen ge\u00f6ffnet werden und beugt der Bildung unerw\u00fcnschter Mikroorganismen, Sporen und nicht milchs\u00e4urehaltigen Bakterien etc. vor.<\/p>\n<\/div>                            <div class=\"list\">\n                                                <div class=\"item\">\n                                    <a href=\"https:\/\/saccosystem.com\/wp-content\/uploads\/2024\/12\/Lactosil30.pdf\" target=\"_blank\">\n                                        <span class=\"title\">\n                                            <span class=\"icon\">\n                                            <svg width=\"32\" height=\"32\" viewBox=\"0 0 32 32\" fill=\"none\" xmlns=\"http:\/\/www.w3.org\/2000\/svg\"><mask id=\"mask0_1261_3218\" style=\"mask-type:alpha\" maskUnits=\"userSpaceOnUse\" x=\"0\" y=\"0\" width=\"32\" height=\"32\"><rect width=\"32\" height=\"32\" fill=\"#D9D9D9\"><\/rect><\/mask><g mask=\"url(#mask0_1261_3218)\"><path d=\"M10.923 14.9232H18.923V8.2565H10.923V14.9232ZM26 26.2565C26 26.9301 25.7667 27.5002 25.3 27.9668C24.8333 28.4335 24.2632 28.6668 23.5897 28.6668H8.41033C7.73678 28.6668 7.16667 28.4335 6.7 27.9668C6.23333 27.5002 6 26.9301 6 26.2565V5.74383C6 5.07027 6.23333 4.50016 6.7 4.0335C7.16667 3.56683 7.73678 3.3335 8.41033 3.3335H23.5897C24.2632 3.3335 24.8333 3.56683 25.3 4.0335C25.7667 4.50016 26 5.07027 26 5.74383V26.2565ZM24 26.2565V5.74383C24 5.64116 23.9572 5.54716 23.8717 5.46183C23.7863 5.37627 23.6923 5.3335 23.5897 5.3335H8.41033C8.30767 5.3335 8.21367 5.37627 8.12833 5.46183C8.04278 5.54716 8 5.64116 8 5.74383V26.2565C8 26.3592 8.04278 26.4532 8.12833 26.5385C8.21367 26.6241 8.30767 26.6668 8.41033 26.6668H23.5897C23.6923 26.6668 23.7863 26.6241 23.8717 26.5385C23.9572 26.4532 24 26.3592 24 26.2565Z\" fill=\"#FAFAFC\"><\/path><\/g><\/svg>                                            <\/span>\n                                            <span class=\"text\">\n                                                                                                <span class=\"description\">\n                                                    Lactosil 3.0                                                <\/span>\n                                            <\/span>\n                                        <\/span>\n                                        <span class=\"action\">\n                                                                                        <span class=\"icon\">\n                                                <svg width=\"24\" height=\"24\" viewBox=\"0 0 24 24\" fill=\"none\" xmlns=\"http:\/\/www.w3.org\/2000\/svg\">\n                                                    <mask id=\"mask0_1261_3199\" style=\"mask-type:alpha\" maskUnits=\"userSpaceOnUse\" x=\"0\" y=\"0\" width=\"24\" height=\"24\">\n                                                        <rect width=\"24\" height=\"24\" fill=\"#D9D9D9\"><\/rect>\n                                                    <\/mask>\n                                                    <g mask=\"url(#mask0_1261_3199)\">\n                                                        <path d=\"M12 15.7885L7.73075 11.5192L8.78475 10.4348L11.25 12.9V4.5H12.75V12.9L15.2153 10.4348L16.2693 11.5192L12 15.7885ZM6.30775 19.5C5.80258 19.5 5.375 19.325 5.025 18.975C4.675 18.625 4.5 18.1974 4.5 17.6923V14.9808H6V17.6923C6 17.7692 6.03208 17.8398 6.09625 17.9038C6.16025 17.9679 6.23075 18 6.30775 18H17.6923C17.7692 18 17.8398 17.9679 17.9038 17.9038C17.9679 17.8398 18 17.7692 18 17.6923V14.9808H19.5V17.6923C19.5 18.1974 19.325 18.625 18.975 18.975C18.625 19.325 18.1974 19.5 17.6923 19.5H6.30775Z\" fill=\"#FAFAFC\"><\/path>\n                                                    <\/g>\n                                                <\/svg>\n                                            <\/span>\n                                            Download                                                                                    <\/span>\n                                    <\/a>\n                                <\/div>\n                                            <\/div>\n                                    <\/div>\n                                <div class=\"list-item\">\n                        <div class=\"list-item-title\">\n                            Biosilgas                        <\/div>\n            <div class=\"list-item-description\"><p>Mischung ausgew\u00e4hlter Milchs\u00e4urebakterien zur Silolagerung von Pflanzen (<em>Lactobacillus plantarum<\/em>\u00a0und\u00a0<em>Lactobacillus casei<\/em>) in spezifischer und gezielter Synergie, um Silageverluste zu reduzieren und die Ertr\u00e4ge der Methanbildung zu verbessern. Biosilgas erlaubt es, den nutzbaren Energiewert der Silage-Biomasse zu erhalten sowie die Produktion von n\u00fctzlichen Substraten f\u00fcr die Methanobacteria der Bioreaktoren durch Milchs\u00e4urefermentation statt durch eine Fermentation ohne Milchs\u00e4urebakterien, die auch sch\u00e4digend wirkt (NON-LAB), zu steigern.<\/p>\n<\/div>                            <div class=\"list\">\n                                                <div class=\"item\">\n                                    <a href=\"https:\/\/saccosystem.com\/wp-content\/uploads\/2024\/12\/biosilgas_en.pdf\" target=\"_blank\">\n                                        <span class=\"title\">\n                                            <span class=\"icon\">\n                                            <svg width=\"32\" height=\"32\" viewBox=\"0 0 32 32\" fill=\"none\" xmlns=\"http:\/\/www.w3.org\/2000\/svg\"><mask id=\"mask0_1261_3218\" style=\"mask-type:alpha\" maskUnits=\"userSpaceOnUse\" x=\"0\" y=\"0\" width=\"32\" height=\"32\"><rect width=\"32\" height=\"32\" fill=\"#D9D9D9\"><\/rect><\/mask><g mask=\"url(#mask0_1261_3218)\"><path d=\"M10.923 14.9232H18.923V8.2565H10.923V14.9232ZM26 26.2565C26 26.9301 25.7667 27.5002 25.3 27.9668C24.8333 28.4335 24.2632 28.6668 23.5897 28.6668H8.41033C7.73678 28.6668 7.16667 28.4335 6.7 27.9668C6.23333 27.5002 6 26.9301 6 26.2565V5.74383C6 5.07027 6.23333 4.50016 6.7 4.0335C7.16667 3.56683 7.73678 3.3335 8.41033 3.3335H23.5897C24.2632 3.3335 24.8333 3.56683 25.3 4.0335C25.7667 4.50016 26 5.07027 26 5.74383V26.2565ZM24 26.2565V5.74383C24 5.64116 23.9572 5.54716 23.8717 5.46183C23.7863 5.37627 23.6923 5.3335 23.5897 5.3335H8.41033C8.30767 5.3335 8.21367 5.37627 8.12833 5.46183C8.04278 5.54716 8 5.64116 8 5.74383V26.2565C8 26.3592 8.04278 26.4532 8.12833 26.5385C8.21367 26.6241 8.30767 26.6668 8.41033 26.6668H23.5897C23.6923 26.6668 23.7863 26.6241 23.8717 26.5385C23.9572 26.4532 24 26.3592 24 26.2565Z\" fill=\"#FAFAFC\"><\/path><\/g><\/svg>                                            <\/span>\n                                            <span class=\"text\">\n                                                                                                <span class=\"description\">\n                                                    Biosilgas                                                <\/span>\n                                            <\/span>\n                                        <\/span>\n                                        <span class=\"action\">\n                                                                                        <span class=\"icon\">\n                                                <svg width=\"24\" height=\"24\" viewBox=\"0 0 24 24\" fill=\"none\" xmlns=\"http:\/\/www.w3.org\/2000\/svg\">\n                                                    <mask id=\"mask0_1261_3199\" style=\"mask-type:alpha\" maskUnits=\"userSpaceOnUse\" x=\"0\" y=\"0\" width=\"24\" height=\"24\">\n                                                        <rect width=\"24\" height=\"24\" fill=\"#D9D9D9\"><\/rect>\n                                                    <\/mask>\n                                                    <g mask=\"url(#mask0_1261_3199)\">\n                                                        <path d=\"M12 15.7885L7.73075 11.5192L8.78475 10.4348L11.25 12.9V4.5H12.75V12.9L15.2153 10.4348L16.2693 11.5192L12 15.7885ZM6.30775 19.5C5.80258 19.5 5.375 19.325 5.025 18.975C4.675 18.625 4.5 18.1974 4.5 17.6923V14.9808H6V17.6923C6 17.7692 6.03208 17.8398 6.09625 17.9038C6.16025 17.9679 6.23075 18 6.30775 18H17.6923C17.7692 18 17.8398 17.9679 17.9038 17.9038C17.9679 17.8398 18 17.7692 18 17.6923V14.9808H19.5V17.6923C19.5 18.1974 19.325 18.625 18.975 18.975C18.625 19.325 18.1974 19.5 17.6923 19.5H6.30775Z\" fill=\"#FAFAFC\"><\/path>\n                                                    <\/g>\n                                                <\/svg>\n                                            <\/span>\n                                            Download                                                                                    <\/span>\n                                    <\/a>\n                                <\/div>\n                                            <\/div>\n                                    <\/div>\n                            <\/div>\n                    <\/div>\n        <\/div>\n    <\/div>\n<\/div>\n\n<div class=\"applications applications-agro-vet-ingredients block\">\n    <div class=\"container\">\n        <div class=\"row\">\n            <h2>\n                Andere Anwendungen f\u00fcr den Agrar- und Veterin\u00e4rsektor            <\/h2>\n        <\/div>\n    <\/div>\n            <div class=\"animating-background\">\n            <div class=\"changing-backgrounds\">\n                <div>\n                                        <div class=\"background background-1\" style=\"background: linear-gradient(90deg, rgba(0,0,0,0.20), rgba(0,0,0,0.20)), url() no-repeat center center; background-size: cover;\"><\/div>\n                                        <div class=\"background background-2\" style=\"background: linear-gradient(90deg, rgba(0,0,0,0.20), rgba(0,0,0,0.20)), url() no-repeat center center; background-size: cover;\"><\/div>\n                                        <div class=\"background background-3\" style=\"background: linear-gradient(90deg, rgba(0,0,0,0.20), rgba(0,0,0,0.20)), url() no-repeat center center; background-size: cover;\"><\/div>\n                                    <\/div>\n                <div class=\"container\">\n                    <div class=\"row\">\n                        <div class=\"col\">\n                            <ul>\n                                                                <li>\n                                    <a href=\"https:\/\/saccosystem.com\/de\/active-ingredients\/probiotische-milchsaurebakterien-fur-hunde-und-katzen\/\">\n                                        Probiotische f\u00fcr hunde und katzen                                    <\/a>\n                                <\/li>\n                                                            <li>\n                                    <a href=\"https:\/\/saccosystem.com\/de\/active-ingredients\/probiotika-fuer-pflanzen-und-landwirtschaft\/\">\n                                        Pflanzen und Landwirtschaft                                    <\/a>\n                                <\/li>\n                                                            <li>\n                                    <a href=\"https:\/\/saccosystem.com\/de\/active-ingredients\/probiotika-fuer-gefluegel-broiler-und-legehennen\/\">\n                                        Gefl\u00fcgel                                    <\/a>\n                                <\/li>\n                                                        <\/ul>\n                        <\/div>\n                    <\/div>\n                <\/div>\n            <\/div>\n            <\/div>\n<\/div>","protected":false},"excerpt":{"rendered":"","protected":false},"author":1,"featured_media":0,"parent":4734,"menu_order":1,"comment_status":"closed","ping_status":"closed","template":"","meta":{"_acf_changed":false,"footnotes":""},"class_list":["post-4890","page","type-page","status-publish","hentry"],"acf":[],"_links":{"self":[{"href":"https:\/\/saccosystem.com\/de\/wp-json\/wp\/v2\/pages\/4890","targetHints":{"allow":["GET"]}}],"collection":[{"href":"https:\/\/saccosystem.com\/de\/wp-json\/wp\/v2\/pages"}],"about":[{"href":"https:\/\/saccosystem.com\/de\/wp-json\/wp\/v2\/types\/page"}],"author":[{"embeddable":true,"href":"https:\/\/saccosystem.com\/de\/wp-json\/wp\/v2\/users\/1"}],"replies":[{"embeddable":true,"href":"https:\/\/saccosystem.com\/de\/wp-json\/wp\/v2\/comments?post=4890"}],"version-history":[{"count":0,"href":"https:\/\/saccosystem.com\/de\/wp-json\/wp\/v2\/pages\/4890\/revisions"}],"up":[{"embeddable":true,"href":"https:\/\/saccosystem.com\/de\/wp-json\/wp\/v2\/pages\/4734"}],"wp:attachment":[{"href":"https:\/\/saccosystem.com\/de\/wp-json\/wp\/v2\/media?parent=4890"}],"curies":[{"name":"wp","href":"https:\/\/api.w.org\/{rel}","templated":true}]}}