{"id":4811,"date":"2024-11-19T13:51:24","date_gmt":"2024-11-19T12:51:24","guid":{"rendered":"https:\/\/saccosystem.com\/?page_id=4811"},"modified":"2026-02-02T17:20:44","modified_gmt":"2026-02-02T16:20:44","slug":"kaese","status":"publish","type":"page","link":"https:\/\/saccosystem.com\/de\/food\/kaese\/","title":{"rendered":"K\u00e4se"},"content":{"rendered":"\n<div class=\"title-style-2 gradient-food\">\n            <div class=\"breadcrumbs style-2\">\n                <div class=\"container\">\n                    <div class=\"row\">\n                <div class=\"col\">\n                    <div class=\"pages\">\n                <span class=\"page parent\"><a href=\"https:\/\/saccosystem.com\/de\/food\/\">Food<\/a><span class=\"separator\">&gt;<\/span><\/span><span class=\"page current\">K\u00e4se<\/span>                    <\/div>\n                <\/div>\n            <\/div>\n                <\/div>\n            <\/div>\n    <div class=\"container\">\n        <div class=\"row\">\n            <div class=\"col\">\n                <h1>\n                    K\u00e4se\n                <\/h1>\n            <\/div>\n        <\/div>\n    <\/div>\n<\/div>\n\n\n<div class=\"text-section\">\n    <div class=\"container\">\n            <div class=\"row\">\n            <div class=\"col-md-7 offset-md-1\">\n                <div class=\"intro-text\">\n                    <p>Sacco System stellt\u00a0Zutaten f\u00fcr die Produktion von Weichk\u00e4se, Halbhartk\u00e4se, Hartk\u00e4se und Pasta-Filata-K\u00e4se her: ein breites Sortiment an\u00a0Milchs\u00e4urebakterien und Probiotika\u00a0mit verschiedenen Funktionen,\u00a0Lab\u00a0und Produkte f\u00fcr die Milchgerinnung,\u00a0Sekund\u00e4rkulturen, Schimmelpilze, Hefen, N\u00e4hrmedien, funktionelle Proteine\u00a0uvm.<\/p>\n                <\/div>\n            <\/div>\n        <\/div>\n            <div class=\"row\">\n            <div class=\"col-md-5 offset-md-1\">\n                <p>Die\u00a0<strong>Kulturen<\/strong>\u00a0und L\u00f6sungen von Sacco System haben das Ziel,\u00a0<strong>hochwertige K\u00e4se<\/strong>\u00a0zu garantieren, denn sie f\u00f6rdern eine\u00a0<strong>zuverl\u00e4ssige, konstante Produktion<\/strong>, einen einfachen Prozess und die perfekte Konservierung des Produkts f\u00fcr die gesamte Haltbarkeitsdauer.<\/p>\n            <\/div>\n            <div class=\"col-md-5\">\n                <div class=\" push-down-20\">\n<div class=\" push-down-20\">\n<p>W\u00e4hlen Sie eine Kategorie von K\u00e4se hier unten, um alle\u00a0<strong>verf\u00fcgbaren Zutaten von Sacco System<\/strong>\u00a0zu sehen!<\/p>\n<\/div>\n<\/div>\n            <\/div>\n        <\/div>\n    <\/div>\n<\/div>\n\n<div class=\"applications applications-discover block\">\n    <div class=\"header\">        <div class=\"container\">\n            <div class=\"row\">\n                <div class=\"col-md-4\">\n                    <h3>                        Entdecken Sie die Zutaten f\u00fcr spezifische Anwendungen.                    <\/h3>                <\/div>\n                <div class=\"col-md-8 text-end\">\n                <a href=\"https:\/\/saccosystem.com\/de\/food\/zutaten\/\" class=\"button large\">Entdecken Sie die Zutaten<\/a>                <\/div>\n            <\/div>\n        <\/div>\n    <\/div>                    <div class=\"animating-background\">\n            <div class=\"changing-backgrounds\">\n                <div>\n                                                    <div class=\"background background-1\" style=\"background: linear-gradient(90deg, rgba(0,0,0,0.20), rgba(0,0,0,0.20)), url(https:\/\/saccosystem.com\/wp-content\/uploads\/2024\/11\/203-952315666-Semiduri.jpg) no-repeat center center; background-size: cover;\"><\/div>\n                                                                        <div class=\"background background-2\" style=\"background: linear-gradient(90deg, rgba(0,0,0,0.20), rgba(0,0,0,0.20)), url(https:\/\/saccosystem.com\/wp-content\/uploads\/2024\/11\/205-1272704553-SoftCheese.jpg) no-repeat center center; background-size: cover;\"><\/div>\n                                                                        <div class=\"background background-3\" style=\"background: linear-gradient(90deg, rgba(0,0,0,0.20), rgba(0,0,0,0.20)), url(https:\/\/saccosystem.com\/wp-content\/uploads\/2024\/11\/204-76706210-Pastafilata.jpg) no-repeat center center; background-size: cover;\"><\/div>\n                                                                        <div class=\"background background-4\" style=\"background: linear-gradient(90deg, rgba(0,0,0,0.20), rgba(0,0,0,0.20)), url(https:\/\/saccosystem.com\/wp-content\/uploads\/2024\/11\/206-226719188-DOP.jpg) no-repeat center center; background-size: cover;\"><\/div>\n                                                                        <div class=\"background background-5\" style=\"background: linear-gradient(90deg, rgba(0,0,0,0.20), rgba(0,0,0,0.20)), url(https:\/\/saccosystem.com\/wp-content\/uploads\/2024\/11\/249-914004757-PastaDura.jpg) no-repeat center center; background-size: cover;\"><\/div>\n                                                                        <div class=\"background background-6\" style=\"background: linear-gradient(90deg, rgba(0,0,0,0.20), rgba(0,0,0,0.20)), url(https:\/\/saccosystem.com\/wp-content\/uploads\/2024\/11\/250-1145295951-Erborinati.jpg) no-repeat center center; background-size: cover;\"><\/div>\n                                                                        <div class=\"background background-7\" style=\"background: linear-gradient(90deg, rgba(0,0,0,0.20), rgba(0,0,0,0.20)), url(https:\/\/saccosystem.com\/wp-content\/uploads\/2024\/11\/202-1194154074-Molli.jpg) no-repeat center center; background-size: cover;\"><\/div>\n                                                    <\/div>\n                        <div class=\"container\">\n                    <div class=\"row\">\n                        <div class=\"col\">\n                            <ul>                                                                                        <li data-bkg=\"https:\/\/saccosystem.com\/wp-content\/uploads\/2024\/11\/203-952315666-Semiduri.jpg\" data-item=background-1>\n                                    <a href=\"https:\/\/saccosystem.com\/de\/food\/zutaten\/?application-filter=halbhartkase\">\n                                        Halbharte k\u00e4se                                    <\/a>\n                                <\/li>\n                                                                                                                    <li data-bkg=\"https:\/\/saccosystem.com\/wp-content\/uploads\/2024\/11\/205-1272704553-SoftCheese.jpg\" data-item=background-2>\n                                    <a href=\"https:\/\/saccosystem.com\/de\/food\/zutaten\/?application-filter=white-cheese-de\">\n                                        White cheese                                    <\/a>\n                                <\/li>\n                                                                                                                    <li data-bkg=\"https:\/\/saccosystem.com\/wp-content\/uploads\/2024\/11\/204-76706210-Pastafilata.jpg\" data-item=background-3>\n                                    <a href=\"https:\/\/saccosystem.com\/de\/food\/zutaten\/?application-filter=pasta-filata-kasesorten\">\n                                        Pasta Filata K\u00e4sesorten                                    <\/a>\n                                <\/li>\n                                                                                                                    <li data-bkg=\"https:\/\/saccosystem.com\/wp-content\/uploads\/2024\/11\/206-226719188-DOP.jpg\" data-item=background-4>\n                                    <a href=\"https:\/\/saccosystem.com\/de\/food\/zutaten\/?application-filter=g-u-kase\">\n                                        g.U.-K\u00e4se                                    <\/a>\n                                <\/li>\n                                                                                                                    <li data-bkg=\"https:\/\/saccosystem.com\/wp-content\/uploads\/2024\/11\/249-914004757-PastaDura.jpg\" data-item=background-5>\n                                    <a href=\"https:\/\/saccosystem.com\/de\/food\/zutaten\/?application-filter=hartkase\">\n                                        Hartk\u00e4se                                    <\/a>\n                                <\/li>\n                                                                                                                    <li data-bkg=\"https:\/\/saccosystem.com\/wp-content\/uploads\/2024\/11\/250-1145295951-Erborinati.jpg\" data-item=background-6>\n                                    <a href=\"https:\/\/saccosystem.com\/de\/food\/zutaten\/?application-filter=krauterkase\">\n                                        Kr\u00e4uterk\u00e4se                                    <\/a>\n                                <\/li>\n                                                                                                                    <li data-bkg=\"https:\/\/saccosystem.com\/wp-content\/uploads\/2024\/11\/202-1194154074-Molli.jpg\" data-item=background-7>\n                                    <a href=\"https:\/\/saccosystem.com\/de\/food\/zutaten\/?application-filter=weichkase\">\n                                        Weichk\u00e4se                                    <\/a>\n                                <\/li>\n                                                                                    <\/ul>                                                    <\/div>\n                    <\/div>\n                <\/div>\n                    <\/div>\n        <\/div>\n            <\/div>\n\n\n<p><\/p>\n","protected":false},"excerpt":{"rendered":"","protected":false},"author":1,"featured_media":0,"parent":4701,"menu_order":0,"comment_status":"closed","ping_status":"closed","template":"","meta":{"_acf_changed":false,"footnotes":""},"class_list":["post-4811","page","type-page","status-publish","hentry"],"acf":[],"_links":{"self":[{"href":"https:\/\/saccosystem.com\/de\/wp-json\/wp\/v2\/pages\/4811","targetHints":{"allow":["GET"]}}],"collection":[{"href":"https:\/\/saccosystem.com\/de\/wp-json\/wp\/v2\/pages"}],"about":[{"href":"https:\/\/saccosystem.com\/de\/wp-json\/wp\/v2\/types\/page"}],"author":[{"embeddable":true,"href":"https:\/\/saccosystem.com\/de\/wp-json\/wp\/v2\/users\/1"}],"replies":[{"embeddable":true,"href":"https:\/\/saccosystem.com\/de\/wp-json\/wp\/v2\/comments?post=4811"}],"version-history":[{"count":1,"href":"https:\/\/saccosystem.com\/de\/wp-json\/wp\/v2\/pages\/4811\/revisions"}],"predecessor-version":[{"id":24115,"href":"https:\/\/saccosystem.com\/de\/wp-json\/wp\/v2\/pages\/4811\/revisions\/24115"}],"up":[{"embeddable":true,"href":"https:\/\/saccosystem.com\/de\/wp-json\/wp\/v2\/pages\/4701"}],"wp:attachment":[{"href":"https:\/\/saccosystem.com\/de\/wp-json\/wp\/v2\/media?parent=4811"}],"curies":[{"name":"wp","href":"https:\/\/api.w.org\/{rel}","templated":true}]}}