{"id":4781,"date":"2024-11-19T13:52:22","date_gmt":"2024-11-19T12:52:22","guid":{"rendered":"https:\/\/saccosystem.com\/?page_id=4781"},"modified":"2026-02-02T17:19:12","modified_gmt":"2026-02-02T16:19:12","slug":"pflanzenbasierte-fermentierte-produkte","status":"publish","type":"page","link":"https:\/\/saccosystem.com\/de\/food\/pflanzenbasierte-fermentierte-produkte\/","title":{"rendered":"Pflanzenbasierte fermentierte Produkte"},"content":{"rendered":"\n<div class=\"title-style-2 gradient-food\">\n            <div class=\"breadcrumbs style-2\">\n                <div class=\"container\">\n                    <div class=\"row\">\n                <div class=\"col\">\n                    <div class=\"pages\">\n                <span class=\"page parent\"><a href=\"https:\/\/saccosystem.com\/de\/food\/\">Food<\/a><span class=\"separator\">&gt;<\/span><\/span><span class=\"page current\">Pflanzenbasierte fermentierte Produkte<\/span>                    <\/div>\n                <\/div>\n            <\/div>\n                <\/div>\n            <\/div>\n    <div class=\"container\">\n        <div class=\"row\">\n            <div class=\"col\">\n                <h1>\n                    Pflanzenbasierte fermentierte Produkte\n                <\/h1>\n            <\/div>\n        <\/div>\n    <\/div>\n<\/div>\n\n\n<div class=\"text-section\">\n    <div class=\"container\">\n            <div class=\"row\">\n            <div class=\"col-md-7 offset-md-1\">\n                <div class=\"intro-text\">\n                    <p>Die Nachfrage nach <strong>laktosefreien und pflanzenbasierten Lebensmitteln und Getr\u00e4nken<\/strong> steigt kontinuierlich, ebenso wie die Nachfrage nach Alternativen zu herk\u00f6mmlicher Milch oder Joghurt tierischen Ursprungs.<\/p>\n                <\/div>\n            <\/div>\n        <\/div>\n            <div class=\"row\">\n            <div class=\"col-md-5 offset-md-1\">\n                <p>Sacco System bietet eine Vielzahl von <strong>Zutaten f\u00fcr die Entwicklung pflanzenbasierter fermentierter Produkte und Getr\u00e4nke<\/strong> aus Soja, Lupine, Kichererbsen, Erbsen, Ackerbohnen, Kokosnuss, Reis, Hafer, Mandeln und Cashewkernen an. Insbesondere die <strong>VChoice-Kulturenreihe<\/strong> gew\u00e4hrleistet eine kontrollierte und einheitliche Produktion pflanzenbasierter fermentierter Produkte aller Art (Ganzgerinnsel, m\u00e4\u00dfig strukturiertes gebrochenes Gerinnsel und trinkfertige Produkte) und ist in gefriergetrockneter Form erh\u00e4ltlich.<\/p>\n            <\/div>\n            <div class=\"col-md-5\">\n                <div class=\" push-down-20\">\n<p>Die Zutaten von Sacco System sind darauf ausgelegt, <strong>hochwertige, allergenfreie pflanzenbasierte Produkte<\/strong> zu liefern, eine stabile und konstante Produktion zu erm\u00f6glichen, einfache Arbeitsabl\u00e4ufe zu f\u00f6rdern und eine optimale Produktkonservierung sicherzustellen, w\u00e4hrend ein einzigartiger Geschmack und ein besonderes Aroma verliehen werden.<\/p>\n<\/div>\n            <\/div>\n        <\/div>\n    <\/div>\n<\/div>\n\n<div class=\"applications applications-discover block\">\n    <div class=\"header\">        <div class=\"container\">\n            <div class=\"row\">\n                <div class=\"col-md-4\">\n                    <h3>                        Entdecken Sie die Zutaten f\u00fcr spezifische Anwendungen.                    <\/h3>                <\/div>\n                <div class=\"col-md-8 text-end\">\n                <a href=\"https:\/\/saccosystem.com\/de\/food\/zutaten\/\" class=\"button large\">Entdecken Sie die Zutaten<\/a>                <\/div>\n            <\/div>\n        <\/div>\n    <\/div>                            <div class=\"container\">\n                    <div class=\"row\">\n                        <div class=\"col\">\n                            <div class=\"items\">                                                                                        <div class=\"item\">\n                                    <div class=\"name\">\n                                        <a href=\"https:\/\/saccosystem.com\/de\/food\/zutaten\/?application-filter=fermente-pflanzlichen-ursprungs\">\n                                            Produkte pflanzlichen ursprungs                                        <\/a>\n                                    <\/div>\n                                    <div class=\"description\">\n                                        <p>Zutaten und L\u00f6sungen f\u00fcr Fermente pflanzlichen Ursprungs<\/p>\n                                    <\/div>\n                                <\/div>\n                                                                                    <\/div>                            <div>                        <\/div>\n                    <\/div>\n                <\/div>\n            <\/div>\n\n\n<p><\/p>\n","protected":false},"excerpt":{"rendered":"","protected":false},"author":1,"featured_media":0,"parent":4701,"menu_order":0,"comment_status":"closed","ping_status":"closed","template":"","meta":{"_acf_changed":false,"footnotes":""},"class_list":["post-4781","page","type-page","status-publish","hentry"],"acf":[],"_links":{"self":[{"href":"https:\/\/saccosystem.com\/de\/wp-json\/wp\/v2\/pages\/4781","targetHints":{"allow":["GET"]}}],"collection":[{"href":"https:\/\/saccosystem.com\/de\/wp-json\/wp\/v2\/pages"}],"about":[{"href":"https:\/\/saccosystem.com\/de\/wp-json\/wp\/v2\/types\/page"}],"author":[{"embeddable":true,"href":"https:\/\/saccosystem.com\/de\/wp-json\/wp\/v2\/users\/1"}],"replies":[{"embeddable":true,"href":"https:\/\/saccosystem.com\/de\/wp-json\/wp\/v2\/comments?post=4781"}],"version-history":[{"count":1,"href":"https:\/\/saccosystem.com\/de\/wp-json\/wp\/v2\/pages\/4781\/revisions"}],"predecessor-version":[{"id":24104,"href":"https:\/\/saccosystem.com\/de\/wp-json\/wp\/v2\/pages\/4781\/revisions\/24104"}],"up":[{"embeddable":true,"href":"https:\/\/saccosystem.com\/de\/wp-json\/wp\/v2\/pages\/4701"}],"wp:attachment":[{"href":"https:\/\/saccosystem.com\/de\/wp-json\/wp\/v2\/media?parent=4781"}],"curies":[{"name":"wp","href":"https:\/\/api.w.org\/{rel}","templated":true}]}}