{"id":4772,"date":"2024-11-19T13:52:53","date_gmt":"2024-11-19T12:52:53","guid":{"rendered":"https:\/\/saccosystem.com\/?page_id=4772"},"modified":"2026-02-02T17:18:18","modified_gmt":"2026-02-02T16:18:18","slug":"fermentierte-pflanzliche-produkte","status":"publish","type":"page","link":"https:\/\/saccosystem.com\/de\/food\/fermentierte-pflanzliche-produkte\/","title":{"rendered":"Fermentierte pflanzliche produkte"},"content":{"rendered":"\n<div class=\"title-style-2 gradient-food\">\n            <div class=\"breadcrumbs style-2\">\n                <div class=\"container\">\n                    <div class=\"row\">\n                <div class=\"col\">\n                    <div class=\"pages\">\n                <span class=\"page parent\"><a href=\"https:\/\/saccosystem.com\/de\/food\/\">Food<\/a><span class=\"separator\">&gt;<\/span><\/span><span class=\"page current\">Fermentierte pflanzliche produkte<\/span>                    <\/div>\n                <\/div>\n            <\/div>\n                <\/div>\n            <\/div>\n    <div class=\"container\">\n        <div class=\"row\">\n            <div class=\"col\">\n                <h1>\n                    Fermentierte pflanzliche produkte\n                <\/h1>\n            <\/div>\n        <\/div>\n    <\/div>\n<\/div>\n\n\n<div class=\"text-section\">\n    <div class=\"container\">\n            <div class=\"row\">\n            <div class=\"col-md-7 offset-md-1\">\n                <div class=\"intro-text\">\n                    <div class=\" push-down-20\">\n<div class=\" push-down-20\">\n<p><strong>Sacco System<\/strong>\u00a0verf\u00fcgt \u00fcber verschiedene\u00a0<strong>Kulturen f\u00fcr die Fermentierung von Gem\u00fcse<\/strong>, vor allem f\u00fcr<strong>\u00a0Kimchi, Oliven, Sauerkraut und Gurken.\u00a0<\/strong>Einige dieser Kulturen s\u00e4uern das Produkt nicht nur, sondern tragen auch zu einer\u00a0<strong>gr\u00f6\u00dferen Lebensmittelsicherheit<\/strong>\u00a0bei, da sie das Wachstum von krankheitserregenden Bakterien wie\u00a0<em>Listeria monocytogenes<\/em>\u00a0verhindern.<\/p>\n<\/div>\n<\/div>\n                <\/div>\n            <\/div>\n        <\/div>\n            <div class=\"row\">\n            <div class=\"col-md-5 offset-md-1\">\n                <p><strong>Fermentieren<\/strong>\u00a0oder\u00a0<strong>Verg\u00e4ren<\/strong>\u00a0ist ein antikes Verfahren, um die Aufbewahrung von verderblichen Lebensmitteln zu garantieren, darunter auch\u00a0<strong>Gem\u00fcse<\/strong>. Diese Methode wird auch in industriellem Ma\u00dfstab genutzt, um z.B. Karotten, Essiggurken, Oliven und Sauerkraut einzulegen.<\/p>\n            <\/div>\n            <div class=\"col-md-5\">\n                <div class=\" push-down-20\">\n<p>Zum technologischen Verfahren f\u00fcr die\u00a0<strong>Verg\u00e4rung von pflanzlichen Produkten<\/strong>\u00a0geh\u00f6rt das Trockensalzen oder Nasssalzen in Salzlake. Um unerw\u00fcnschte Flora und den Produktionsprozess zu kontrollieren, k\u00f6nnen\u00a0<strong>Starterkulturen<\/strong>\u00a0verwendet werden, die das Verg\u00e4ren beschleunigen (sofern von Anfang an eine hohe Zahl an unsch\u00e4dlichen Bakterien vorhanden ist) und die Entwicklung von unerw\u00fcnschter Flora im Produkt verhindern.<\/p>\n<\/div>\n            <\/div>\n        <\/div>\n    <\/div>\n<\/div>\n\n<div class=\"applications applications-discover block\">\n    <div class=\"header\">        <div class=\"container\">\n            <div class=\"row\">\n                <div class=\"col-md-4\">\n                    <h3>                        Entdecken Sie die Zutaten f\u00fcr spezifische Anwendungen.                    <\/h3>                <\/div>\n                <div class=\"col-md-8 text-end\">\n                <a href=\"https:\/\/saccosystem.com\/de\/food\/zutaten\/\" class=\"button large\">Entdecken Sie die Zutaten <\/a>                <\/div>\n            <\/div>\n        <\/div>\n    <\/div>                            <div class=\"container\">\n                    <div class=\"row\">\n                        <div class=\"col\">\n                            <div class=\"items\">                                                                                        <div class=\"item\">\n                                    <div class=\"name\">\n                                        <a href=\"https:\/\/saccosystem.com\/de\/food\/zutaten\/?application-filter=vegetali-fermentati-de-2\">\n                                            Fermentierte pflanzliche produkte                                        <\/a>\n                                    <\/div>\n                                    <div class=\"description\">\n                                        <p>Zutaten und L\u00f6sungen f\u00fcr fermentiertes Gem\u00fcse<\/p>\n                                    <\/div>\n                                <\/div>\n                                                                                    <\/div>                            <div>                        <\/div>\n                    <\/div>\n                <\/div>\n            <\/div>\n\n\n<p><\/p>\n","protected":false},"excerpt":{"rendered":"","protected":false},"author":1,"featured_media":0,"parent":4701,"menu_order":0,"comment_status":"closed","ping_status":"closed","template":"","meta":{"_acf_changed":false,"footnotes":""},"class_list":["post-4772","page","type-page","status-publish","hentry"],"acf":[],"_links":{"self":[{"href":"https:\/\/saccosystem.com\/de\/wp-json\/wp\/v2\/pages\/4772","targetHints":{"allow":["GET"]}}],"collection":[{"href":"https:\/\/saccosystem.com\/de\/wp-json\/wp\/v2\/pages"}],"about":[{"href":"https:\/\/saccosystem.com\/de\/wp-json\/wp\/v2\/types\/page"}],"author":[{"embeddable":true,"href":"https:\/\/saccosystem.com\/de\/wp-json\/wp\/v2\/users\/1"}],"replies":[{"embeddable":true,"href":"https:\/\/saccosystem.com\/de\/wp-json\/wp\/v2\/comments?post=4772"}],"version-history":[{"count":1,"href":"https:\/\/saccosystem.com\/de\/wp-json\/wp\/v2\/pages\/4772\/revisions"}],"predecessor-version":[{"id":24098,"href":"https:\/\/saccosystem.com\/de\/wp-json\/wp\/v2\/pages\/4772\/revisions\/24098"}],"up":[{"embeddable":true,"href":"https:\/\/saccosystem.com\/de\/wp-json\/wp\/v2\/pages\/4701"}],"wp:attachment":[{"href":"https:\/\/saccosystem.com\/de\/wp-json\/wp\/v2\/media?parent=4772"}],"curies":[{"name":"wp","href":"https:\/\/api.w.org\/{rel}","templated":true}]}}