{"id":4734,"date":"2024-11-10T23:02:26","date_gmt":"2024-11-10T22:02:26","guid":{"rendered":"https:\/\/saccosystem.com\/?page_id=4734"},"modified":"2026-03-17T16:47:26","modified_gmt":"2026-03-17T15:47:26","slug":"active-ingredients","status":"publish","type":"page","link":"https:\/\/saccosystem.com\/de\/active-ingredients\/","title":{"rendered":"Active Ingredients"},"content":{"rendered":"\n<div class=\"title-style-2 gradient-microbiome\">\n            <div class=\"breadcrumbs style-2\">\n                <div class=\"container\">\n                    <div class=\"row\">\n                <div class=\"col\">\n                    <div class=\"pages\">\n                <span class=\"page parent\"><a href=\"https:\/\/saccosystem.com\/de\/microbiome\/\">Microbiome<\/a><span class=\"separator\">&gt;<\/span><\/span><span class=\"page current\">Active Ingredients<\/span>                    <\/div>\n                <\/div>\n            <\/div>\n                <\/div>\n            <\/div>\n    <div class=\"container\">\n        <div class=\"row\">\n            <div class=\"col\">\n                <h1>\n                    Active Ingredients                <\/h1>\n            <\/div>\n        <\/div>\n    <\/div>\n<\/div>\n\n\n<div class=\"text-section\">\n    <div class=\"container\">\n            <div class=\"row\">\n            <div class=\"col-md-7 offset-md-1\">\n                <div class=\"intro-text\">\n                    <p>Culture Science<\/p>\n                <\/div>\n            <\/div>\n        <\/div>\n            <div class=\"row\">\n            <div class=\"col-md-5 offset-md-1\">\n                <p><strong>Probiotika\u00a0<\/strong>(aus dem griechischen Wort\u00a0<em>\u201epro-bios\u201c<\/em>, was so viel wie \u201ef\u00fcr das Leben\u201c bedeutet) sind Mikroorganismen (h\u00e4ufig Bakterien), die auch\u00a0<strong>\u201elebende Milchs\u00e4urebakterien\u201c<\/strong>\u00a0genannt werden. Die Ern\u00e4hrungs- und Landwirtschaftsorganisation der Vereinten Nationen, FAO, und die Weltgesundheitsorganisation, WHO, definieren diesen Begriff wie folgt: \u201eProbiotika sind lebende Mikroorganismen, die, wenn sie in ausreichender Menge verabreicht werden,\u00a0<strong>einen gesundheitlichen Nutzen f\u00fcr den Wirt haben<\/strong>\u201d.<\/p>\n            <\/div>\n            <div class=\"col-md-5\">\n                <p>Probiotika wirken vorwiegend im Darm,\u00a0<strong>ihr positiver Effekt kommt jedoch dem gesamten Organismus zugute<\/strong>. Sie entfalten ihre Wirkung insbesondere dort, wo eine\u00a0<strong>h\u00f6here Bakterienlast<\/strong>\u00a0zu finden ist\u00a0\u2013 nicht nur im\u00a0<strong>Darm<\/strong>, sondern auch in der\u00a0<strong>Mundh\u00f6hle<\/strong>, auf der\u00a0<strong>Haut<\/strong>\u00a0und im\u00a0<strong>Vaginalbereich<\/strong>.<\/p>\n            <\/div>\n        <\/div>\n    <\/div>\n<\/div>\n\n<div class=\"applications applications-active-ingredients block\">\n    <div class=\"container\">\n        <div class=\"row\">\n            <h2>\n                Anwendungen f\u00fcr das menschliche Wohlbefinden            <\/h2>\n        <\/div>\n    <\/div>\n            <div class=\"animating-background\">\n            <div class=\"changing-backgrounds\">\n                <div>\n                                    <div class=\"background background-1\" style=\"background: linear-gradient(90deg, rgba(0,0,0,0.20), rgba(0,0,0,0.20)), url(https:\/\/saccosystem.com\/wp-content\/uploads\/2024\/11\/128-1260526098-_0005_SaluteIntestinale.jpg) no-repeat center center; background-size: cover;\"><\/div>\n                                    <div class=\"background background-2\" style=\"background: linear-gradient(90deg, rgba(0,0,0,0.20), rgba(0,0,0,0.20)), url(https:\/\/saccosystem.com\/wp-content\/uploads\/2024\/11\/132-514390599-_0006_Immunehealth.jpg) no-repeat center center; background-size: cover;\"><\/div>\n                                    <div class=\"background background-3\" style=\"background: linear-gradient(90deg, rgba(0,0,0,0.20), rgba(0,0,0,0.20)), url(https:\/\/saccosystem.com\/wp-content\/uploads\/2024\/11\/130-498315294-_0000_Salutedellapelle.jpg) no-repeat center center; background-size: cover;\"><\/div>\n                                    <div class=\"background background-4\" style=\"background: linear-gradient(90deg, rgba(0,0,0,0.20), rgba(0,0,0,0.20)), url(https:\/\/saccosystem.com\/wp-content\/uploads\/2024\/11\/131-234178026-_0001_Salutedelledonne.jpg) no-repeat center center; background-size: cover;\"><\/div>\n                                    <div class=\"background background-5\" style=\"background: linear-gradient(90deg, rgba(0,0,0,0.20), rgba(0,0,0,0.20)), url(https:\/\/saccosystem.com\/wp-content\/uploads\/2024\/11\/136-1184766885-_0004_BambiniNeonati.jpg) no-repeat center center; background-size: cover;\"><\/div>\n                                    <div class=\"background background-6\" style=\"background: linear-gradient(90deg, rgba(0,0,0,0.20), rgba(0,0,0,0.20)), url(https:\/\/saccosystem.com\/wp-content\/uploads\/2024\/11\/135-194652234-_0009_Allergies.jpg) no-repeat center center; background-size: cover;\"><\/div>\n                                    <div class=\"background background-7\" style=\"background: linear-gradient(90deg, rgba(0,0,0,0.20), rgba(0,0,0,0.20)), url(https:\/\/saccosystem.com\/wp-content\/uploads\/2024\/11\/129-20199651-_0008_Salutedelcavoorale.jpg) no-repeat center center; background-size: cover;\"><\/div>\n                                    <div class=\"background background-8\" style=\"background: linear-gradient(90deg, rgba(0,0,0,0.20), rgba(0,0,0,0.20)), url(https:\/\/saccosystem.com\/wp-content\/uploads\/2024\/11\/134-1281545275-_0003_Sport.jpg) no-repeat center center; background-size: cover;\"><\/div>\n                                <\/div>\n                <div class=\"container\">\n                    <div class=\"row\">\n                        <div class=\"col\">\n                            <ul>\n                                                            <li data-item=\"background-1\" data-bkg=\"https:\/\/saccosystem.com\/wp-content\/uploads\/2024\/11\/128-1260526098-_0005_SaluteIntestinale.jpg\">\n                                    <a href=\"https:\/\/saccosystem.com\/de\/active-ingredients\/probiotika-fur-den-darm\/\">\n                                        Darmgesundheit                                    <\/a>\n                                <\/li>\n                                                            <li data-item=\"background-2\" data-bkg=\"https:\/\/saccosystem.com\/wp-content\/uploads\/2024\/11\/132-514390599-_0006_Immunehealth.jpg\">\n                                    <a href=\"https:\/\/saccosystem.com\/de\/active-ingredients\/probiotika-fuer-das-immunsystem\/\">\n                                        Immunsystem                                    <\/a>\n                                <\/li>\n                                                            <li data-item=\"background-3\" data-bkg=\"https:\/\/saccosystem.com\/wp-content\/uploads\/2024\/11\/130-498315294-_0000_Salutedellapelle.jpg\">\n                                    <a href=\"https:\/\/saccosystem.com\/de\/active-ingredients\/probiotika-fuer-die-hautgesundheit\/\">\n                                        Hautgesundheit                                    <\/a>\n                                <\/li>\n                                                            <li data-item=\"background-4\" data-bkg=\"https:\/\/saccosystem.com\/wp-content\/uploads\/2024\/11\/131-234178026-_0001_Salutedelledonne.jpg\">\n                                    <a href=\"https:\/\/saccosystem.com\/de\/active-ingredients\/probiotika-fuer-die-frauengesundheit\/\">\n                                        Frauengesundheit                                    <\/a>\n                                <\/li>\n                                                            <li data-item=\"background-5\" data-bkg=\"https:\/\/saccosystem.com\/wp-content\/uploads\/2024\/11\/136-1184766885-_0004_BambiniNeonati.jpg\">\n                                    <a href=\"https:\/\/saccosystem.com\/de\/active-ingredients\/probiotika-fuer-kinder-und-babys\/\">\n                                        Kinder und babys                                    <\/a>\n                                <\/li>\n                                                            <li data-item=\"background-6\" data-bkg=\"https:\/\/saccosystem.com\/wp-content\/uploads\/2024\/11\/135-194652234-_0009_Allergies.jpg\">\n                                    <a href=\"https:\/\/saccosystem.com\/de\/active-ingredients\/probiotika-bei-allergien\/\">\n                                        Allergien                                    <\/a>\n                                <\/li>\n                                                            <li data-item=\"background-7\" data-bkg=\"https:\/\/saccosystem.com\/wp-content\/uploads\/2024\/11\/129-20199651-_0008_Salutedelcavoorale.jpg\">\n                                    <a href=\"https:\/\/saccosystem.com\/de\/active-ingredients\/probiotika-fuer-die-mundgesundheit\/\">\n                                        Mundgesundheit                                    <\/a>\n                                <\/li>\n                                                            <li data-item=\"background-8\" data-bkg=\"https:\/\/saccosystem.com\/wp-content\/uploads\/2024\/11\/134-1281545275-_0003_Sport.jpg\">\n                                    <a href=\"https:\/\/saccosystem.com\/de\/active-ingredients\/probiotika-bei-sportlichen-aktivitaeten\/\">\n                                        Sportlichen aktivit\u00e4ten                                    <\/a>\n                                <\/li>\n                                                        <\/ul>\n                        <\/div>\n                    <\/div>\n                <\/div>\n            <\/div>\n            <\/div>\n<\/div>\n\n\n<div class=\"wp-block-group active-ingredients gradient-milk padding-top padding-bottom\"><div class=\"wp-block-group__inner-container is-layout-constrained wp-block-group-is-layout-constrained\"><div class=\"text-section no-margin-top no-margin-bottom\">\n    <div class=\"container\">\n            <div class=\"row\">\n            <div class=\"col-md-7 offset-md-1\">\n                <div class=\"intro-text\">\n                    <p>Culture Select<\/p>\n                <\/div>\n            <\/div>\n        <\/div>\n            <div class=\"row\">\n            <div class=\"col-md-5 offset-md-1\">\n                <p>Unser\u00a0<strong>CultureSelect-Portfolio<\/strong>\u00a0bietet eine gro\u00dfe Auswahl an\u00a0<strong>gut charakterisierten probiotischen St\u00e4mmen\u00a0<\/strong>mit gepr\u00fcfter Sicherheit, die unter h\u00f6chsten Qualit\u00e4tsstandards hergestellt werden, um Ihren Bed\u00fcrfnissen nachzukommen.<\/p>\n            <\/div>\n            <div class=\"col-md-5\">\n                <p><strong>CultureSelect ist eine flexible L\u00f6sung<\/strong>\u00a0zur Erstellung Ihrer einzigartigen Formulierungen, wobei jedes Produkt als\u00a0<strong>Einzelstamm-Inhaltsstoff<\/strong>\u00a0oder als<strong>\u00a0kundenspezifisches Pr\u00e4parat\u00a0<\/strong>erh\u00e4ltlich ist.<\/p>\n            <\/div>\n        <\/div>\n    <\/div>\n<\/div>\n\n\n<div class=\"wp-block-group container\"><div class=\"wp-block-group__inner-container is-layout-constrained wp-block-group-is-layout-constrained\">\n<div class=\"wp-block-group row\"><div class=\"wp-block-group__inner-container is-layout-constrained wp-block-group-is-layout-constrained\">\n<div class=\"wp-block-group col-md-10 offset-md-1\"><div class=\"wp-block-group__inner-container is-layout-constrained wp-block-group-is-layout-constrained\"><div class=\"table-alt no-margin-top no-margin-bottom\"\">\n    <div class=\"columns number-of-columns-2\">\n            <div class=\"column\">\n                            <div class=\"name\">\n                    Bi1                <\/div>\n                <div class=\"value\">\n                    Bifidobacterium animalis subsp. lactis                <\/div>\n                            <div class=\"name\">\n                    BLC1                <\/div>\n                <div class=\"value\">\n                    Bifidobacterium animalis subsp. lactis                <\/div>\n                            <div class=\"name\">\n                    SP 9                <\/div>\n                <div class=\"value\">\n                    Bifidobacterium bifidum                <\/div>\n                            <div class=\"name\">\n                    Bbr8                <\/div>\n                <div class=\"value\">\n                    Bifidobacterium breve                <\/div>\n                            <div class=\"name\">\n                    BL10                <\/div>\n                <div class=\"value\">\n                    Bifidobacterium breve                <\/div>\n                            <div class=\"name\">\n                    SP 37                <\/div>\n                <div class=\"value\">\n                    Bifidobacterium infantis                <\/div>\n                            <div class=\"name\">\n                    SP 54                <\/div>\n                <div class=\"value\">\n                    Bifidobacterium longum                <\/div>\n                            <div class=\"name\">\n                    SF95                <\/div>\n                <div class=\"value\">\n                    Enterococcus faecium                <\/div>\n                            <div class=\"name\">\n                    LA3                <\/div>\n                <div class=\"value\">\n                    Lactobacillus acidophilus                <\/div>\n                            <div class=\"name\">\n                    LA1                <\/div>\n                <div class=\"value\">\n                    Lactobacillus acidophilus                <\/div>\n                            <div class=\"name\">\n                    SP 48                <\/div>\n                <div class=\"value\">\n                    Lactobacillus brevis                <\/div>\n                            <div class=\"name\">\n                    LB2                <\/div>\n                <div class=\"value\">\n                    Lactobacillus bulgaricus                <\/div>\n                            <div class=\"name\">\n                    BGP93                <\/div>\n                <div class=\"value\">\n                    Lactobacillus casei                <\/div>\n                            <div class=\"name\">\n                    SP 28                <\/div>\n                <div class=\"value\">\n                    Lactobacillus crispatus                <\/div>\n                            <div class=\"name\">\n                    SP 60                <\/div>\n                <div class=\"value\">\n                    Lactobacillus crispatus                <\/div>\n                    <\/div>\n                <div class=\"column\">\n                            <div class=\"name\">\n                    CS57                <\/div>\n                <div class=\"value\">\n                    Lactobacillus fermentum                <\/div>\n                            <div class=\"name\">\n                    LF2                <\/div>\n                <div class=\"value\">\n                    Lactobacillus fermentum                <\/div>\n                            <div class=\"name\">\n                    SP 33                <\/div>\n                <div class=\"value\">\n                    Lactobacillus gasseri                <\/div>\n                            <div class=\"name\">\n                    SP 56                <\/div>\n                <div class=\"value\">\n                    Lactobacillus gasseri                <\/div>\n                            <div class=\"name\">\n                    SP 27                <\/div>\n                <div class=\"value\">\n                    Lactobacillus helveticus                <\/div>\n                            <div class=\"name\">\n                    LL 82                <\/div>\n                <div class=\"value\">\n                    Lactobacillus lactis                <\/div>\n                            <div class=\"name\">\n                    101\/37                <\/div>\n                <div class=\"value\">\n                    Lactobacillus paracasei                <\/div>\n                            <div class=\"name\">\n                    BGP 2                <\/div>\n                <div class=\"value\">\n                    Lactobacillus paracasei                <\/div>\n                            <div class=\"name\">\n                    14D                <\/div>\n                <div class=\"value\">\n                    Lactobacillus plantarum                <\/div>\n                            <div class=\"name\">\n                    LB931                <\/div>\n                <div class=\"value\">\n                    Lactobacillus plantarum                <\/div>\n                            <div class=\"name\">\n                    BG 112                <\/div>\n                <div class=\"value\">\n                    Lactobacillus plantarum                <\/div>\n                            <div class=\"name\">\n                    SP 2                <\/div>\n                <div class=\"value\">\n                    Lactobacillus salivarius                <\/div>\n                            <div class=\"name\">\n                    SP 38                <\/div>\n                <div class=\"value\">\n                    Lactococcus lactis                <\/div>\n                            <div class=\"name\">\n                    Z57                <\/div>\n                <div class=\"value\">\n                    Streptococcus thermophilus                <\/div>\n                            <div class=\"name\">\n                    SP 4                <\/div>\n                <div class=\"value\">\n                    Streptococcus thermophilus                <\/div>\n                    <\/div>\n        <\/div>\n<\/div><\/div><\/div>\n<\/div><\/div>\n<\/div><\/div>\n<\/div><\/div>\n","protected":false},"excerpt":{"rendered":"","protected":false},"author":1,"featured_media":0,"parent":0,"menu_order":0,"comment_status":"closed","ping_status":"closed","template":"","meta":{"_acf_changed":false,"footnotes":""},"class_list":["post-4734","page","type-page","status-publish","hentry"],"acf":[],"_links":{"self":[{"href":"https:\/\/saccosystem.com\/de\/wp-json\/wp\/v2\/pages\/4734","targetHints":{"allow":["GET"]}}],"collection":[{"href":"https:\/\/saccosystem.com\/de\/wp-json\/wp\/v2\/pages"}],"about":[{"href":"https:\/\/saccosystem.com\/de\/wp-json\/wp\/v2\/types\/page"}],"author":[{"embeddable":true,"href":"https:\/\/saccosystem.com\/de\/wp-json\/wp\/v2\/users\/1"}],"replies":[{"embeddable":true,"href":"https:\/\/saccosystem.com\/de\/wp-json\/wp\/v2\/comments?post=4734"}],"version-history":[{"count":2,"href":"https:\/\/saccosystem.com\/de\/wp-json\/wp\/v2\/pages\/4734\/revisions"}],"predecessor-version":[{"id":24895,"href":"https:\/\/saccosystem.com\/de\/wp-json\/wp\/v2\/pages\/4734\/revisions\/24895"}],"wp:attachment":[{"href":"https:\/\/saccosystem.com\/de\/wp-json\/wp\/v2\/media?parent=4734"}],"curies":[{"name":"wp","href":"https:\/\/api.w.org\/{rel}","templated":true}]}}