{"id":4726,"date":"2024-11-10T22:58:38","date_gmt":"2024-11-10T21:58:38","guid":{"rendered":"https:\/\/saccosystem.com\/?page_id=4726"},"modified":"2024-12-13T15:31:11","modified_gmt":"2024-12-13T14:31:11","slug":"microbiome","status":"publish","type":"page","link":"https:\/\/saccosystem.com\/de\/microbiome\/","title":{"rendered":"Microbiome"},"content":{"rendered":"<div class=\"title-style-1 has-video\">\n    <div class=\"background-video\">\n        <video width=\"1916\" height=\"1012\" preload=\"auto\" autoplay muted webkit-playsinline playsinline loop onloadedmetadata=\"this.muted = true\" fetchpriority=\"high\">\n            <source src=\"https:\/\/saccosystem.com\/wp-content\/uploads\/2024\/11\/Sacco-Microbiome-cover.mp4\" type=\"video\/mp4\">\n        <\/video>\n    <\/div>\n    <div class=\"container\">\n        <div class=\"row\">\n            <div class=\"col\">\n                <h1>\n                    Microbiome                <\/h1>\n            <\/div>\n        <\/div>\n    <\/div>\n<\/div>\n\n<div class=\"text-section\">\n    <div class=\"container\">\n            <div class=\"row\">\n            <div class=\"col-md-7 offset-md-1\">\n                <div class=\"intro-text\">\n                    <p>Die Geschichte von Sacco System im Bereich der Milchs\u00e4urebakterien (LAB) hat ihre Wurzeln im Jahr 1948, als Dr. Leo Vesely das Milk Experimental Centre gr\u00fcndete, ein Pionierunternehmen, das sich der Erforschung von Bakterien f\u00fcr die menschliche Gesundheit und die Ern\u00e4hrung von S\u00e4uglingen widmete.<\/p>\n                <\/div>\n            <\/div>\n        <\/div>\n            <div class=\"row\">\n            <div class=\"col-md-5 offset-md-1\">\n                <p>Heute sind wir das internationale Biotechnologiezentrum f\u00fcr den Lebensmittel-, Nutraceutical- und Pharmasektor. Sacco System ist in mehr als 110 L\u00e4ndern weltweit t\u00e4tig und verf\u00fcgt \u00fcber Fachwissen in der Entwicklung probiotischer Produkte und bietet wissenschaftlich fundierte eigene St\u00e4mme und ma\u00dfgeschneiderte Mischungen an, die den Bed\u00fcrfnissen der Verbraucher entsprechen.<\/p>\n            <\/div>\n            <div class=\"col-md-5\">\n                <p>Unser innovativer Ansatz deckt Produktion, Forschung und Entwicklung in den Bereichen Nahrungserg\u00e4nzungsmittel und Pharmazeutika ab und verf\u00fcgt \u00fcber vier Pilotanlagen, modernste Technologien und zwei GMP-zertifizierte Einrichtungen. Dieses Fachwissen geht \u00fcber das LAB hinaus und folgt den sich \u00e4ndernden Anforderungen des Marktes. Dazu geh\u00f6ren die Entwicklung, Prozessvalidierung und kommerzielle Produktion von Probiotika, Postbiotika, Bakterien der n\u00e4chsten Generation (aerobe und obligat anaerobe St\u00e4mme) und Biotherapeutika (BP).<\/p>\n            <\/div>\n        <\/div>\n    <\/div>\n<\/div>\n\n<div class=\"block learn-more with-background\" style=\"background: linear-gradient(rgba(0,0,0,0.2), rgba(0,0,0,0.2)), url(https:\/\/saccosystem.com\/wp-content\/uploads\/2024\/11\/SACCO-background.jpg) no-repeat center center; background-size: cover, cover;\">\n                <div class=\"container\">\n                <div class=\"row\">\n                <div class=\"col\">\n                                <h2>\n                    Mehr erfahren                <\/h2>\n                                                                                    <div class=\"list\">\n                                                    <div class=\"item\">\n                                        <a href=\"https:\/\/saccosystem.com\/wp-content\/uploads\/2024\/12\/catalogo_ACTIVEINGREDIENTS_DEF_2026.pdf\" target=\"_blank\">\n                                            <span class=\"title\">\n                                                <span class=\"icon\">\n                                                <svg width=\"32\" height=\"32\" viewBox=\"0 0 32 32\" fill=\"none\" xmlns=\"http:\/\/www.w3.org\/2000\/svg\"><mask id=\"mask0_1261_3218\" style=\"mask-type:alpha\" maskUnits=\"userSpaceOnUse\" x=\"0\" y=\"0\" width=\"32\" height=\"32\"><rect width=\"32\" height=\"32\" fill=\"#D9D9D9\"><\/rect><\/mask><g mask=\"url(#mask0_1261_3218)\"><path d=\"M10.923 14.9232H18.923V8.2565H10.923V14.9232ZM26 26.2565C26 26.9301 25.7667 27.5002 25.3 27.9668C24.8333 28.4335 24.2632 28.6668 23.5897 28.6668H8.41033C7.73678 28.6668 7.16667 28.4335 6.7 27.9668C6.23333 27.5002 6 26.9301 6 26.2565V5.74383C6 5.07027 6.23333 4.50016 6.7 4.0335C7.16667 3.56683 7.73678 3.3335 8.41033 3.3335H23.5897C24.2632 3.3335 24.8333 3.56683 25.3 4.0335C25.7667 4.50016 26 5.07027 26 5.74383V26.2565ZM24 26.2565V5.74383C24 5.64116 23.9572 5.54716 23.8717 5.46183C23.7863 5.37627 23.6923 5.3335 23.5897 5.3335H8.41033C8.30767 5.3335 8.21367 5.37627 8.12833 5.46183C8.04278 5.54716 8 5.64116 8 5.74383V26.2565C8 26.3592 8.04278 26.4532 8.12833 26.5385C8.21367 26.6241 8.30767 26.6668 8.41033 26.6668H23.5897C23.6923 26.6668 23.7863 26.6241 23.8717 26.5385C23.9572 26.4532 24 26.3592 24 26.2565Z\" fill=\"#FAFAFC\"><\/path><\/g><\/svg>                                                <\/span>\n                                                <span class=\"text\">\n                                                                                                        <span class=\"description\">\n                                                        Active Ingredients and Services                                                    <\/span>\n                                                <\/span>\n                                            <\/span>\n                                            <span class=\"action\">\n                                                                                                <span class=\"icon\">\n                                                    <svg width=\"24\" height=\"24\" viewBox=\"0 0 24 24\" fill=\"none\" xmlns=\"http:\/\/www.w3.org\/2000\/svg\">\n                                                        <mask id=\"mask0_1261_3199\" style=\"mask-type:alpha\" maskUnits=\"userSpaceOnUse\" x=\"0\" y=\"0\" width=\"24\" height=\"24\">\n                                                            <rect width=\"24\" height=\"24\" fill=\"#D9D9D9\"><\/rect>\n                                                        <\/mask>\n                                                        <g mask=\"url(#mask0_1261_3199)\">\n                                                            <path d=\"M12 15.7885L7.73075 11.5192L8.78475 10.4348L11.25 12.9V4.5H12.75V12.9L15.2153 10.4348L16.2693 11.5192L12 15.7885ZM6.30775 19.5C5.80258 19.5 5.375 19.325 5.025 18.975C4.675 18.625 4.5 18.1974 4.5 17.6923V14.9808H6V17.6923C6 17.7692 6.03208 17.8398 6.09625 17.9038C6.16025 17.9679 6.23075 18 6.30775 18H17.6923C17.7692 18 17.8398 17.9679 17.9038 17.9038C17.9679 17.8398 18 17.7692 18 17.6923V14.9808H19.5V17.6923C19.5 18.1974 19.325 18.625 18.975 18.975C18.625 19.325 18.1974 19.5 17.6923 19.5H6.30775Z\" fill=\"#FAFAFC\"><\/path>\n                                                        <\/g>\n                                                    <\/svg>\n                                                <\/span>\n                                                Download\n                                                                                            <\/span>\n                                        <\/a>\n                                    <\/div>\n                                            <\/div>\n                                                <\/div>\n                    <\/div>\n            <\/div>\n    <\/div>\n\n<div class=\"cards-cta\">\n    <div class=\"container\">\n        <div class=\"row\">\n            <div class=\"col\">\n                <h2>\n                    Unser Angebot                <\/h2>\n            <\/div>\n        <\/div>\n    <\/div>\n    <div class=\"card\" data-permalink=\"https:\/\/saccosystem.com\/de\/active-ingredients\/\">\n        <div class=\"text\">\n            <h3>\n                <a href=\"https:\/\/saccosystem.com\/de\/active-ingredients\/\" target=\"_self\">\n                    Active Ingredients                <\/a>\n            <\/h3>\n            <div class=\"description\">\n                <p>Unsere St\u00e4mme<\/p>\n                <p><\/p>                \n                <div class=\"cta\">\n                    <a href=\"https:\/\/saccosystem.com\/de\/active-ingredients\/\" target=\"_self\">\n                        Entdecken                    <\/a>\n                <\/div>\n            <\/div>\n        <\/div>\n        <div class=\"image\" style=\"background: rgba(0,0,0,1) url(https:\/\/saccosystem.com\/wp-content\/uploads\/2024\/12\/143-689914539-SACCOSYSTEM_MICROBIOME-COLTURE-SELECT.jpg) no-repeat center center; background-size: cover;\">\n            &nbsp;\n        <\/div>\n    <\/div>\n    <div class=\"card\" data-permalink=\"https:\/\/saccosystem.com\/de\/active-services\/\">\n        <div class=\"text\">\n            <h3>\n                <a href=\"https:\/\/saccosystem.com\/de\/active-services\/\" target=\"_self\">\n                    Active Services                <\/a>\n            <\/h3>\n            <div class=\"description\">\n                <p>Unsere Dienstleistungen<\/p>\n                <p><\/p>                \n                <div class=\"cta\">\n                    <a href=\"https:\/\/saccosystem.com\/de\/active-services\/\" target=\"_self\">\n                        Entdecken                    <\/a>\n                <\/div>\n            <\/div>\n        <\/div>\n        <div class=\"image\" style=\"background: rgba(0,0,0,1) url(https:\/\/saccosystem.com\/wp-content\/uploads\/2024\/11\/louis-reed-pwcKF7L4-no-unsplash.jpg) no-repeat center center; background-size: cover;\">\n            &nbsp;\n        <\/div>\n    <\/div>\n<\/div>","protected":false},"excerpt":{"rendered":"","protected":false},"author":1,"featured_media":0,"parent":0,"menu_order":2,"comment_status":"closed","ping_status":"closed","template":"","meta":{"_acf_changed":false,"footnotes":""},"class_list":["post-4726","page","type-page","status-publish","hentry"],"acf":[],"_links":{"self":[{"href":"https:\/\/saccosystem.com\/de\/wp-json\/wp\/v2\/pages\/4726","targetHints":{"allow":["GET"]}}],"collection":[{"href":"https:\/\/saccosystem.com\/de\/wp-json\/wp\/v2\/pages"}],"about":[{"href":"https:\/\/saccosystem.com\/de\/wp-json\/wp\/v2\/types\/page"}],"author":[{"embeddable":true,"href":"https:\/\/saccosystem.com\/de\/wp-json\/wp\/v2\/users\/1"}],"replies":[{"embeddable":true,"href":"https:\/\/saccosystem.com\/de\/wp-json\/wp\/v2\/comments?post=4726"}],"version-history":[{"count":0,"href":"https:\/\/saccosystem.com\/de\/wp-json\/wp\/v2\/pages\/4726\/revisions"}],"wp:attachment":[{"href":"https:\/\/saccosystem.com\/de\/wp-json\/wp\/v2\/media?parent=4726"}],"curies":[{"name":"wp","href":"https:\/\/api.w.org\/{rel}","templated":true}]}}