{"id":4701,"date":"2024-05-01T14:29:53","date_gmt":"2024-05-01T12:29:53","guid":{"rendered":"https:\/\/saccosystem.com\/?page_id=4701"},"modified":"2025-03-20T18:07:20","modified_gmt":"2025-03-20T17:07:20","slug":"food","status":"publish","type":"page","link":"https:\/\/saccosystem.com\/de\/food\/","title":{"rendered":"Food"},"content":{"rendered":"<div class=\"title-style-1 has-video\">\n    <div class=\"background-video\">\n        <video width=\"1920\" height=\"1080\" preload=\"auto\" autoplay muted webkit-playsinline playsinline loop onloadedmetadata=\"this.muted = true\" fetchpriority=\"high\">\n            <source src=\"https:\/\/saccosystem.com\/wp-content\/uploads\/2024\/11\/SACCO-SYSTEM-food-cover.mp4\" type=\"video\/mp4\">\n        <\/video>\n    <\/div>\n    <div class=\"container\">\n        <div class=\"row\">\n            <div class=\"col\">\n                <h1>\n                    Produkte und l\u00f6sungen f\u00fcr die lebensmittelindustrie\n                <\/h1>\n            <\/div>\n        <\/div>\n    <\/div>\n<\/div>\n\n<div class=\"text-section no-title\">\n    <div class=\"container\">\n            <div class=\"row\">\n            <div class=\"col-md-5 offset-md-1\">\n                <p>Produkte von Sacco System f\u00fcr die Lebensmittelindustrie: ein breites Sortiment an Milchs\u00e4urebakterien, Mikroorganismen, Probiotika und Enzymen, um die Ern\u00e4hrung und den Lebensstil zu verbessern.<\/p>\n            <\/div>\n            <div class=\"col-md-5\">\n                <p>Gesunde, nat\u00fcrliche und funktionelle Produkte,\u00a0diespezifisch\u00a0f\u00fcr die Produktion von\u00a0K\u00e4se, frischen und fermentierten Produkten, Wurstwaren, Fleisch, Fisch, Backwaren und fermentierten Getr\u00e4nken entwickelt wurden.<\/p>\n            <\/div>\n        <\/div>\n    <\/div>\n<\/div>\n\n<div class=\"applications block\">\n            <div class=\"container\">\n            <div class=\"row\">\n                <div class=\"col\">\n                    <h2>                        Anwendungen                    <\/h2>                <\/div>\n                <div class=\"col-md-8 text-end\">\n                                <\/div>\n            <\/div>\n        <\/div>\n                        <div class=\"animating-background\">\n            <div class=\"changing-backgrounds\">\n                <div>\n                                                    <div class=\"background background-1\" style=\"background: linear-gradient(90deg, rgba(0,0,0,0.20), rgba(0,0,0,0.20)), url(https:\/\/saccosystem.com\/wp-content\/uploads\/2024\/11\/SACCO-SYSTEM-prodotti-freschi.jpg) no-repeat center center; background-size: cover;\"><\/div>\n                                                                        <div class=\"background background-2\" style=\"background: linear-gradient(90deg, rgba(0,0,0,0.20), rgba(0,0,0,0.20)), url(https:\/\/saccosystem.com\/wp-content\/uploads\/2024\/11\/SACCO-SYSTEM-formaggi.jpg) no-repeat center center; background-size: cover;\"><\/div>\n                                                                        <div class=\"background background-3\" style=\"background: linear-gradient(90deg, rgba(0,0,0,0.20), rgba(0,0,0,0.20)), url(https:\/\/saccosystem.com\/wp-content\/uploads\/2024\/11\/SACCO-SYSTEM-carne-e-pesce.jpg) no-repeat center center; background-size: cover;\"><\/div>\n                                                                        <div class=\"background background-4\" style=\"background: linear-gradient(90deg, rgba(0,0,0,0.20), rgba(0,0,0,0.20)), url(https:\/\/saccosystem.com\/wp-content\/uploads\/2024\/11\/SACCO-SYSTEM-fermentati-di-origine-vegetale.jpg) no-repeat center center; background-size: cover;\"><\/div>\n                                                                        <div class=\"background background-5\" style=\"background: linear-gradient(90deg, rgba(0,0,0,0.20), rgba(0,0,0,0.20)), url(https:\/\/saccosystem.com\/wp-content\/uploads\/2024\/11\/SACCO-SYSTEM-piante-fermentate.jpg) no-repeat center center; background-size: cover;\"><\/div>\n                                                                        <div class=\"background background-6\" style=\"background: linear-gradient(90deg, rgba(0,0,0,0.20), rgba(0,0,0,0.20)), url(https:\/\/saccosystem.com\/wp-content\/uploads\/2024\/11\/SACCO-SYSTEM-bevande-fermentate.jpg) no-repeat center center; background-size: cover;\"><\/div>\n                                                                        <div class=\"background background-7\" style=\"background: linear-gradient(90deg, rgba(0,0,0,0.20), rgba(0,0,0,0.20)), url(https:\/\/saccosystem.com\/wp-content\/uploads\/2024\/11\/SACCO-SYSTEM-prodotti-da-forno.jpg) no-repeat center center; background-size: cover;\"><\/div>\n                                                    <\/div>\n                        <div class=\"container\">\n                    <div class=\"row\">\n                        <div class=\"col\">\n                            <ul>                                                                                        <li data-bkg=\"https:\/\/saccosystem.com\/wp-content\/uploads\/2024\/11\/SACCO-SYSTEM-prodotti-freschi.jpg\" data-item=background-1>\n                                    <a href=\"https:\/\/saccosystem.com\/de\/food\/frische-produkte\/\">\n                                        Frische Produkte                                    <\/a>\n                                <\/li>\n                                                                                                                    <li data-bkg=\"https:\/\/saccosystem.com\/wp-content\/uploads\/2024\/11\/SACCO-SYSTEM-formaggi.jpg\" data-item=background-2>\n                                    <a href=\"https:\/\/saccosystem.com\/de\/food\/kaese\/\">\n                                        K\u00e4sesorten                                    <\/a>\n                                <\/li>\n                                                                                                                    <li data-bkg=\"https:\/\/saccosystem.com\/wp-content\/uploads\/2024\/11\/SACCO-SYSTEM-carne-e-pesce.jpg\" data-item=background-3>\n                                    <a href=\"https:\/\/saccosystem.com\/de\/food\/fleisch-und-fisch\/\">\n                                        Fleisch und Fisch                                    <\/a>\n                                <\/li>\n                                                                                                                    <li data-bkg=\"https:\/\/saccosystem.com\/wp-content\/uploads\/2024\/11\/SACCO-SYSTEM-fermentati-di-origine-vegetale.jpg\" data-item=background-4>\n                                    <a href=\"https:\/\/saccosystem.com\/de\/food\/pflanzenbasierte-fermentierte-produkte\/\">\n                                        Fermente pflanzlichen Ursprungs                                    <\/a>\n                                <\/li>\n                                                                                                                    <li data-bkg=\"https:\/\/saccosystem.com\/wp-content\/uploads\/2024\/11\/SACCO-SYSTEM-piante-fermentate.jpg\" data-item=background-5>\n                                    <a href=\"https:\/\/saccosystem.com\/de\/food\/fermentierte-pflanzliche-produkte\/\">\n                                        Fermentiertes Gem\u00fcse                                    <\/a>\n                                <\/li>\n                                                                                                                    <li data-bkg=\"https:\/\/saccosystem.com\/wp-content\/uploads\/2024\/11\/SACCO-SYSTEM-bevande-fermentate.jpg\" data-item=background-6>\n                                    <a href=\"https:\/\/saccosystem.com\/de\/food\/fermentierte-getraenke\/\">\n                                        Fermentierte Getr\u00e4nke                                    <\/a>\n                                <\/li>\n                                                                                                                    <li data-bkg=\"https:\/\/saccosystem.com\/wp-content\/uploads\/2024\/11\/SACCO-SYSTEM-prodotti-da-forno.jpg\" data-item=background-7>\n                                    <a href=\"https:\/\/saccosystem.com\/de\/food\/backwaren\/\">\n                                        Backwaren                                    <\/a>\n                                <\/li>\n                                                                                    <\/ul>                                                    <\/div>\n                    <\/div>\n                <\/div>\n                    <\/div>\n        <\/div>\n            <\/div>\n\n<div class=\"ingredients-might-interest\">\n    <div class=\"ingredients-might-interest-header\">\n        <div class=\"container\">\n            <div class=\"row\">\n                <div class=\"col\">\n                    <div class=\"top\">\n                        <h3>\n                            Das k\u00f6nnte Sie interessieren                        <\/h3>\n                                                    <a href=\"https:\/\/saccosystem.com\/de\/food\/zutaten\/\">\n                                Entdecken Sie alle Zutaten                                <span class=\"icon\">\n                                    <svg width=\"24\" height=\"24\" viewBox=\"0 0 24 24\" fill=\"none\" xmlns=\"http:\/\/www.w3.org\/2000\/svg\">\n                                        <mask id=\"mask0_1128_11470\" style=\"mask-type:alpha\" maskUnits=\"userSpaceOnUse\" x=\"0\" y=\"0\" width=\"24\" height=\"24\">\n                                            <rect width=\"24\" height=\"24\" fill=\"#D9D9D9\" \/>\n                                        <\/mask>\n                                        <g mask=\"url(#mask0_1128_11470)\">\n                                            <path d=\"M14.8365 18.6636L13.7673 17.6194L18.6462 12.7404H2.5V11.2406H18.6558L13.7923 6.36163L14.8365 5.31738L21.5095 11.9906L14.8365 18.6636Z\" fill=\"#232429\" \/>\n                                        <\/g>\n                                    <\/svg>\n                                <\/span>\n                            <\/a>\n                                            <\/div>\n                <\/div>\n            <\/div>\n        <\/div>\n    <\/div>\n    <div class=\"ingredients-might-interest-body\">\n        <div class=\"container\">\n                        <div class=\"row posts\">\n                                <div class=\"col-lg-3\">\n                    <div class=\"item\" data-permalink=\"https:\/\/saccosystem.com\/de\/ingredients\/lab\/\"\">\n                        <div class=\"image\">\n                            <a href=\"https:\/\/saccosystem.com\/de\/ingredients\/lab\/\">\n                        <img loading=\"lazy\" decoding=\"async\" width=\"200\" height=\"200\" src=\"https:\/\/saccosystem.com\/wp-content\/uploads\/2024\/11\/Caglio.svg\" class=\"attachment-full size-full\" alt=\"\" \/>                            <\/a>\n                        <\/div>\n                        <h4>\n                            <a href=\"https:\/\/saccosystem.com\/de\/ingredients\/lab\/\">\n                                Lab                            <\/a>\n                        <\/h4>\n                        <div class=\"description\">\n                            <p>Lab ist eine Zutat, die bei der K\u00e4seherstellung zum Gerinnen der Milch verwendet wird und trennt den festen Teil (Quark) von dem fl\u00fcssigen Teil (Molke).<\/p>\n                        <\/div>\n                                                <div class=\"tags\">\n                            <ul>\n                        <li class=\"caglificio-clerici-de\">Caglificio Clerici<\/li>                            <\/ul>\n                        <\/div>\n                                            <\/div>\n                <\/div>\n                                <div class=\"col-lg-3\">\n                    <div class=\"item\" data-permalink=\"https:\/\/saccosystem.com\/de\/ingredients\/starter-milchsaeurebakterien\/\"\">\n                        <div class=\"image\">\n                            <a href=\"https:\/\/saccosystem.com\/de\/ingredients\/starter-milchsaeurebakterien\/\">\n                        <img loading=\"lazy\" decoding=\"async\" width=\"200\" height=\"201\" src=\"https:\/\/saccosystem.com\/wp-content\/uploads\/2024\/11\/Fermenti-Lattici-new.svg\" class=\"attachment-full size-full\" alt=\"\" \/>                            <\/a>\n                        <\/div>\n                        <h4>\n                            <a href=\"https:\/\/saccosystem.com\/de\/ingredients\/starter-milchsaeurebakterien\/\">\n                                Starter-Milchs\u00e4urebakterien                            <\/a>\n                        <\/h4>\n                        <div class=\"description\">\n                            <p>Milchs\u00e4urebakterien (besser &#8222;Milchbakterien&#8220;) sind Mikroorganismen, die durch einen katabolen Prozess (Fermentation) Laktose, den in der Milch und ihren Derivaten enthaltenen Zucker, abbauen und zu Milchs\u00e4ure umwandeln k\u00f6nnen.<\/p>\n                        <\/div>\n                                                <div class=\"tags\">\n                            <ul>\n                        <li class=\"sacco-de\">Sacco<\/li>                            <\/ul>\n                        <\/div>\n                                            <\/div>\n                <\/div>\n                                <div class=\"col-lg-3\">\n                    <div class=\"item\" data-permalink=\"https:\/\/saccosystem.com\/de\/ingredients\/laktase\/\"\">\n                        <div class=\"image\">\n                            <a href=\"https:\/\/saccosystem.com\/de\/ingredients\/laktase\/\">\n                        <img loading=\"lazy\" decoding=\"async\" width=\"200\" height=\"200\" src=\"https:\/\/saccosystem.com\/wp-content\/uploads\/2024\/11\/Lattasi-new.svg\" class=\"attachment-full size-full\" alt=\"\" \/>                            <\/a>\n                        <\/div>\n                        <h4>\n                            <a href=\"https:\/\/saccosystem.com\/de\/ingredients\/laktase\/\">\n                                Laktase                            <\/a>\n                        <\/h4>\n                        <div class=\"description\">\n                            <p>Laktase ist ein nat\u00fcrliches Enzym, das in den fr\u00fchen Stadien des S\u00e4ugetierlebens produziert wird und Laktose in zwei Monosaccharide (Glucose und Galactose) aufspaltet und deren kontrollierte Elimination oder Reduktion sicherstellt.<\/p>\n                        <\/div>\n                                                <div class=\"tags\">\n                            <ul>\n                        <li class=\"sacco-de\">Sacco<\/li>                            <\/ul>\n                        <\/div>\n                                            <\/div>\n                <\/div>\n                                <div class=\"col-lg-3\">\n                    <div class=\"item\" data-permalink=\"https:\/\/saccosystem.com\/de\/ingredients\/probiotika-fuer-die-lebensmittelbranche\/\"\">\n                        <div class=\"image\">\n                            <a href=\"https:\/\/saccosystem.com\/de\/ingredients\/probiotika-fuer-die-lebensmittelbranche\/\">\n                        <img loading=\"lazy\" decoding=\"async\" width=\"201\" height=\"200\" src=\"https:\/\/saccosystem.com\/wp-content\/uploads\/2024\/11\/Probiotici-per-il-Settore-Alimentare-new.svg\" class=\"attachment-full size-full\" alt=\"\" \/>                            <\/a>\n                        <\/div>\n                        <h4>\n                            <a href=\"https:\/\/saccosystem.com\/de\/ingredients\/probiotika-fuer-die-lebensmittelbranche\/\">\n                                Probiotika f\u00fcr die lebensmittelbranche                            <\/a>\n                        <\/h4>\n                        <div class=\"description\">\n                            <p>Probiotische Bakterien (aus dem Griechischen pro bios, &#8222;f\u00fcr das Leben&#8220;) sind eine spezifische Gruppe von Milchs\u00e4urebakterien, die eine wohltuende Wirkung auf den gesamten K\u00f6rper haben k\u00f6nnen, beginnend mit der Kolonisierung des Darms.<\/p>\n                        <\/div>\n                                                <div class=\"tags\">\n                            <ul>\n                        <li class=\"sacco-de\">Sacco<\/li>                            <\/ul>\n                        <\/div>\n                                            <\/div>\n                <\/div>\n                            <\/div>\n                    <\/div>\n    <\/div>\n<\/div>","protected":false},"excerpt":{"rendered":"","protected":false},"author":1,"featured_media":0,"parent":0,"menu_order":17,"comment_status":"closed","ping_status":"closed","template":"","meta":{"_acf_changed":false,"footnotes":""},"class_list":["post-4701","page","type-page","status-publish","hentry"],"acf":[],"_links":{"self":[{"href":"https:\/\/saccosystem.com\/de\/wp-json\/wp\/v2\/pages\/4701","targetHints":{"allow":["GET"]}}],"collection":[{"href":"https:\/\/saccosystem.com\/de\/wp-json\/wp\/v2\/pages"}],"about":[{"href":"https:\/\/saccosystem.com\/de\/wp-json\/wp\/v2\/types\/page"}],"author":[{"embeddable":true,"href":"https:\/\/saccosystem.com\/de\/wp-json\/wp\/v2\/users\/1"}],"replies":[{"embeddable":true,"href":"https:\/\/saccosystem.com\/de\/wp-json\/wp\/v2\/comments?post=4701"}],"version-history":[{"count":0,"href":"https:\/\/saccosystem.com\/de\/wp-json\/wp\/v2\/pages\/4701\/revisions"}],"wp:attachment":[{"href":"https:\/\/saccosystem.com\/de\/wp-json\/wp\/v2\/media?parent=4701"}],"curies":[{"name":"wp","href":"https:\/\/api.w.org\/{rel}","templated":true}]}}