{"id":4565,"date":"2024-11-10T23:09:43","date_gmt":"2024-11-10T22:09:43","guid":{"rendered":"https:\/\/saccosystem.com\/?page_id=4565"},"modified":"2026-03-17T17:04:44","modified_gmt":"2026-03-17T16:04:44","slug":"active-services","status":"publish","type":"page","link":"https:\/\/saccosystem.com\/de\/active-services\/","title":{"rendered":"Active Services"},"content":{"rendered":"\n<div class=\"title-style-2 gradient-microbiome no-margin-bottom\">\n            <div class=\"breadcrumbs style-2\">\n                <div class=\"container\">\n                    <div class=\"row\">\n                <div class=\"col\">\n                    <div class=\"pages\">\n                <span class=\"page parent\"><a href=\"https:\/\/saccosystem.com\/de\/microbiome\/\">Microbiome<\/a><span class=\"separator\">&gt;<\/span><\/span><span class=\"page current\">Active Services<\/span>                    <\/div>\n                <\/div>\n            <\/div>\n                <\/div>\n            <\/div>\n    <div class=\"container\">\n        <div class=\"row\">\n            <div class=\"col\">\n                <h1>\n                    Active Services                <\/h1>\n            <\/div>\n        <\/div>\n    <\/div>\n<\/div>\n\n\n<div class=\"table-section block no-margin-top no-margin-bottom\"\">\n    <div class=\"container\">\n                <div class=\"row\">\n            <div class=\"col-md-7 offset-md-1\">\n                <h3>\n                    Made for You                <\/h3>\n            <\/div>\n        <\/div>\n                        <div class=\"row\">\n            <div class=\"col-md-5 offset-md-1\">\n                <div class=\"description\">\n                    <p>Sacco System ist der Partner f\u00fcr alle Ihre Bed\u00fcrfnisse: w\u00e4hrend wir uns um die Forschung und Produktion k\u00fcmmern, k\u00f6nnen Sie sich auf Ihr Gesch\u00e4ft konzentrieren.<\/p>\n                <\/div>\n            <\/div>\n        <\/div>\n                            <div class=\"row\">\n                <div class=\"col-md-10 offset-md-1\">\n                    <div class=\"table-rows\">\n                                        <div class=\"item\">\n                        <div class=\"title\">\n                            Prozessentwicklung und -g\u00e4rung                        <\/div>\n                        <div class=\"description\">\n                            <p>Sacco System bietet eine vollst\u00e4ndige Palette an Dienstleistungen f\u00fcr die Entwicklung und die gro\u00df angelegte Produktion von Probiotika, Postbiotika und mikrobiellen Therapien f\u00fcr Unternehmen in der Nahrungserg\u00e4nzungs-, Biotech- und Pharmaindustrie.<\/p>\n<p>Unsere Kompetenzen umfassen die Entwicklung von Prozessen und Dossiers f\u00fcr aerobe und anaerobe St\u00e4mme:<\/p>\n<ul>\n<li>Screening und Optimierung von N\u00e4hrmedien<\/li>\n<li>Entwicklung und Validierung analytischer Methoden<\/li>\n<li>Vorbereitung und Validierung von Zellbanken (RCB, MCB und WCB)<\/li>\n<li>Prozessentwicklung und Skalierung auf industrielle Ebene<\/li>\n<li>Lyophilisation<\/li>\n<li>GMP-Produktion von der klinischen bis zur industriellen Gr\u00f6\u00dfe Stabilit\u00e4tsstudien<\/li>\n<\/ul>\n                        <\/div>\n                    <\/div>\n                                        <div class=\"item\">\n                        <div class=\"title\">\n                            Formulierung des Produkts                        <\/div>\n                        <div class=\"description\">\n                            <p>Unser Team f\u00fcr die Gesch\u00e4ftsentwicklung kann das Projekt von der Definition des wissenschaftlichen Grundes bis zur Wahl der am besten geeigneten pharmazeutischen Form abschlie\u00dfen, um die Markteinf\u00fchrung der Produkte unserer Partner zu beschleunigen.<\/p>\n                        <\/div>\n                    <\/div>\n                                        <div class=\"item\">\n                        <div class=\"title\">\n                            In vitro und in vivo-Tests                        <\/div>\n                        <div class=\"description\">\n                            <p>Der Markt verlangt zunehmend nach wissenschaftlich fundierten L\u00f6sungen.\u00a0 Sacco System hat ein engagiertes Team, das Ihnen hilft, den Wert Ihrer Produkte zu maximieren.\u00a0 Wir k\u00f6nnen Sie bei der Definition des Versuchsprojekts und der Charakterisierung Ihres Produkts in vitro oder durch klinische Studien unterst\u00fctzen.<\/p>\n                        <\/div>\n                    <\/div>\n                                        <div class=\"item\">\n                        <div class=\"title\">\n                            Marktexpansion                        <\/div>\n                        <div class=\"description\">\n                            <p>Wir k\u00f6nnen unseren Partnern helfen, neue M\u00e4rkte zu erschlie\u00dfen, indem wir eine breite Palette von Dienstleistungen anbieten, wie z. B. Marktanalysen, H\u00e4ndlersuche, H\u00e4ndlermanagement, Registrierungsunterst\u00fctzung, Branding- und Marketingstrategien, Kontakte zu externen Dienstleistern wie Laboren, Vertragsherstellern und \u00f6ffentlichen Beh\u00f6rden.<\/p>\n                        <\/div>\n                    <\/div>\n                                        <div class=\"item\">\n                        <div class=\"title\">\n                            Unterst\u00fctzung bei der Regulierung                        <\/div>\n                        <div class=\"description\">\n                            <p>Was auch immer Ihre Bed\u00fcrfnisse sind, vom Eintritt in neue M\u00e4rkte bis zur Vorbereitung des Dossiers f\u00fcr ein neues biotherapeutisches Mittel, bei Sacco System finden Sie ein Team von Experten zu Ihren Diensten.<\/p>\n                        <\/div>\n                    <\/div>\n                                        <div class=\"item\">\n                        <div class=\"title\">\n                            Molekularbiologie und Laboranalyse                        <\/div>\n                        <div class=\"description\">\n                            <p>Dank unserer jahrzehntelangen Erfahrung in der Mikrobiologie und einer umfangreichen internen Forschungs- und Entwicklungsabteilung sind wir in der Lage, verschiedene Tests im Nass- und Silikallabor durchzuf\u00fchren, um Ihre Produkte optimal zu charakterisieren und Ihren Anforderungen gerecht zu werden.<\/p>\n                        <\/div>\n                    <\/div>\n                                        <\/div>\n                <\/div>\n            <\/div>\n            <\/div>\n<\/div>\n\n<div class=\"table-section block gradient-milk\"\">\n    <div class=\"container\">\n                <div class=\"row\">\n            <div class=\"col-md-7 offset-md-1\">\n                <h3>\n                    Finished for You                <\/h3>\n            <\/div>\n        <\/div>\n                        <div class=\"row\">\n            <div class=\"col-md-5 offset-md-1\">\n                <div class=\"description\">\n                    <p>Ma\u00dfgeschneiderte L\u00f6sungen unserer Wirkstoffe in Form von Endprodukten, um Ihren Markt zu erweitern und das geistige Eigentum Ihrer Marke zu sch\u00fctzen.<\/p>\n                <\/div>\n            <\/div>\n        <\/div>\n                            <div class=\"row\">\n                <div class=\"col-md-10 offset-md-1\">\n                    <div class=\"table-rows\">\n                                        <div class=\"item\">\n                        <div class=\"title\">\n                            Tailor made solutions                        <\/div>\n                        <div class=\"description\">\n                            <p>Wir sind spezialisiert auf die <strong>Bereitstellung ma\u00dfgeschneiderter L\u00f6sungen<\/strong> f\u00fcr die nutrazeutische Industrie. Von der Idee bis zur Umsetzung arbeiten wir eng mit Unternehmen zusammen, um einzigartige, wissenschaftlich fundierte Formulierungen zu entwickeln, die auf jede spezifische Anforderung abgestimmt sind.<\/p>\n<p>Ein Expertenteam begleitet jede Phase, konzentriert sich auf Forschung, <strong>optimale Formulierung<\/strong> sowie technische und regulatorische Unterst\u00fctzung vor und nach der Markteinf\u00fchrung, um ein einzigartiges und vollst\u00e4ndig ma\u00dfgeschneidertes Produkt zu gew\u00e4hrleisten.<\/p>\n                        <\/div>\n                    <\/div>\n                                        <div class=\"item\">\n                        <div class=\"title\">\n                            White Label                        <\/div>\n                        <div class=\"description\">\n                            <p>Wir bieten <strong>fortschrittliche Multi-Action-Formulierungen<\/strong> an, um Marken bei der Expansion im Gesundheits- und Wellnessmarkt zu unterst\u00fctzen.<\/p>\n<p>Dank unserer Expertise und einer umfassenden Palette an Dienstleistungen liefern wir <strong>hochwertige probiotische Formulierungen<\/strong>, die mit wissenschaftlichen Beweisen auf h\u00f6chstem Niveau entwickelt und unterst\u00fctzt werden. Diese werden durch ein vollst\u00e4ndiges und <strong>individuell angepasstes Dossier erg\u00e4nzt<\/strong>, das einen schnellen Markteintritt erm\u00f6glicht.<\/p>\n                        <\/div>\n                    <\/div>\n                                        <\/div>\n                <\/div>\n            <\/div>\n            <\/div>\n<\/div>","protected":false},"excerpt":{"rendered":"","protected":false},"author":1,"featured_media":0,"parent":0,"menu_order":0,"comment_status":"closed","ping_status":"closed","template":"","meta":{"_acf_changed":false,"footnotes":""},"class_list":["post-4565","page","type-page","status-publish","hentry"],"acf":[],"_links":{"self":[{"href":"https:\/\/saccosystem.com\/de\/wp-json\/wp\/v2\/pages\/4565","targetHints":{"allow":["GET"]}}],"collection":[{"href":"https:\/\/saccosystem.com\/de\/wp-json\/wp\/v2\/pages"}],"about":[{"href":"https:\/\/saccosystem.com\/de\/wp-json\/wp\/v2\/types\/page"}],"author":[{"embeddable":true,"href":"https:\/\/saccosystem.com\/de\/wp-json\/wp\/v2\/users\/1"}],"replies":[{"embeddable":true,"href":"https:\/\/saccosystem.com\/de\/wp-json\/wp\/v2\/comments?post=4565"}],"version-history":[{"count":2,"href":"https:\/\/saccosystem.com\/de\/wp-json\/wp\/v2\/pages\/4565\/revisions"}],"predecessor-version":[{"id":24902,"href":"https:\/\/saccosystem.com\/de\/wp-json\/wp\/v2\/pages\/4565\/revisions\/24902"}],"wp:attachment":[{"href":"https:\/\/saccosystem.com\/de\/wp-json\/wp\/v2\/media?parent=4565"}],"curies":[{"name":"wp","href":"https:\/\/api.w.org\/{rel}","templated":true}]}}